{"id":519,"date":"2025-07-21T12:53:30","date_gmt":"2025-07-21T12:53:30","guid":{"rendered":"https:\/\/www.artguru.ai\/blogs-pt\/?page_id=519"},"modified":"2025-07-22T03:40:21","modified_gmt":"2025-07-22T03:40:21","slug":"pixel-art-upscaler","status":"publish","type":"page","link":"https:\/\/www.artguru.ai\/blogs-pt\/pixel-art-upscaler\/","title":{"rendered":"Aumentar pixel art"},"content":{"rendered":"\n<div class=\"wp-block-media-text alignwide has-media-on-the-right is-stacked-on-mobile\"><figure class=\"wp-block-media-text__media\"><img src=\"https:\/\/img.mbwpai.com\/www.artguru.ai\/sites\/37\/2025\/06\/25030717\/Pixel-Art-Upscaler.png\" alt=\"Aumentar pixel art\" class=\"wp-image-2821 size-full\" \/><\/figure><div class=\"wp-block-media-text__content\">\n<h1 class=\"has-text-align-left wp-block-heading\">Aumentar pixel art<\/h1>\n\n\n\n<p class=\"has-text-align-left\">Artguru aprimora e aumenta suas cria\u00e7\u00f5es de pixel art feitas com software de desenho, sem alterar o estilo original.<\/p>\n\n\n\n<div class=\"wp-container-69dcb32e1d58e wp-block-group\"><div class=\"wp-block-group__inner-container\">\n<div class=\"wp-container-69dcb32e1d565 wp-block-group\"><div class=\"wp-block-group__inner-container\">\n<div class=\"wp-block-buttons btnBox\">\n<div class=\"wp-block-button\"><a class=\"wp-block-button__link\" href=\"https:\/\/www.artguru.ai\/pt\/image-enhancer\/\">Aumente pixel art<\/a><\/div>\n<\/div>\n<\/div><\/div>\n<style>.wp-container-69dcb32e1d565 .alignleft { float: left; margin-right: 2em; }.wp-container-69dcb32e1d565 .alignright { float: right; margin-left: 2em; }<\/style><\/div><\/div>\n<style>.wp-container-69dcb32e1d58e .alignleft { float: left; margin-right: 2em; }.wp-container-69dcb32e1d58e .alignright { float: right; margin-left: 2em; }<\/style><\/div><\/div>\n\n\n\n<div class=\"wp-block-columns alignfull customizeList listBox has-white-color has-white-background-color has-text-color has-background\">\n<div class=\"wp-block-column has-black-color has-text-color has-background\" style=\"background-color:#f6efff\">\n<h5 class=\"wp-block-heading\"><img class=\"wp-image-1779\" style=\"width: 24px\" src=\"https:\/\/img.mbwpai.com\/www.artguru.ai\/sites\/37\/2024\/03\/06103915\/icon2.png\" alt=\"\"><strong>F\u00e1cil de usar<\/strong><\/h5>\n\n\n\n<p>N\u00e3o precisa saber editar imagens para usar nosso aprimorador de pixel art.<\/p>\n<\/div>\n\n\n\n<div class=\"wp-block-column has-black-color has-text-color has-background\" style=\"background-color:#f6efff\">\n<h5 class=\"wp-block-heading\"><img class=\"wp-image-1777\" style=\"width: 24px\" src=\"https:\/\/img.mbwpai.com\/www.artguru.ai\/sites\/37\/2024\/03\/06103914\/icon1.png\" alt=\"\"><strong>Perfeito em pixels<\/strong><\/h5>\n\n\n\n<p>A IA apenas melhora sua imagem sem mudar seu estilo art\u00edstico.<\/p>\n<\/div>\n\n\n\n<div class=\"wp-block-column has-black-color has-text-color has-background\" style=\"background-color:#f6efff\">\n<h5 class=\"wp-block-heading\"><img class=\"wp-image-1778\" style=\"width: 24px\" src=\"https:\/\/img.mbwpai.com\/www.artguru.ai\/sites\/37\/2024\/03\/06103915\/icon3.png\" alt=\"\"><strong><strong><strong><strong>Processamento grupo<\/strong><\/strong><\/strong><\/strong><\/h5>\n\n\n\n<p>Melhora v\u00e1rias imagens ao mesmo tempo para agilizar seu trabalho.<\/p>\n<\/div>\n\n\n\n<div class=\"wp-block-column has-black-color has-text-color has-background\" style=\"background-color:#f6efff\">\n<h5 class=\"wp-block-heading\"><img class=\"wp-image-1777\" style=\"width: 24px\" src=\"https:\/\/img.mbwpai.com\/www.artguru.ai\/sites\/37\/2025\/06\/04144527\/icon6.png\" alt=\"\"><strong><strong><strong><strong><strong><strong><strong><strong><strong>Seguro e confi\u00e1vel<\/strong><\/strong><\/strong><\/strong><\/strong><\/strong><\/strong><\/strong><\/strong><\/h5>\n\n\n\n<p>Suas imagens s\u00e3o protegidas com seguran\u00e7a m\u00e1xima e s\u00f3 voc\u00ea tem acesso a elas.<\/p>\n<\/div>\n<\/div>\n\n\n\n<div class=\"wp-block-media-text alignwide has-media-on-the-right is-stacked-on-mobile whiteBg\"><figure class=\"wp-block-media-text__media\"><img src=\"https:\/\/img.mbwpai.com\/www.artguru.ai\/sites\/37\/2025\/06\/25030711\/Increase-the-Clarify-of-Your-Pixel-Art-in-Seconds.png\" alt=\"Aumente a nitidez do seu pixel art em segundos\" class=\"wp-image-2819 size-full\" \/><\/figure><div class=\"wp-block-media-text__content\">\n<h2 class=\"has-text-align-left wp-block-heading\">Aumente a nitidez do seu pixel art em segundos<\/h2>\n\n\n\n<p class=\"has-text-align-left\">O <a href=\"https:\/\/www.artguru.ai\/pt\/image-enhancer\/\" target=\"_blank\" rel=\"noreferrer noopener\"><span style=\"color:#9b51e0\" class=\"tadv-color\">melhorador de imagem<\/span><\/a> com IA do Artguru trabalha diretamente no seu pixel art para prepar\u00e1-lo para uso em alta defini\u00e7\u00e3o. Ele melhora com precis\u00e3o as bordas de cada pixel, <a href=\"https:\/\/www.artguru.ai\/pt\/unblur-image\/\" target=\"_blank\" rel=\"noreferrer noopener\"><span style=\"color:#9b51e0\" class=\"tadv-color\">removes desfoque<\/span><\/a>, limpa manchas e preserva o estilo limpo e quadriculado que faz sua arte ser \u00fanica. Ao adicionar detalhes de forma inteligente sem alterar a ess\u00eancia do seu design original, o Artguru entrega rapidamente uma imagem n\u00edtida, pronta para seu jogo, tela ou impress\u00e3o.<\/p>\n\n\n\n<div class=\"wp-container-69dcb32e1d720 wp-block-group\"><div class=\"wp-block-group__inner-container\">\n<div class=\"wp-block-buttons is-content-justification-left btnBox\">\n<div class=\"wp-block-button\"><a class=\"wp-block-button__link\" href=\"https:\/\/www.artguru.ai\/pt\/image-enhancer\/\">Aumente pixel art<\/a><\/div>\n<\/div>\n<\/div><\/div>\n<style>.wp-container-69dcb32e1d720 .alignleft { float: left; margin-right: 2em; }.wp-container-69dcb32e1d720 .alignright { float: right; margin-left: 2em; }<\/style><\/div><\/div>\n\n\n\n<div class=\"wp-block-media-text alignwide is-stacked-on-mobile whiteBg space column-reverse\"><figure class=\"wp-block-media-text__media\"><img src=\"https:\/\/img.mbwpai.com\/www.artguru.ai\/sites\/37\/2025\/06\/25030714\/One-Click-to-Upscale-Your-Pixel-Art-with-Good-Quality.png\" alt=\"Um clique para aumentar sua pixel art com qualidade\" class=\"wp-image-2820 size-full\" \/><\/figure><div class=\"wp-block-media-text__content\">\n<h2 class=\"has-text-align-left\">Um clique para aumentar seu pixel art com qualidade<\/h2>\n\n\n\n<p class=\"has-text-align-left\"><span style=\"color:#000000\" class=\"tadv-color\">O melhorador de imagem do<\/span> Artguru \u00e9 f\u00e1cil para qualquer pessoa usar. Com apenas um clique, ele aumenta seu pixel art sem perder qualidade, podendo at\u00e9 melhor\u00e1-lo. Nossa IA cuida automaticamente do aumento e melhoria dos detalhes, criando uma imagem maior e mais n\u00edtida. Esque\u00e7a os ajustes complicados do <a href=\"https:\/\/www.artguru.ai\/blogs-pt\/how-to-increase-resolution-of-image-in-photoshop\/\" target=\"_blank\" rel=\"noreferrer noopener\"><span style=\"color:#9b51e0\" class=\"tadv-color\">Photoshop<\/span><\/a> e use uma ferramenta simples de um clique que mostra todo o charme do seu pixel art.<\/p>\n\n\n\n<div class=\"wp-container-69dcb32e1d7a6 wp-block-group\"><div class=\"wp-block-group__inner-container\">\n<div class=\"wp-block-buttons is-content-justification-left btnBox\">\n<div class=\"wp-block-button\"><a class=\"wp-block-button__link\" href=\"https:\/\/www.artguru.ai\/pt\/image-enhancer\/\">Aumente pixel art<\/a><\/div>\n<\/div>\n<\/div><\/div>\n<style>.wp-container-69dcb32e1d7a6 .alignleft { float: left; margin-right: 2em; }.wp-container-69dcb32e1d7a6 .alignright { float: right; margin-left: 2em; }<\/style><\/div><\/div>\n\n\n\n<h2>Como aumentar pixel art com Artguru?<\/h2>\n\n\n\n<p>Aumente seu pixel art em 3 passos r\u00e1pidos.<\/p>\n\n\n\n<div class=\"wp-block-columns alignfull customizeList has-text-color has-background\" style=\"background-color:#ffffff;color:#000000\">\n<div class=\"wp-block-column\">\n<div class=\"wp-block-image size-full\"><figure class=\"aligncenter size-full\"><img src=\"https:\/\/img.mbwpai.com\/www.artguru.ai\/sites\/37\/2025\/05\/09001240\/artguru-enhance-step1.jpg\" alt=\"Passo 1: Carregue sua pixel art\" class=\"wp-image-2253\" \/><\/figure><\/div>\n\n\n\n<p class=\"has-text-align-center has-text-color\" style=\"color:#9b5bbb\"><strong>Passo 1: Carregue pixel art<\/strong><\/p>\n\n\n\n<p class=\"has-text-align-center\">Arraste e solte seu arquivo ou escolha ele do seu computador.<\/p>\n<\/div>\n\n\n\n<div class=\"wp-block-column\">\n<div class=\"wp-block-image size-full\"><figure class=\"aligncenter size-full\"><img src=\"https:\/\/img.mbwpai.com\/www.artguru.ai\/sites\/37\/2025\/05\/09001241\/artguru-enhance-step2.jpg\" alt=\"Passo 2: Aumento com IA\" class=\"wp-image-2254\" \/><\/figure><\/div>\n\n\n\n<p class=\"has-text-align-center has-text-color\" style=\"color:#9b5bbb\"><strong>Passo 2: Aumentando com IA<\/strong><\/p>\n\n\n\n<p class=\"has-text-align-center\">Nosso melhorador de imagens com IA melhora a qualidade das suas imagens de forma r\u00e1pida e precisa.<\/p>\n<\/div>\n\n\n\n<div class=\"wp-block-column\">\n<div class=\"wp-block-image size-full\"><figure class=\"aligncenter size-full\"><img src=\"https:\/\/img.mbwpai.com\/www.artguru.ai\/sites\/37\/2025\/05\/09001238\/artguru-enhance-step3.jpg\" alt=\"Passo 3: Baixe\" class=\"wp-image-2252\" \/><\/figure><\/div>\n\n\n\n<p class=\"has-text-align-center has-text-color\" style=\"color:#9b5bbb\"><strong>Passo 3: Baix<\/strong>e<\/p>\n\n\n\n<p>Salve seu pixel art melhorada com alta nitidez e compartilhe quando quiser.<\/p>\n<\/div>\n<\/div>\n\n\n\n<div class=\"wp-block-buttons is-content-justification-center btnBox\">\n<div class=\"wp-block-button\"><a class=\"wp-block-button__link\" href=\"https:\/\/www.artguru.ai\/pt\/image-enhancer\/\">Aumente pixel art<\/a><\/div>\n<\/div>\n\n\n\n<div class=\"wp-container-69dcb32e1d968 wp-block-group faqBox\"><div class=\"wp-block-group__inner-container\">\n<h2 class=\"wp-block-heading\">D\u00favidas frequentes<\/h2>\n\n\n\n<div class=\"schema-faq wp-block-yoast-faq-block\"><div class=\"schema-faq-section\" id=\"faq-question-1684836961394\"><strong class=\"schema-faq-question\">1. Artguru vai mudar meu estilo art\u00edstico ou minhas cores?<\/strong> <p class=\"schema-faq-answer\">Como melhorador de imagens, nosso objetivo \u00e9 respeitar sua arte. A IA \u00e9 programada para manter a ess\u00eancia e a paleta de cores da sua arte original. Ela pode <a href=\"https:\/\/www.artguru.ai\/pt\/image-enhancer\/\" target=\"_blank\" rel=\"noreferrer noopener\"><span style=\"color:#9b51e0\" class=\"tadv-color\">melhorar qualidade da foto<\/span><\/a> para que seu pixel art fique perfeito em telas modernas, mas nunca tenta transformar seu pixel art em uma pintura ou mudar seu estilo \u00fanico. Seu estilo est\u00e1 sempre protegido conosco.<\/p> <\/div> <div class=\"schema-faq-section\" id=\"faq-question-1684837025108\"><strong class=\"schema-faq-question\">2. Quais tipos de arquivo posso usar?<\/strong> <p class=\"schema-faq-answer\">Voc\u00ea pode usar arquivos PNG, JPG e WebP. Para melhor qualidade, recomendamos usar PNG.<\/p> <\/div> <div class=\"schema-faq-section\" id=\"faq-question-1749196326059\"><strong class=\"schema-faq-question\">3. \u00c9 gratuito aumentar pixel art com Artguru?<\/strong> <p class=\"schema-faq-answer\">Sim, com os cr\u00e9ditos di\u00e1rios gratuitos do <a href=\"https:\/\/www.artguru.ai\/pt\" target=\"_blank\" rel=\"noreferrer noopener\"><span style=\"color:#9b51e0\" class=\"tadv-color\">Artguru<\/span><\/a><span style=\"color:#9b51e0\" class=\"tadv-color\">,<\/span> melhorar suas imagens n\u00e3o custa nada, s\u00f3 um pouquinho do seu tempo.<\/p> <\/div> <\/div>\n<\/div><\/div>\n<style>.wp-container-69dcb32e1d968 .alignleft { float: left; margin-right: 2em; }.wp-container-69dcb32e1d968 .alignright { float: right; margin-left: 2em; }<\/style>\n\n\n<h2>Explore mais ferramentas de IA<\/h2>\n\n\n\n<div class=\"wp-block-columns alignfull has-text-color has-background\" style=\"background-color:#ffffff;color:#000000\">\n<div class=\"wp-block-column\">\n<figure class=\"wp-block-image size-full\"><a href=\"https:\/\/www.artguru.ai\/pt\/ai-text-to-image-generator\/\" target=\"_blank\" rel=\"noopener\"><img loading=\"lazy\" width=\"342\" height=\"209\" src=\"https:\/\/img.mbwpai.com\/www.artguru.ai\/sites\/33\/2025\/02\/10100646\/artguru-text-to-image-banner.png\" alt=\"Gerador de imagens IA\" class=\"wp-image-112\" srcset=\"https:\/\/img.mbwpai.com\/www.artguru.ai\/sites\/33\/2025\/02\/10100646\/artguru-text-to-image-banner.png 342w, https:\/\/img.mbwpai.com\/www.artguru.ai\/sites\/33\/2025\/02\/10100646\/artguru-text-to-image-banner-300x183.png 300w\" sizes=\"(max-width: 342px) 100vw, 342px\" \/><\/a><\/figure>\n\n\n\n<h5 class=\"has-text-align-center wp-block-heading\"><a href=\"https:\/\/www.artguru.ai\/pt\/ai-text-to-image-generator\/\" target=\"_blank\" rel=\"noreferrer noopener\"><\/a><a href=\"https:\/\/www.artguru.ai\/pt\/ai-text-to-image-generator\/\" target=\"_blank\" rel=\"noreferrer noopener\">Gerador de imagens IA<\/a><\/h5>\n\n\n\n<p class=\"has-text-align-center\">Crie imagens geradas por IA a partir de texto em segundos.<\/p>\n<\/div>\n\n\n\n<div class=\"wp-block-column\">\n<figure class=\"wp-block-image size-large size-full\"><a href=\"https:\/\/www.artguru.ai\/pt\/background-remover\/\" target=\"_blank\" rel=\"noopener\"><img src=\"https:\/\/img.mbwpai.com\/www.artguru.ai\/sites\/36\/2025\/02\/10104512\/remove-bg-banner.png\" alt=\"Removedor de fundo de imagem\" \/><\/a><\/figure>\n\n\n\n<h5 class=\"has-text-align-center wp-block-heading\"><a href=\"https:\/\/www.artguru.ai\/pt\/background-remover\/\" target=\"_blank\" rel=\"noreferrer noopener\">Removedor de fundo de imagem<\/a><\/h5>\n\n\n\n<p class=\"has-text-align-center\">Remova fundos de imagens automaticamente com apenas um clique.<\/p>\n<\/div>\n\n\n\n<div class=\"wp-block-column\">\n<figure class=\"wp-block-image size-large\"><a href=\"https:\/\/www.artguru.ai\/pt\/remove-object-from-photo\/\" target=\"_blank\" rel=\"noopener\"><img src=\"https:\/\/img.mbwpai.com\/www.artguru.ai\/sites\/37\/2024\/11\/06103938\/artguru-ai-magic-eraser.png\" alt=\"Removedor de objetos\" \/><\/a><\/figure>\n\n\n\n<h5 class=\"has-text-align-center wp-block-heading\"><a href=\"https:\/\/www.artguru.ai\/pt\/remove-object-from-photo\/\" target=\"_blank\" rel=\"noreferrer noopener\"><\/a><a href=\"https:\/\/www.artguru.ai\/pt\/remove-object-from-photo\/\" target=\"_blank\" rel=\"noreferrer noopener\">Removedor de objetos<\/a><\/h5>\n\n\n\n<p class=\"has-text-align-center\">Remove objetos, pessoas ou texto indesejados das suas fotos.<\/p>\n<\/div>\n<\/div>\n","protected":false},"excerpt":{"rendered":"<p>F\u00e1cil de usar N\u00e3o precisa saber editar imagens para usar nosso aprimorador de pixel art. Perfeito em pixels A IA apenas melhora sua imagem sem mudar seu estilo art\u00edstico. Processamento grupo Melhora v\u00e1rias imagens ao mesmo tempo para agilizar seu trabalho. Seguro e confi\u00e1vel Suas imagens s\u00e3o protegidas com seguran\u00e7a m\u00e1xima e s\u00f3 voc\u00ea tem [&hellip;]<\/p>\n","protected":false},"author":3,"featured_media":0,"parent":0,"menu_order":0,"comment_status":"closed","ping_status":"closed","template":"customPage.php","meta":[],"yoast_head":"<!-- This site is optimized with the Yoast SEO plugin v17.4 - https:\/\/yoast.com\/wordpress\/plugins\/seo\/ -->\n<title>Aumentar pixel art gr\u00e1tis e online<\/title>\n<meta name=\"description\" content=\"Aumente pixel art de baixa para alta resolu\u00e7\u00e3o com o Artguru. Melhore personagens e jogos, elimine o desfoque e preserve o estilo original.\" \/>\n<meta name=\"robots\" content=\"index, follow, max-snippet:-1, max-image-preview:large, max-video-preview:-1\" \/>\n<link rel=\"canonical\" href=\"https:\/\/www.artguru.ai\/blogs-pt\/pixel-art-upscaler\/\" \/>\n<meta property=\"og:locale\" content=\"en_US\" \/>\n<meta property=\"og:type\" content=\"article\" \/>\n<meta property=\"og:title\" content=\"Aumentar pixel art gr\u00e1tis e online\" \/>\n<meta property=\"og:description\" content=\"Aumente pixel art de baixa para alta resolu\u00e7\u00e3o com o Artguru. Melhore personagens e jogos, elimine o desfoque e preserve o estilo original.\" \/>\n<meta property=\"og:url\" content=\"https:\/\/www.artguru.ai\/blogs-pt\/pixel-art-upscaler\/\" \/>\n<meta property=\"og:site_name\" content=\"www.artguru.ai\/blogs-pt\" \/>\n<meta property=\"article:modified_time\" content=\"2025-07-22T03:40:21+00:00\" \/>\n<meta property=\"og:image\" content=\"https:\/\/img.mbwpai.com\/www.artguru.ai\/sites\/37\/2025\/06\/25030717\/Pixel-Art-Upscaler.png\" \/>\n<meta name=\"twitter:card\" content=\"summary_large_image\" \/>\n<meta name=\"twitter:label1\" content=\"Est. reading time\" \/>\n\t<meta name=\"twitter:data1\" content=\"5 minutes\" \/>\n<script type=\"application\/ld+json\" class=\"yoast-schema-graph\">{\"@context\":\"https:\/\/schema.org\",\"@graph\":[{\"@type\":\"WebSite\",\"@id\":\"https:\/\/www.artguru.ai\/blogs-pt\/#website\",\"url\":\"https:\/\/www.artguru.ai\/blogs-pt\/\",\"name\":\"www.artguru.ai\/blogs-pt\",\"description\":\"Just another www.artguru.ai site\",\"potentialAction\":[{\"@type\":\"SearchAction\",\"target\":{\"@type\":\"EntryPoint\",\"urlTemplate\":\"https:\/\/www.artguru.ai\/blogs-pt\/?s={search_term_string}\"},\"query-input\":\"required name=search_term_string\"}],\"inLanguage\":\"en-US\"},{\"@type\":\"ImageObject\",\"@id\":\"https:\/\/www.artguru.ai\/blogs-pt\/pixel-art-upscaler\/#primaryimage\",\"inLanguage\":\"en-US\",\"url\":\"https:\/\/img.mbwpai.com\/www.artguru.ai\/sites\/37\/2025\/06\/25030717\/Pixel-Art-Upscaler.png\",\"contentUrl\":\"https:\/\/img.mbwpai.com\/www.artguru.ai\/sites\/37\/2025\/06\/25030717\/Pixel-Art-Upscaler.png\"},{\"@type\":[\"WebPage\",\"FAQPage\"],\"@id\":\"https:\/\/www.artguru.ai\/blogs-pt\/pixel-art-upscaler\/#webpage\",\"url\":\"https:\/\/www.artguru.ai\/blogs-pt\/pixel-art-upscaler\/\",\"name\":\"Aumentar pixel art gr\\u00e1tis e online\",\"isPartOf\":{\"@id\":\"https:\/\/www.artguru.ai\/blogs-pt\/#website\"},\"primaryImageOfPage\":{\"@id\":\"https:\/\/www.artguru.ai\/blogs-pt\/pixel-art-upscaler\/#primaryimage\"},\"datePublished\":\"2025-07-21T12:53:30+00:00\",\"dateModified\":\"2025-07-22T03:40:21+00:00\",\"description\":\"Aumente pixel art de baixa para alta resolu\\u00e7\\u00e3o com o Artguru. Melhore personagens e jogos, elimine o desfoque e preserve o estilo original.\",\"breadcrumb\":{\"@id\":\"https:\/\/www.artguru.ai\/blogs-pt\/pixel-art-upscaler\/#breadcrumb\"},\"mainEntity\":[{\"@id\":\"https:\/\/www.artguru.ai\/blogs-pt\/pixel-art-upscaler\/#faq-question-1684836961394\"},{\"@id\":\"https:\/\/www.artguru.ai\/blogs-pt\/pixel-art-upscaler\/#faq-question-1684837025108\"},{\"@id\":\"https:\/\/www.artguru.ai\/blogs-pt\/pixel-art-upscaler\/#faq-question-1749196326059\"}],\"inLanguage\":\"en-US\",\"potentialAction\":[{\"@type\":\"ReadAction\",\"target\":[\"https:\/\/www.artguru.ai\/blogs-pt\/pixel-art-upscaler\/\"]}]},{\"@type\":\"BreadcrumbList\",\"@id\":\"https:\/\/www.artguru.ai\/blogs-pt\/pixel-art-upscaler\/#breadcrumb\",\"itemListElement\":[{\"@type\":\"ListItem\",\"position\":1,\"name\":\"Blog\",\"item\":\"https:\/\/www.artguru.ai\/blogs-pt\/\"},{\"@type\":\"ListItem\",\"position\":2,\"name\":\"Aumentar pixel art\"}]},{\"@type\":\"Question\",\"@id\":\"https:\/\/www.artguru.ai\/blogs-pt\/pixel-art-upscaler\/#faq-question-1684836961394\",\"position\":1,\"url\":\"https:\/\/www.artguru.ai\/blogs-pt\/pixel-art-upscaler\/#faq-question-1684836961394\",\"name\":\"1. Artguru vai mudar meu estilo art\\u00edstico ou minhas cores?\",\"answerCount\":1,\"acceptedAnswer\":{\"@type\":\"Answer\",\"text\":\"Como melhorador de imagens, nosso objetivo \\u00e9 respeitar sua arte. A IA \\u00e9 programada para manter a ess\\u00eancia e a paleta de cores da sua arte original. Ela pode <a href=\\\"https:\/\/www.artguru.ai\/pt\/image-enhancer\/\\\" target=\\\"_blank\\\" rel=\\\"noreferrer noopener\\\">melhorar qualidade da foto<\/a> para que seu pixel art fique perfeito em telas modernas, mas nunca tenta transformar seu pixel art em uma pintura ou mudar seu estilo \\u00fanico. Seu estilo est\\u00e1 sempre protegido conosco.\",\"inLanguage\":\"en-US\"},\"inLanguage\":\"en-US\"},{\"@type\":\"Question\",\"@id\":\"https:\/\/www.artguru.ai\/blogs-pt\/pixel-art-upscaler\/#faq-question-1684837025108\",\"position\":2,\"url\":\"https:\/\/www.artguru.ai\/blogs-pt\/pixel-art-upscaler\/#faq-question-1684837025108\",\"name\":\"2. Quais tipos de arquivo posso usar?\",\"answerCount\":1,\"acceptedAnswer\":{\"@type\":\"Answer\",\"text\":\"Voc\\u00ea pode usar arquivos PNG, JPG e WebP. Para melhor qualidade, recomendamos usar PNG.\",\"inLanguage\":\"en-US\"},\"inLanguage\":\"en-US\"},{\"@type\":\"Question\",\"@id\":\"https:\/\/www.artguru.ai\/blogs-pt\/pixel-art-upscaler\/#faq-question-1749196326059\",\"position\":3,\"url\":\"https:\/\/www.artguru.ai\/blogs-pt\/pixel-art-upscaler\/#faq-question-1749196326059\",\"name\":\"3. \\u00c9 gratuito aumentar pixel art com Artguru?\",\"answerCount\":1,\"acceptedAnswer\":{\"@type\":\"Answer\",\"text\":\"Sim, com os cr\\u00e9ditos di\\u00e1rios gratuitos do <a href=\\\"https:\/\/www.artguru.ai\/pt\\\" target=\\\"_blank\\\" rel=\\\"noreferrer noopener\\\">Artguru<\/a>, melhorar suas imagens n\\u00e3o custa nada, s\\u00f3 um pouquinho do seu tempo.\",\"inLanguage\":\"en-US\"},\"inLanguage\":\"en-US\"}]}<\/script>\n<!-- \/ Yoast SEO plugin. -->","yoast_head_json":{"title":"Aumentar pixel art gr\u00e1tis e online","description":"Aumente pixel art de baixa para alta resolu\u00e7\u00e3o com o Artguru. Melhore personagens e jogos, elimine o desfoque e preserve o estilo original.","robots":{"index":"index","follow":"follow","max-snippet":"max-snippet:-1","max-image-preview":"max-image-preview:large","max-video-preview":"max-video-preview:-1"},"canonical":"https:\/\/www.artguru.ai\/blogs-pt\/pixel-art-upscaler\/","og_locale":"en_US","og_type":"article","og_title":"Aumentar pixel art gr\u00e1tis e online","og_description":"Aumente pixel art de baixa para alta resolu\u00e7\u00e3o com o Artguru. Melhore personagens e jogos, elimine o desfoque e preserve o estilo original.","og_url":"https:\/\/www.artguru.ai\/blogs-pt\/pixel-art-upscaler\/","og_site_name":"www.artguru.ai\/blogs-pt","article_modified_time":"2025-07-22T03:40:21+00:00","og_image":[{"url":"https:\/\/img.mbwpai.com\/www.artguru.ai\/sites\/37\/2025\/06\/25030717\/Pixel-Art-Upscaler.png"}],"twitter_card":"summary_large_image","twitter_misc":{"Est. reading time":"5 minutes"},"schema":{"@context":"https:\/\/schema.org","@graph":[{"@type":"WebSite","@id":"https:\/\/www.artguru.ai\/blogs-pt\/#website","url":"https:\/\/www.artguru.ai\/blogs-pt\/","name":"www.artguru.ai\/blogs-pt","description":"Just another www.artguru.ai site","potentialAction":[{"@type":"SearchAction","target":{"@type":"EntryPoint","urlTemplate":"https:\/\/www.artguru.ai\/blogs-pt\/?s={search_term_string}"},"query-input":"required name=search_term_string"}],"inLanguage":"en-US"},{"@type":"ImageObject","@id":"https:\/\/www.artguru.ai\/blogs-pt\/pixel-art-upscaler\/#primaryimage","inLanguage":"en-US","url":"https:\/\/img.mbwpai.com\/www.artguru.ai\/sites\/37\/2025\/06\/25030717\/Pixel-Art-Upscaler.png","contentUrl":"https:\/\/img.mbwpai.com\/www.artguru.ai\/sites\/37\/2025\/06\/25030717\/Pixel-Art-Upscaler.png"},{"@type":["WebPage","FAQPage"],"@id":"https:\/\/www.artguru.ai\/blogs-pt\/pixel-art-upscaler\/#webpage","url":"https:\/\/www.artguru.ai\/blogs-pt\/pixel-art-upscaler\/","name":"Aumentar pixel art gr\u00e1tis e online","isPartOf":{"@id":"https:\/\/www.artguru.ai\/blogs-pt\/#website"},"primaryImageOfPage":{"@id":"https:\/\/www.artguru.ai\/blogs-pt\/pixel-art-upscaler\/#primaryimage"},"datePublished":"2025-07-21T12:53:30+00:00","dateModified":"2025-07-22T03:40:21+00:00","description":"Aumente pixel art de baixa para alta resolu\u00e7\u00e3o com o Artguru. Melhore personagens e jogos, elimine o desfoque e preserve o estilo original.","breadcrumb":{"@id":"https:\/\/www.artguru.ai\/blogs-pt\/pixel-art-upscaler\/#breadcrumb"},"mainEntity":[{"@id":"https:\/\/www.artguru.ai\/blogs-pt\/pixel-art-upscaler\/#faq-question-1684836961394"},{"@id":"https:\/\/www.artguru.ai\/blogs-pt\/pixel-art-upscaler\/#faq-question-1684837025108"},{"@id":"https:\/\/www.artguru.ai\/blogs-pt\/pixel-art-upscaler\/#faq-question-1749196326059"}],"inLanguage":"en-US","potentialAction":[{"@type":"ReadAction","target":["https:\/\/www.artguru.ai\/blogs-pt\/pixel-art-upscaler\/"]}]},{"@type":"BreadcrumbList","@id":"https:\/\/www.artguru.ai\/blogs-pt\/pixel-art-upscaler\/#breadcrumb","itemListElement":[{"@type":"ListItem","position":1,"name":"Blog","item":"https:\/\/www.artguru.ai\/blogs-pt\/"},{"@type":"ListItem","position":2,"name":"Aumentar pixel art"}]},{"@type":"Question","@id":"https:\/\/www.artguru.ai\/blogs-pt\/pixel-art-upscaler\/#faq-question-1684836961394","position":1,"url":"https:\/\/www.artguru.ai\/blogs-pt\/pixel-art-upscaler\/#faq-question-1684836961394","name":"1. Artguru vai mudar meu estilo art\u00edstico ou minhas cores?","answerCount":1,"acceptedAnswer":{"@type":"Answer","text":"Como melhorador de imagens, nosso objetivo \u00e9 respeitar sua arte. A IA \u00e9 programada para manter a ess\u00eancia e a paleta de cores da sua arte original. Ela pode <a href=\"https:\/\/www.artguru.ai\/pt\/image-enhancer\/\" target=\"_blank\" rel=\"noreferrer noopener\">melhorar qualidade da foto<\/a> para que seu pixel art fique perfeito em telas modernas, mas nunca tenta transformar seu pixel art em uma pintura ou mudar seu estilo \u00fanico. Seu estilo est\u00e1 sempre protegido conosco.","inLanguage":"en-US"},"inLanguage":"en-US"},{"@type":"Question","@id":"https:\/\/www.artguru.ai\/blogs-pt\/pixel-art-upscaler\/#faq-question-1684837025108","position":2,"url":"https:\/\/www.artguru.ai\/blogs-pt\/pixel-art-upscaler\/#faq-question-1684837025108","name":"2. Quais tipos de arquivo posso usar?","answerCount":1,"acceptedAnswer":{"@type":"Answer","text":"Voc\u00ea pode usar arquivos PNG, JPG e WebP. Para melhor qualidade, recomendamos usar PNG.","inLanguage":"en-US"},"inLanguage":"en-US"},{"@type":"Question","@id":"https:\/\/www.artguru.ai\/blogs-pt\/pixel-art-upscaler\/#faq-question-1749196326059","position":3,"url":"https:\/\/www.artguru.ai\/blogs-pt\/pixel-art-upscaler\/#faq-question-1749196326059","name":"3. \u00c9 gratuito aumentar pixel art com Artguru?","answerCount":1,"acceptedAnswer":{"@type":"Answer","text":"Sim, com os cr\u00e9ditos di\u00e1rios gratuitos do <a href=\"https:\/\/www.artguru.ai\/pt\" target=\"_blank\" rel=\"noreferrer noopener\">Artguru<\/a>, melhorar suas imagens n\u00e3o custa nada, s\u00f3 um pouquinho do seu tempo.","inLanguage":"en-US"},"inLanguage":"en-US"}]}},"_links":{"self":[{"href":"https:\/\/www.artguru.ai\/blogs-pt\/wp-json\/wp\/v2\/pages\/519"}],"collection":[{"href":"https:\/\/www.artguru.ai\/blogs-pt\/wp-json\/wp\/v2\/pages"}],"about":[{"href":"https:\/\/www.artguru.ai\/blogs-pt\/wp-json\/wp\/v2\/types\/page"}],"author":[{"embeddable":true,"href":"https:\/\/www.artguru.ai\/blogs-pt\/wp-json\/wp\/v2\/users\/3"}],"replies":[{"embeddable":true,"href":"https:\/\/www.artguru.ai\/blogs-pt\/wp-json\/wp\/v2\/comments?post=519"}],"version-history":[{"count":8,"href":"https:\/\/www.artguru.ai\/blogs-pt\/wp-json\/wp\/v2\/pages\/519\/revisions"}],"predecessor-version":[{"id":528,"href":"https:\/\/www.artguru.ai\/blogs-pt\/wp-json\/wp\/v2\/pages\/519\/revisions\/528"}],"wp:attachment":[{"href":"https:\/\/www.artguru.ai\/blogs-pt\/wp-json\/wp\/v2\/media?parent=519"}],"curies":[{"name":"wp","href":"https:\/\/api.w.org\/{rel}","templated":true}]}}