{"id":206,"date":"2025-07-28T09:32:12","date_gmt":"2025-07-28T09:32:12","guid":{"rendered":"https:\/\/www.artguru.ai\/blogs-it\/?page_id=206"},"modified":"2025-07-28T09:32:14","modified_gmt":"2025-07-28T09:32:14","slug":"jpg-enhancer-and-upscaler","status":"publish","type":"page","link":"https:\/\/www.artguru.ai\/blogs-it\/jpg-enhancer-and-upscaler\/","title":{"rendered":"Migliorare e ingrandire JPG"},"content":{"rendered":"\n<div class=\"wp-block-media-text alignwide has-media-on-the-right is-stacked-on-mobile\"><figure class=\"wp-block-media-text__media\"><img src=\"https:\/\/img.mbwpai.com\/www.artguru.ai\/sites\/37\/2025\/06\/25043536\/Instantly-Enhance-your-JPGs-with-Ease.png\" alt=\"Migliorare e ingrandire JPG\" class=\"wp-image-2829 size-full\" \/><\/figure><div class=\"wp-block-media-text__content\">\n<h1 class=\"has-text-align-left wp-block-heading\">Migliorare e ingrandire JPG<\/h1>\n\n\n\n<p class=\"has-text-align-left\">I tuoi JPG sfocati e di piccole dimensioni possono essere rapidamente e semplicemente convertiti in versioni pi\u00f9 chiare e pi\u00f9 grandi con maggiori dettagli e migliore qualit\u00e0 utilizzando il Miglioratore e Ingranditore JPG di Artguru.<\/p>\n\n\n\n<div class=\"wp-container-69ee69f1b9703 wp-block-group\"><div class=\"wp-block-group__inner-container\">\n<div class=\"wp-container-69ee69f1b96d9 wp-block-group\"><div class=\"wp-block-group__inner-container\">\n<div class=\"wp-block-buttons btnBox\">\n<div class=\"wp-block-button\"><a class=\"wp-block-button__link\" href=\"https:\/\/www.artguru.ai\/it\/image-enhancer\/\">Migliora JPG ora<\/a><\/div>\n<\/div>\n<\/div><\/div>\n<style>.wp-container-69ee69f1b96d9 .alignleft { float: left; margin-right: 2em; }.wp-container-69ee69f1b96d9 .alignright { float: right; margin-left: 2em; }<\/style><\/div><\/div>\n<style>.wp-container-69ee69f1b9703 .alignleft { float: left; margin-right: 2em; }.wp-container-69ee69f1b9703 .alignright { float: right; margin-left: 2em; }<\/style><\/div><\/div>\n\n\n\n<div class=\"wp-block-columns alignfull customizeList listBox has-white-color has-white-background-color has-text-color has-background\">\n<div class=\"wp-block-column has-black-color has-text-color has-background\" style=\"background-color:#f6efff\">\n<h5 class=\"wp-block-heading\"><img class=\"wp-image-1779\" style=\"width: 24px\" src=\"https:\/\/img.mbwpai.com\/www.artguru.ai\/sites\/37\/2024\/03\/06103915\/icon2.png\" alt=\"\"><strong><strong><strong>Non serve registrarsi<\/strong><\/strong><\/strong><\/h5>\n\n\n\n<p>Inizia subito a migliorare le tue foto, senza bisogno di creare un account.<\/p>\n<\/div>\n\n\n\n<div class=\"wp-block-column has-black-color has-text-color has-background\" style=\"background-color:#f6efff\">\n<h5 class=\"wp-block-heading\"><img class=\"wp-image-1777\" style=\"width: 24px\" src=\"https:\/\/img.mbwpai.com\/www.artguru.ai\/sites\/37\/2024\/03\/06103914\/icon1.png\" alt=\"\"><strong>Veloce e semplice<\/strong><\/h5>\n\n\n\n<p>Basta un clic e in pochi secondi avrai le tue immagini migliorate.<\/p>\n<\/div>\n\n\n\n<div class=\"wp-block-column has-black-color has-text-color has-background\" style=\"background-color:#f6efff\">\n<h5 class=\"wp-block-heading\"><img class=\"wp-image-1778\" style=\"width: 24px\" src=\"https:\/\/img.mbwpai.com\/www.artguru.ai\/sites\/37\/2024\/03\/06103915\/icon3.png\" alt=\"\"><strong><strong><strong><strong>Elaborazione multipla<\/strong><\/strong><\/strong><\/strong><\/h5>\n\n\n\n<p>Risparmia tempo migliorando fino a 50 foto insieme.<\/p>\n<\/div>\n\n\n\n<div class=\"wp-block-column has-black-color has-text-color has-background\" style=\"background-color:#f6efff\">\n<h5 class=\"wp-block-heading\"><img class=\"wp-image-1777\" style=\"width: 24px\" src=\"https:\/\/img.mbwpai.com\/www.artguru.ai\/sites\/37\/2025\/06\/04144527\/icon6.png\" alt=\"\"><strong><strong><strong><strong><strong><strong><strong><strong><strong>Privacy garantita<\/strong><\/strong><\/strong><\/strong><\/strong><\/strong><\/strong><\/strong><\/strong><\/h5>\n\n\n\n<p>Le tue immagini sono conservate in totale sicurezza e solo tu puoi accedervi.<\/p>\n<\/div>\n<\/div>\n\n\n\n<div class=\"wp-block-media-text alignwide has-media-on-the-right is-stacked-on-mobile whiteBg\"><figure class=\"wp-block-media-text__media\"><img src=\"https:\/\/img.mbwpai.com\/www.artguru.ai\/sites\/37\/2025\/06\/25043538\/JPG-Enhancer-and-Upscaler.png\" alt=\"Migliora le tue foto in modo semplice e immediato\" class=\"wp-image-2830 size-full\" \/><\/figure><div class=\"wp-block-media-text__content\">\n<h2 class=\"has-text-align-left wp-block-heading\">Migliora le tue foto in modo semplice e immediato<\/h2>\n\n\n\n<p class=\"has-text-align-left\"><span style=\"color:#000000\" class=\"tadv-color\">Il miglioratore di foto di Artguru \u00e8 la tua migliore scelta per <\/span><a href=\"https:\/\/www.artguru.ai\/it\/image-enhancer\/\" target=\"_blank\" rel=\"noreferrer noopener\"><span style=\"color:#9b51e0\" class=\"tadv-color\">migliorare la qualit\u00e0 delle foto<\/span><\/a><span style=\"color:#000000\" class=\"tadv-color\"> JPG. Offriamo crediti giornalieri gratuiti, con i quali puoi migliorare i JPG senza costi ogni giorno. Inoltre, non sono necessarie competenze di editing perch\u00e9 il nostro miglioratore \u00e8 costruito con tecnologia AI avanzata, ed \u00e8 sempre la nostra priorit\u00e0 fornire JPG di alta qualit\u00e0 senza ritardi.<\/span><\/p>\n\n\n\n<div class=\"wp-container-69ee69f1b9871 wp-block-group\"><div class=\"wp-block-group__inner-container\">\n<div class=\"wp-block-buttons is-content-justification-left btnBox\">\n<div class=\"wp-block-button\"><a class=\"wp-block-button__link\" href=\"https:\/\/www.artguru.ai\/it\/image-enhancer\/\">Migliora JPG ora<\/a><\/div>\n<\/div>\n<\/div><\/div>\n<style>.wp-container-69ee69f1b9871 .alignleft { float: left; margin-right: 2em; }.wp-container-69ee69f1b9871 .alignright { float: right; margin-left: 2em; }<\/style><\/div><\/div>\n\n\n\n<div class=\"wp-block-media-text alignwide is-stacked-on-mobile whiteBg space column-reverse\"><figure class=\"wp-block-media-text__media\"><img src=\"https:\/\/img.mbwpai.com\/www.artguru.ai\/sites\/37\/2025\/06\/25043540\/Make-Your-JPGs-Bigger-and-Better.png\" alt=\"Ingrandisci le tue foto senza perdere qualit\u00e0\" class=\"wp-image-2831 size-full\" \/><\/figure><div class=\"wp-block-media-text__content\">\n<h2 class=\"has-text-align-left\">Ingrandisci le tue foto senza perdere qualit\u00e0<\/h2>\n\n\n\n<p class=\"has-text-align-left\">Se hai bisogno di ingrandire le tue immagini, usa lo strumento di Artguru per aumentarne le dimensioni fino a 4 volte, mantenendo o addirittura migliorando la qualit\u00e0 originale. Ideale per la stampa, per la visualizzazione su schermi grandi o per osservare i minimi dettagli. Dimentica le immagini sgranate e sfocate.<\/p>\n\n\n\n<div class=\"wp-container-69ee69f1b98f9 wp-block-group\"><div class=\"wp-block-group__inner-container\">\n<div class=\"wp-block-buttons is-content-justification-left btnBox\">\n<div class=\"wp-block-button\"><a class=\"wp-block-button__link\" href=\"https:\/\/www.artguru.ai\/it\/image-enhancer\/\">Ingrandisci le tue foto ora<\/a><\/div>\n<\/div>\n<\/div><\/div>\n<style>.wp-container-69ee69f1b98f9 .alignleft { float: left; margin-right: 2em; }.wp-container-69ee69f1b98f9 .alignright { float: right; margin-left: 2em; }<\/style><\/div><\/div>\n\n\n\n<div class=\"wp-block-media-text alignwide has-media-on-the-right is-stacked-on-mobile whiteBg\"><figure class=\"wp-block-media-text__media\"><img src=\"https:\/\/img.mbwpai.com\/www.artguru.ai\/sites\/37\/2025\/06\/25043542\/Unblur-and-Enhance-Text-in-JPG-Images.png\" alt=\"Rendi Nitido e Migliora il Testo nelle Immagini JPG\" class=\"wp-image-2832 size-full\" \/><\/figure><div class=\"wp-block-media-text__content\">\n<h2 class=\"has-text-align-left\">Rendi nitido e migliora il testo nelle immagini JPG<\/h2>\n\n\n\n<p class=\"has-text-align-left\"><span style=\"color:#000000\" class=\"tadv-color\">Il testo sfocato sta rovinando i tuoi screenshot e le tue grafiche. Il miglioratore di testo nelle immagini di Artguru risolve questo problema nitidificando il testo, rendendo ogni parola e numero nuovamente chiaramente riconoscibile. Non esitare a utilizzare questo strumento per migliorare i JPG basati su testo per i tuoi report, presentazioni o condivisione di informazioni.<\/span><\/p>\n\n\n\n<div class=\"wp-container-69ee69f1b9985 wp-block-group\"><div class=\"wp-block-group__inner-container\">\n<div class=\"wp-block-buttons is-content-justification-left btnBox\">\n<div class=\"wp-block-button\"><a class=\"wp-block-button__link\" href=\"https:\/\/www.artguru.ai\/it\/image-enhancer\/\">Migliora JPG ora<\/a><\/div>\n<\/div>\n<\/div><\/div>\n<style>.wp-container-69ee69f1b9985 .alignleft { float: left; margin-right: 2em; }.wp-container-69ee69f1b9985 .alignright { float: right; margin-left: 2em; }<\/style><\/div><\/div>\n\n\n\n<h2>Come migliorare e ingrandire le tue foto?<\/h2>\n\n\n\n<p>Ecco come migliorare le tue immagini in pochi semplici passaggi.<\/p>\n\n\n\n<div class=\"wp-block-columns alignfull customizeList has-text-color has-background\" style=\"background-color:#ffffff;color:#000000\">\n<div class=\"wp-block-column\">\n<div class=\"wp-block-image size-full\"><figure class=\"aligncenter size-full\"><img src=\"https:\/\/img.mbwpai.com\/www.artguru.ai\/sites\/37\/2025\/05\/09001240\/artguru-enhance-step1.jpg\" alt=\"Passaggio 1: Carica la tua foto\" class=\"wp-image-2253\" \/><\/figure><\/div>\n\n\n\n<p class=\"has-text-align-center has-text-color\" style=\"color:#9b5bbb\"><strong>Passaggio 1: Carica la tua foto<\/strong><\/p>\n\n\n\n<p class=\"has-text-align-center\">Carica l&#8217;immagine trascinandola sullo schermo o selezionandola dal tuo dispositivo.<\/p>\n<\/div>\n\n\n\n<div class=\"wp-block-column\">\n<div class=\"wp-block-image size-full\"><figure class=\"aligncenter size-full\"><img src=\"https:\/\/img.mbwpai.com\/www.artguru.ai\/sites\/37\/2025\/05\/09001241\/artguru-enhance-step2.jpg\" alt=\"Passaggio 2: Elaborazione automatica\" class=\"wp-image-2254\" \/><\/figure><\/div>\n\n\n\n<p class=\"has-text-align-center has-text-color\" style=\"color:#9b5bbb\"><strong>Passaggio 2: Elaborazione automatica<\/strong><\/p>\n\n\n\n<p class=\"has-text-align-center\">Il nostro sistema utilizza l&#8217;intelligenza artificiale per migliorare la qualit\u00e0 della tua immagine in pochi secondi.<\/p>\n<\/div>\n\n\n\n<div class=\"wp-block-column\">\n<div class=\"wp-block-image size-full\"><figure class=\"aligncenter size-full\"><img src=\"https:\/\/img.mbwpai.com\/www.artguru.ai\/sites\/37\/2025\/05\/09001238\/artguru-enhance-step3.jpg\" alt=\"Passaggio 3: Scarica\" class=\"wp-image-2252\" \/><\/figure><\/div>\n\n\n\n<p class=\"has-text-align-center has-text-color\" style=\"color:#9b5bbb\"><strong>Passaggio 3: Scarica<\/strong><\/p>\n\n\n\n<p class=\"has-text-align-center\">Quando sei soddisfatto del risultato, scarica la tua immagine migliorata in formato PNG.<\/p>\n<\/div>\n<\/div>\n\n\n\n<div class=\"wp-block-buttons is-content-justification-center btnBox\">\n<div class=\"wp-block-button\"><a class=\"wp-block-button__link\" href=\"https:\/\/www.artguru.ai\/it\/image-enhancer\/\">Migliora JPG ora<\/a><\/div>\n<\/div>\n\n\n\n<div class=\"wp-container-69ee69f1b9b58 wp-block-group faqBox\"><div class=\"wp-block-group__inner-container\">\n<h2 class=\"wp-block-heading\">Domande frequenti sullo strumento per migliorare le foto<\/h2>\n\n\n\n<div class=\"schema-faq wp-block-yoast-faq-block\"><div class=\"schema-faq-section\" id=\"faq-question-1684836961394\"><strong class=\"schema-faq-question\">1. Che tipo di immagini posso utilizzare?<\/strong> <p class=\"schema-faq-answer\">Il nostro strumento funziona con tutti i formati pi\u00f9 comuni di foto digitali: JPG, JPEG, PNG e WebP.<\/p> <\/div> <div class=\"schema-faq-section\" id=\"faq-question-1684837025108\"><strong class=\"schema-faq-question\">2. In quale formato otterr\u00f2 la mia foto dopo il miglioramento?<\/strong> <p class=\"schema-faq-answer\"><span style=\"color:#000000\" class=\"tadv-color\">Attualmente, il nostro miglioratore di immagini converte il tuo JPG in PNG per una migliore qualit\u00e0. Tuttavia, pianifichiamo di aggiungere pi\u00f9 formati di download, come JPG e WebP, in futuro.<\/span><\/p> <\/div> <\/div>\n<\/div><\/div>\n<style>.wp-container-69ee69f1b9b58 .alignleft { float: left; margin-right: 2em; }.wp-container-69ee69f1b9b58 .alignright { float: right; margin-left: 2em; }<\/style>\n\n\n<h2> Esplora altri strumenti IA <\/h2>\n\n\n\n<div class=\"wp-block-columns alignfull has-text-color has-background\" style=\"background-color:#ffffff;color:#000000\">\n<div class=\"wp-block-column\">\n<figure class=\"wp-block-image size-full\"><a href=\"https:\/\/www.artguru.ai\/it\/ai-text-to-image-generator\/\" target=\"_blank\" rel=\"noopener\"><img src=\"https:\/\/img.mbwpai.com\/www.artguru.ai\/sites\/37\/2025\/02\/08091057\/artguru-text-to-image-banner.png\" alt=\"Generatore di Immagini IA\" class=\"wp-image-1561\" \/><\/a><\/figure>\n\n\n\n<h5 class=\"has-text-align-center wp-block-heading\"><a href=\"https:\/\/www.artguru.ai\/it\/ai-text-to-image-generator\/\" target=\"_blank\" rel=\"noreferrer noopener\">Generatore di Immagini IA<\/a><\/h5>\n\n\n\n<p class=\"has-text-align-center\">Crea immagini generate dall&#8217;intelligenza artificiale partendo da descrizioni testuali.<\/p>\n<\/div>\n\n\n\n<div class=\"wp-block-column\">\n<figure class=\"wp-block-image size-full\"><a href=\"https:\/\/www.artguru.ai\/it\/background-remover\/\" target=\"_blank\" rel=\"noopener\"><img src=\"https:\/\/img.mbwpai.com\/www.artguru.ai\/sites\/37\/2025\/02\/08092021\/remove-bg-banner.png\" alt=\"Rimuovi lo sfondo dall'immagine\" class=\"wp-image-1576\" \/><\/a><\/figure>\n\n\n\n<h5 class=\"has-text-align-center wp-block-heading\"><a href=\"https:\/\/www.artguru.ai\/it\/background-remover\/\" target=\"_blank\" rel=\"noreferrer noopener\">Rimuovi lo sfondo dall&#8217;immagine<\/a><\/h5>\n\n\n\n<p class=\"has-text-align-center\">Rimuovi automaticamente lo sfondo delle immagini con un solo clic.<\/p>\n<\/div>\n\n\n\n<div class=\"wp-block-column\">\n<figure class=\"wp-block-image size-large\"><a href=\"https:\/\/www.artguru.ai\/it\/remove-object-from-photo\/\" target=\"_blank\" rel=\"noopener\"><img src=\"https:\/\/img.mbwpai.com\/www.artguru.ai\/sites\/37\/2024\/11\/06103938\/artguru-ai-magic-eraser.png\" alt=\"Rmuovi oggetti dalle foto\" \/><\/a><\/figure>\n\n\n\n<h5 class=\"has-text-align-center wp-block-heading\"><a href=\"https:\/\/www.artguru.ai\/it\/remove-object-from-photo\/\" target=\"_blank\" rel=\"noreferrer noopener\">Rmuovi oggetti dalle foto<\/a><\/h5>\n\n\n\n<p class=\"has-text-align-center\">Rimuovi oggetti, persone o testo indesiderati dalle tue foto.<\/p>\n<\/div>\n<\/div>\n","protected":false},"excerpt":{"rendered":"<p>Non serve registrarsi Inizia subito a migliorare le tue foto, senza bisogno di creare un account. Veloce e semplice Basta un clic e in pochi secondi avrai le tue immagini migliorate. Elaborazione multipla Risparmia tempo migliorando fino a 50 foto insieme. Privacy garantita Le tue immagini sono conservate in totale sicurezza e solo tu puoi [&hellip;]<\/p>\n","protected":false},"author":3,"featured_media":0,"parent":0,"menu_order":0,"comment_status":"closed","ping_status":"closed","template":"customPage.php","meta":[],"yoast_head":"<!-- This site is optimized with the Yoast SEO plugin v17.4 - https:\/\/yoast.com\/wordpress\/plugins\/seo\/ -->\n<title>Miglioratore JPG gratuito: ingrandisci e migliora la qualit\u00e0 JPG<\/title>\n<meta name=\"description\" content=\"Migliorare JPG sfocati con Artguru: ingrandisci, ripristina e ottieni immagini HD nitide con un clic.\" \/>\n<meta name=\"robots\" content=\"index, follow, max-snippet:-1, max-image-preview:large, max-video-preview:-1\" \/>\n<link rel=\"canonical\" href=\"https:\/\/www.artguru.ai\/blogs-it\/jpg-enhancer-and-upscaler\/\" \/>\n<meta property=\"og:locale\" content=\"en_US\" \/>\n<meta property=\"og:type\" content=\"article\" \/>\n<meta property=\"og:title\" content=\"Miglioratore JPG gratuito: ingrandisci e migliora la qualit\u00e0 JPG\" \/>\n<meta property=\"og:description\" content=\"Migliorare JPG sfocati con Artguru: ingrandisci, ripristina e ottieni immagini HD nitide con un clic.\" \/>\n<meta property=\"og:url\" content=\"https:\/\/www.artguru.ai\/blogs-it\/jpg-enhancer-and-upscaler\/\" \/>\n<meta property=\"og:site_name\" content=\"www.artguru.ai\/blogs-it\" \/>\n<meta property=\"article:modified_time\" content=\"2025-07-28T09:32:14+00:00\" \/>\n<meta property=\"og:image\" content=\"https:\/\/img.mbwpai.com\/www.artguru.ai\/sites\/37\/2025\/06\/25043536\/Instantly-Enhance-your-JPGs-with-Ease.png\" \/>\n<meta name=\"twitter:card\" content=\"summary_large_image\" \/>\n<meta name=\"twitter:label1\" content=\"Est. reading time\" \/>\n\t<meta name=\"twitter:data1\" content=\"5 minutes\" \/>\n<script type=\"application\/ld+json\" class=\"yoast-schema-graph\">{\"@context\":\"https:\/\/schema.org\",\"@graph\":[{\"@type\":\"WebSite\",\"@id\":\"https:\/\/www.artguru.ai\/blogs-it\/#website\",\"url\":\"https:\/\/www.artguru.ai\/blogs-it\/\",\"name\":\"www.artguru.ai\/blogs-it\",\"description\":\"Just another www.artguru.ai site\",\"potentialAction\":[{\"@type\":\"SearchAction\",\"target\":{\"@type\":\"EntryPoint\",\"urlTemplate\":\"https:\/\/www.artguru.ai\/blogs-it\/?s={search_term_string}\"},\"query-input\":\"required name=search_term_string\"}],\"inLanguage\":\"en-US\"},{\"@type\":\"ImageObject\",\"@id\":\"https:\/\/www.artguru.ai\/blogs-it\/jpg-enhancer-and-upscaler\/#primaryimage\",\"inLanguage\":\"en-US\",\"url\":\"https:\/\/img.mbwpai.com\/www.artguru.ai\/sites\/37\/2025\/06\/25043536\/Instantly-Enhance-your-JPGs-with-Ease.png\",\"contentUrl\":\"https:\/\/img.mbwpai.com\/www.artguru.ai\/sites\/37\/2025\/06\/25043536\/Instantly-Enhance-your-JPGs-with-Ease.png\"},{\"@type\":[\"WebPage\",\"FAQPage\"],\"@id\":\"https:\/\/www.artguru.ai\/blogs-it\/jpg-enhancer-and-upscaler\/#webpage\",\"url\":\"https:\/\/www.artguru.ai\/blogs-it\/jpg-enhancer-and-upscaler\/\",\"name\":\"Miglioratore JPG gratuito: ingrandisci e migliora la qualit\\u00e0 JPG\",\"isPartOf\":{\"@id\":\"https:\/\/www.artguru.ai\/blogs-it\/#website\"},\"primaryImageOfPage\":{\"@id\":\"https:\/\/www.artguru.ai\/blogs-it\/jpg-enhancer-and-upscaler\/#primaryimage\"},\"datePublished\":\"2025-07-28T09:32:12+00:00\",\"dateModified\":\"2025-07-28T09:32:14+00:00\",\"description\":\"Migliorare JPG sfocati con Artguru: ingrandisci, ripristina e ottieni immagini HD nitide con un clic.\",\"breadcrumb\":{\"@id\":\"https:\/\/www.artguru.ai\/blogs-it\/jpg-enhancer-and-upscaler\/#breadcrumb\"},\"mainEntity\":[{\"@id\":\"https:\/\/www.artguru.ai\/blogs-it\/jpg-enhancer-and-upscaler\/#faq-question-1684836961394\"},{\"@id\":\"https:\/\/www.artguru.ai\/blogs-it\/jpg-enhancer-and-upscaler\/#faq-question-1684837025108\"}],\"inLanguage\":\"en-US\",\"potentialAction\":[{\"@type\":\"ReadAction\",\"target\":[\"https:\/\/www.artguru.ai\/blogs-it\/jpg-enhancer-and-upscaler\/\"]}]},{\"@type\":\"BreadcrumbList\",\"@id\":\"https:\/\/www.artguru.ai\/blogs-it\/jpg-enhancer-and-upscaler\/#breadcrumb\",\"itemListElement\":[{\"@type\":\"ListItem\",\"position\":1,\"name\":\"Blog\",\"item\":\"https:\/\/www.artguru.ai\/blogs-it\/\"},{\"@type\":\"ListItem\",\"position\":2,\"name\":\"Migliorare e ingrandire JPG\"}]},{\"@type\":\"Question\",\"@id\":\"https:\/\/www.artguru.ai\/blogs-it\/jpg-enhancer-and-upscaler\/#faq-question-1684836961394\",\"position\":1,\"url\":\"https:\/\/www.artguru.ai\/blogs-it\/jpg-enhancer-and-upscaler\/#faq-question-1684836961394\",\"name\":\"1. Che tipo di immagini posso utilizzare?\",\"answerCount\":1,\"acceptedAnswer\":{\"@type\":\"Answer\",\"text\":\"Il nostro strumento funziona con tutti i formati pi\\u00f9 comuni di foto digitali: JPG, JPEG, PNG e WebP.\",\"inLanguage\":\"en-US\"},\"inLanguage\":\"en-US\"},{\"@type\":\"Question\",\"@id\":\"https:\/\/www.artguru.ai\/blogs-it\/jpg-enhancer-and-upscaler\/#faq-question-1684837025108\",\"position\":2,\"url\":\"https:\/\/www.artguru.ai\/blogs-it\/jpg-enhancer-and-upscaler\/#faq-question-1684837025108\",\"name\":\"2. In quale formato otterr\\u00f2 la mia foto dopo il miglioramento?\",\"answerCount\":1,\"acceptedAnswer\":{\"@type\":\"Answer\",\"text\":\"Attualmente, il nostro miglioratore di immagini converte il tuo JPG in PNG per una migliore qualit\\u00e0. Tuttavia, pianifichiamo di aggiungere pi\\u00f9 formati di download, come JPG e WebP, in futuro.\",\"inLanguage\":\"en-US\"},\"inLanguage\":\"en-US\"}]}<\/script>\n<!-- \/ Yoast SEO plugin. -->","yoast_head_json":{"title":"Miglioratore JPG gratuito: ingrandisci e migliora la qualit\u00e0 JPG","description":"Migliorare JPG sfocati con Artguru: ingrandisci, ripristina e ottieni immagini HD nitide con un clic.","robots":{"index":"index","follow":"follow","max-snippet":"max-snippet:-1","max-image-preview":"max-image-preview:large","max-video-preview":"max-video-preview:-1"},"canonical":"https:\/\/www.artguru.ai\/blogs-it\/jpg-enhancer-and-upscaler\/","og_locale":"en_US","og_type":"article","og_title":"Miglioratore JPG gratuito: ingrandisci e migliora la qualit\u00e0 JPG","og_description":"Migliorare JPG sfocati con Artguru: ingrandisci, ripristina e ottieni immagini HD nitide con un clic.","og_url":"https:\/\/www.artguru.ai\/blogs-it\/jpg-enhancer-and-upscaler\/","og_site_name":"www.artguru.ai\/blogs-it","article_modified_time":"2025-07-28T09:32:14+00:00","og_image":[{"url":"https:\/\/img.mbwpai.com\/www.artguru.ai\/sites\/37\/2025\/06\/25043536\/Instantly-Enhance-your-JPGs-with-Ease.png"}],"twitter_card":"summary_large_image","twitter_misc":{"Est. reading time":"5 minutes"},"schema":{"@context":"https:\/\/schema.org","@graph":[{"@type":"WebSite","@id":"https:\/\/www.artguru.ai\/blogs-it\/#website","url":"https:\/\/www.artguru.ai\/blogs-it\/","name":"www.artguru.ai\/blogs-it","description":"Just another www.artguru.ai site","potentialAction":[{"@type":"SearchAction","target":{"@type":"EntryPoint","urlTemplate":"https:\/\/www.artguru.ai\/blogs-it\/?s={search_term_string}"},"query-input":"required name=search_term_string"}],"inLanguage":"en-US"},{"@type":"ImageObject","@id":"https:\/\/www.artguru.ai\/blogs-it\/jpg-enhancer-and-upscaler\/#primaryimage","inLanguage":"en-US","url":"https:\/\/img.mbwpai.com\/www.artguru.ai\/sites\/37\/2025\/06\/25043536\/Instantly-Enhance-your-JPGs-with-Ease.png","contentUrl":"https:\/\/img.mbwpai.com\/www.artguru.ai\/sites\/37\/2025\/06\/25043536\/Instantly-Enhance-your-JPGs-with-Ease.png"},{"@type":["WebPage","FAQPage"],"@id":"https:\/\/www.artguru.ai\/blogs-it\/jpg-enhancer-and-upscaler\/#webpage","url":"https:\/\/www.artguru.ai\/blogs-it\/jpg-enhancer-and-upscaler\/","name":"Miglioratore JPG gratuito: ingrandisci e migliora la qualit\u00e0 JPG","isPartOf":{"@id":"https:\/\/www.artguru.ai\/blogs-it\/#website"},"primaryImageOfPage":{"@id":"https:\/\/www.artguru.ai\/blogs-it\/jpg-enhancer-and-upscaler\/#primaryimage"},"datePublished":"2025-07-28T09:32:12+00:00","dateModified":"2025-07-28T09:32:14+00:00","description":"Migliorare JPG sfocati con Artguru: ingrandisci, ripristina e ottieni immagini HD nitide con un clic.","breadcrumb":{"@id":"https:\/\/www.artguru.ai\/blogs-it\/jpg-enhancer-and-upscaler\/#breadcrumb"},"mainEntity":[{"@id":"https:\/\/www.artguru.ai\/blogs-it\/jpg-enhancer-and-upscaler\/#faq-question-1684836961394"},{"@id":"https:\/\/www.artguru.ai\/blogs-it\/jpg-enhancer-and-upscaler\/#faq-question-1684837025108"}],"inLanguage":"en-US","potentialAction":[{"@type":"ReadAction","target":["https:\/\/www.artguru.ai\/blogs-it\/jpg-enhancer-and-upscaler\/"]}]},{"@type":"BreadcrumbList","@id":"https:\/\/www.artguru.ai\/blogs-it\/jpg-enhancer-and-upscaler\/#breadcrumb","itemListElement":[{"@type":"ListItem","position":1,"name":"Blog","item":"https:\/\/www.artguru.ai\/blogs-it\/"},{"@type":"ListItem","position":2,"name":"Migliorare e ingrandire JPG"}]},{"@type":"Question","@id":"https:\/\/www.artguru.ai\/blogs-it\/jpg-enhancer-and-upscaler\/#faq-question-1684836961394","position":1,"url":"https:\/\/www.artguru.ai\/blogs-it\/jpg-enhancer-and-upscaler\/#faq-question-1684836961394","name":"1. Che tipo di immagini posso utilizzare?","answerCount":1,"acceptedAnswer":{"@type":"Answer","text":"Il nostro strumento funziona con tutti i formati pi\u00f9 comuni di foto digitali: JPG, JPEG, PNG e WebP.","inLanguage":"en-US"},"inLanguage":"en-US"},{"@type":"Question","@id":"https:\/\/www.artguru.ai\/blogs-it\/jpg-enhancer-and-upscaler\/#faq-question-1684837025108","position":2,"url":"https:\/\/www.artguru.ai\/blogs-it\/jpg-enhancer-and-upscaler\/#faq-question-1684837025108","name":"2. In quale formato otterr\u00f2 la mia foto dopo il miglioramento?","answerCount":1,"acceptedAnswer":{"@type":"Answer","text":"Attualmente, il nostro miglioratore di immagini converte il tuo JPG in PNG per una migliore qualit\u00e0. Tuttavia, pianifichiamo di aggiungere pi\u00f9 formati di download, come JPG e WebP, in futuro.","inLanguage":"en-US"},"inLanguage":"en-US"}]}},"_links":{"self":[{"href":"https:\/\/www.artguru.ai\/blogs-it\/wp-json\/wp\/v2\/pages\/206"}],"collection":[{"href":"https:\/\/www.artguru.ai\/blogs-it\/wp-json\/wp\/v2\/pages"}],"about":[{"href":"https:\/\/www.artguru.ai\/blogs-it\/wp-json\/wp\/v2\/types\/page"}],"author":[{"embeddable":true,"href":"https:\/\/www.artguru.ai\/blogs-it\/wp-json\/wp\/v2\/users\/3"}],"replies":[{"embeddable":true,"href":"https:\/\/www.artguru.ai\/blogs-it\/wp-json\/wp\/v2\/comments?post=206"}],"version-history":[{"count":7,"href":"https:\/\/www.artguru.ai\/blogs-it\/wp-json\/wp\/v2\/pages\/206\/revisions"}],"predecessor-version":[{"id":223,"href":"https:\/\/www.artguru.ai\/blogs-it\/wp-json\/wp\/v2\/pages\/206\/revisions\/223"}],"wp:attachment":[{"href":"https:\/\/www.artguru.ai\/blogs-it\/wp-json\/wp\/v2\/media?parent=206"}],"curies":[{"name":"wp","href":"https:\/\/api.w.org\/{rel}","templated":true}]}}