{"id":242,"date":"2025-07-28T09:25:50","date_gmt":"2025-07-28T09:25:50","guid":{"rendered":"https:\/\/www.artguru.ai\/blogs-fr\/?page_id=242"},"modified":"2025-07-28T09:25:57","modified_gmt":"2025-07-28T09:25:57","slug":"jpg-enhancer-and-upscaler","status":"publish","type":"page","link":"https:\/\/www.artguru.ai\/blogs-fr\/jpg-enhancer-and-upscaler\/","title":{"rendered":"Am\u00e9liorateur et agrandir JPG"},"content":{"rendered":"\n<div class=\"wp-block-media-text alignwide has-media-on-the-right is-stacked-on-mobile\"><figure class=\"wp-block-media-text__media\"><img src=\"https:\/\/img.mbwpai.com\/www.artguru.ai\/sites\/37\/2025\/06\/25043536\/Instantly-Enhance-your-JPGs-with-Ease.png\" alt=\"Am\u00e9liorateur et agrandir JPG\" class=\"wp-image-2829 size-full\" \/><\/figure><div class=\"wp-block-media-text__content\">\n<h1 class=\"has-text-align-left wp-block-heading\">Am\u00e9liorateur et agrandir JPG<\/h1>\n\n\n\n<p class=\"has-text-align-left\">Vos JPGs flous et de petite taille peuvent \u00eatre rapidement et simplement convertis en versions plus grandes, plus claires avec plus de d\u00e9tails et une meilleure qualit\u00e9 en utilisant l&#8217;Am\u00e9liorateur et Agrandisseur JPG d&#8217;Artguru.<\/p>\n\n\n\n<div class=\"wp-container-6a08f64758107 wp-block-group\"><div class=\"wp-block-group__inner-container\">\n<div class=\"wp-container-6a08f647580df wp-block-group\"><div class=\"wp-block-group__inner-container\">\n<div class=\"wp-block-buttons btnBox\">\n<div class=\"wp-block-button\"><a class=\"wp-block-button__link\" href=\"https:\/\/www.artguru.ai\/fr\/image-enhancer\/\">Am\u00e9liorer JPG maintenant<\/a><\/div>\n<\/div>\n<\/div><\/div>\n<style>.wp-container-6a08f647580df .alignleft { float: left; margin-right: 2em; }.wp-container-6a08f647580df .alignright { float: right; margin-left: 2em; }<\/style><\/div><\/div>\n<style>.wp-container-6a08f64758107 .alignleft { float: left; margin-right: 2em; }.wp-container-6a08f64758107 .alignright { float: right; margin-left: 2em; }<\/style><\/div><\/div>\n\n\n\n<div class=\"wp-block-columns alignfull customizeList listBox has-white-color has-white-background-color has-text-color has-background\">\n<div class=\"wp-block-column has-black-color has-text-color has-background\" style=\"background-color:#f6efff\">\n<h5 class=\"wp-block-heading\"><img class=\"wp-image-1779\" style=\"width: 24px\" src=\"https:\/\/img.mbwpai.com\/www.artguru.ai\/sites\/37\/2024\/03\/06103915\/icon2.png\" alt=\"\"><strong><strong><strong>Pas besoin de compte<\/strong><\/strong><\/strong><\/h5>\n\n\n\n<p>Commencez \u00e0 am\u00e9liorer vos photos imm\u00e9diatement, sans cr\u00e9ation de compte.<\/p>\n<\/div>\n\n\n\n<div class=\"wp-block-column has-black-color has-text-color has-background\" style=\"background-color:#f6efff\">\n<h5 class=\"wp-block-heading\"><img class=\"wp-image-1777\" style=\"width: 24px\" src=\"https:\/\/img.mbwpai.com\/www.artguru.ai\/sites\/37\/2024\/03\/06103914\/icon1.png\" alt=\"\"><strong>Simple et rapide<\/strong><\/h5>\n\n\n\n<p>Un seul clic suffit, et vos photos seront am\u00e9lior\u00e9es en quelques secondes.<\/p>\n<\/div>\n\n\n\n<div class=\"wp-block-column has-black-color has-text-color has-background\" style=\"background-color:#f6efff\">\n<h5 class=\"wp-block-heading\"><img class=\"wp-image-1778\" style=\"width: 24px\" src=\"https:\/\/img.mbwpai.com\/www.artguru.ai\/sites\/37\/2024\/03\/06103915\/icon3.png\" alt=\"\"><strong><strong><strong><strong>Traitement multiple<\/strong><\/strong><\/strong><\/strong><\/h5>\n\n\n\n<p>Gagnez du temps en am\u00e9liorant jusqu&#8217;\u00e0 50 photos en m\u00eame temps.<\/p>\n<\/div>\n\n\n\n<div class=\"wp-block-column has-black-color has-text-color has-background\" style=\"background-color:#f6efff\">\n<h5 class=\"wp-block-heading\"><img class=\"wp-image-1777\" style=\"width: 24px\" src=\"https:\/\/img.mbwpai.com\/www.artguru.ai\/sites\/37\/2025\/06\/04144527\/icon6.png\" alt=\"\"><strong><strong><strong><strong><strong><strong><strong><strong><strong>Donn\u00e9es prot\u00e9g\u00e9es<\/strong><\/strong><\/strong><\/strong><\/strong><\/strong><\/strong><\/strong><\/strong><\/h5>\n\n\n\n<p>Toutes vos images sont conserv\u00e9es en ligne de fa\u00e7on s\u00e9curis\u00e9e et restent accessibles uniquement par vous.<\/p>\n<\/div>\n<\/div>\n\n\n\n<div class=\"wp-block-media-text alignwide has-media-on-the-right is-stacked-on-mobile whiteBg\"><figure class=\"wp-block-media-text__media\"><img src=\"https:\/\/img.mbwpai.com\/www.artguru.ai\/sites\/37\/2025\/06\/25043538\/JPG-Enhancer-and-Upscaler.png\" alt=\"Instantly Enhance your JPGs with Ease\" class=\"wp-image-2830 size-full\" \/><\/figure><div class=\"wp-block-media-text__content\">\n<h2 class=\"has-text-align-left wp-block-heading\">Am\u00e9liorez instantan\u00e9ment vos JPGs avec facilit\u00e9<\/h2>\n\n\n\n<p class=\"has-text-align-left\"><a href=\"https:\/\/www.artguru.ai\/fr\/image-enhancer\/\" target=\"_blank\" rel=\"noreferrer noopener\"><span style=\"color:#9b51e0\" class=\"tadv-color\">L&#8217;am\u00e9liorateur de photos<\/span><\/a> d&#8217;Artguru est votre meilleur choix pour am\u00e9liorer la qualit\u00e9 de vos photos JPG. Nous offrons des cr\u00e9dits quotidiens gratuits, avec lesquels vous pouvez am\u00e9liorer des JPGs sans frais chaque jour. De plus, aucune comp\u00e9tence en \u00e9dition n&#8217;est n\u00e9cessaire car notre am\u00e9liorateur est construit avec une technologie d&#8217;IA avanc\u00e9e, et c&#8217;est toujours notre priorit\u00e9 de livrer des JPGs de haute qualit\u00e9 sans d\u00e9lai.<\/p>\n\n\n\n<div class=\"wp-container-6a08f64758263 wp-block-group\"><div class=\"wp-block-group__inner-container\">\n<div class=\"wp-block-buttons is-content-justification-left btnBox\">\n<div class=\"wp-block-button\"><a class=\"wp-block-button__link\" href=\"https:\/\/www.artguru.ai\/fr\/image-enhancer\/\">Am\u00e9liorer JPG maintenant<\/a><\/div>\n<\/div>\n<\/div><\/div>\n<style>.wp-container-6a08f64758263 .alignleft { float: left; margin-right: 2em; }.wp-container-6a08f64758263 .alignright { float: right; margin-left: 2em; }<\/style><\/div><\/div>\n\n\n\n<div class=\"wp-block-media-text alignwide is-stacked-on-mobile whiteBg space column-reverse\"><figure class=\"wp-block-media-text__media\"><img src=\"https:\/\/img.mbwpai.com\/www.artguru.ai\/sites\/37\/2025\/06\/25043540\/Make-Your-JPGs-Bigger-and-Better.png\" alt=\"Make Your JPGs Bigger and Better\" class=\"wp-image-2831 size-full\" \/><\/figure><div class=\"wp-block-media-text__content\">\n<h2 class=\"has-text-align-left\">Agrandissez vos photos sans perte de qualit\u00e9<\/h2>\n\n\n\n<p class=\"has-text-align-left\">Besoin d&#8217;une version plus grande de vos images ? L&#8217;outil d&#8217;agrandissement d&#8217;Artguru permet de multiplier la taille de vos photos jusqu&#8217;\u00e0 4 fois, tout en pr\u00e9servant ou m\u00eame en am\u00e9liorant leur qualit\u00e9. Id\u00e9al pour l&#8217;impression, l&#8217;affichage sur grands \u00e9crans ou l&#8217;observation des plus petits d\u00e9tails. Fini les images floues et granuleuses.<\/p>\n\n\n\n<div class=\"wp-container-6a08f647582e9 wp-block-group\"><div class=\"wp-block-group__inner-container\">\n<div class=\"wp-block-buttons is-content-justification-left btnBox\">\n<div class=\"wp-block-button\"><a class=\"wp-block-button__link\" href=\"https:\/\/www.artguru.ai\/fr\/image-enhancer\/\">Am\u00e9liorer JPG maintenant<\/a><\/div>\n<\/div>\n<\/div><\/div>\n<style>.wp-container-6a08f647582e9 .alignleft { float: left; margin-right: 2em; }.wp-container-6a08f647582e9 .alignright { float: right; margin-left: 2em; }<\/style><\/div><\/div>\n\n\n\n<div class=\"wp-block-media-text alignwide has-media-on-the-right is-stacked-on-mobile whiteBg\"><figure class=\"wp-block-media-text__media\"><img src=\"https:\/\/img.mbwpai.com\/www.artguru.ai\/sites\/37\/2025\/06\/25043542\/Unblur-and-Enhance-Text-in-JPG-Images.png\" alt=\"Unblur and Enhance Text in JPG Images\" class=\"wp-image-2832 size-full\" \/><\/figure><div class=\"wp-block-media-text__content\">\n<h2 class=\"has-text-align-left wp-block-heading\">D\u00e9floutez et am\u00e9liorez le texte dans les images JPG<\/h2>\n\n\n\n<p class=\"has-text-align-left\">Le texte flou ruine vos captures d&#8217;\u00e9cran et vos graphiques. <a href=\"https:\/\/www.artguru.ai\/blogs\/image-text-enhancer\/\" target=\"_blank\" rel=\"noreferrer noopener\"><span style=\"color:#9b51e0\" class=\"tadv-color\">L&#8217;am\u00e9liorateur de texte d&#8217;imagee<\/span><\/a> d&#8217;Artguru r\u00e9sout ce probl\u00e8me en accentuant le texte, rendant chaque mot et nombre clairement reconnaissable \u00e0 nouveau. N&#8217;h\u00e9sitez pas \u00e0 utiliser cet outil pour am\u00e9liorer les JPGs contenant du texte pour vos rapports, pr\u00e9sentations, ou partage d&#8217;informations.<\/p>\n\n\n\n<div class=\"wp-container-6a08f64758366 wp-block-group\"><div class=\"wp-block-group__inner-container\">\n<div class=\"wp-block-buttons is-content-justification-left btnBox\">\n<div class=\"wp-block-button\"><a class=\"wp-block-button__link\" href=\"https:\/\/www.artguru.ai\/fr\/image-enhancer\/\">Am\u00e9liorer JPG maintenant<\/a><\/div>\n<\/div>\n<\/div><\/div>\n<style>.wp-container-6a08f64758366 .alignleft { float: left; margin-right: 2em; }.wp-container-6a08f64758366 .alignright { float: right; margin-left: 2em; }<\/style><\/div><\/div>\n\n\n\n<h2>Comment am\u00e9liorer la qualit\u00e9 de vos photos ?<\/h2>\n\n\n\n<p>Guide simple pour optimiser vos images en trois \u00e9tapes.<\/p>\n\n\n\n<div class=\"wp-block-columns alignfull customizeList has-text-color has-background\" style=\"background-color:#ffffff;color:#000000\">\n<div class=\"wp-block-column\">\n<div class=\"wp-block-image size-full\"><figure class=\"aligncenter size-full\"><img src=\"https:\/\/img.mbwpai.com\/www.artguru.ai\/sites\/37\/2025\/05\/09001240\/artguru-enhance-step1.jpg\" alt=\"Step 1: Upload Your JPG\" class=\"wp-image-2253\" \/><\/figure><\/div>\n\n\n\n<p class=\"has-text-align-center has-text-color\" style=\"color:#9b5bbb\"><strong>\u00c9tape 1 : importez votre photo<\/strong><\/p>\n\n\n\n<p class=\"has-text-align-center\">D\u00e9posez votre fichier directement ou choisissez-le depuis votre appareil.<\/p>\n<\/div>\n\n\n\n<div class=\"wp-block-column\">\n<div class=\"wp-block-image size-full\"><figure class=\"aligncenter size-full\"><img src=\"https:\/\/img.mbwpai.com\/www.artguru.ai\/sites\/37\/2025\/05\/09001241\/artguru-enhance-step2.jpg\" alt=\"Step 2: AI Enhancing\" class=\"wp-image-2254\" \/><\/figure><\/div>\n\n\n\n<p class=\"has-text-align-center has-text-color\" style=\"color:#9b5bbb\"><strong>\u00c9tape 2 : am\u00e9lioration automatique<\/strong><\/p>\n\n\n\n<p class=\"has-text-align-center\">Notre intelligence artificielle optimise automatiquement la qualit\u00e9 de votre image en quelques secondes.<\/p>\n<\/div>\n\n\n\n<div class=\"wp-block-column\">\n<div class=\"wp-block-image size-full\"><figure class=\"aligncenter size-full\"><img src=\"https:\/\/img.mbwpai.com\/www.artguru.ai\/sites\/37\/2025\/05\/09001238\/artguru-enhance-step3.jpg\" alt=\"Step 3: Download\" class=\"wp-image-2252\" \/><\/figure><\/div>\n\n\n\n<p class=\"has-text-align-center has-text-color\" style=\"color:#9b5bbb\"><strong>\u00c9tape 3 : sauvegarde<\/strong><\/p>\n\n\n\n<p class=\"has-text-align-center\">Enregistrez votre image am\u00e9lior\u00e9e si le r\u00e9sultat vous convient.<\/p>\n<\/div>\n<\/div>\n\n\n\n<div class=\"wp-block-buttons is-content-justification-center btnBox\">\n<div class=\"wp-block-button\"><a class=\"wp-block-button__link\" href=\"https:\/\/www.artguru.ai\/fr\/image-enhancer\/\">Am\u00e9liorer JPG maintenant<\/a><\/div>\n<\/div>\n\n\n\n<div class=\"wp-container-6a08f64758517 wp-block-group faqBox\"><div class=\"wp-block-group__inner-container\">\n<h2 class=\"wp-block-heading\">Questions fr\u00e9quentes sur l&#8217;am\u00e9lioration de vos photos<\/h2>\n\n\n\n<div class=\"schema-faq wp-block-yoast-faq-block\"><div class=\"schema-faq-section\" id=\"faq-question-1684836961394\"><strong class=\"schema-faq-question\">1. Quels formats d&#8217;images puis-je utiliser ?<\/strong> <p class=\"schema-faq-answer\">Notre outil fonctionne principalement avec les photos au format JPG et JPEG, mais accepte aussi les images aux formats png et Webp.<\/p> <\/div> <div class=\"schema-faq-section\" id=\"faq-question-1684837025108\"><strong class=\"schema-faq-question\">2. Dans quel format sera ma photo apr\u00e8s l&#8217;am\u00e9lioration ?<\/strong> <p class=\"schema-faq-answer\">Actuellement, notre am\u00e9liorateur d&#8217;image convertit votre JPG en PNG afin d\u2019<a href=\"https:\/\/www.artguru.ai\/fr\/image-enhancer\/\" target=\"_blank\" rel=\"noreferrer noopener\"><span style=\"color:#9b51e0\" class=\"tadv-color\">am\u00e9liorer qualit\u00e9 image<\/span><\/a>. Cependant, nous pr\u00e9voyons d&#8217;ajouter davantage de formats de t\u00e9l\u00e9chargement, comme JPG et WebP, \u00e0 l&#8217;avenir.<\/p> <\/div> <\/div>\n<\/div><\/div>\n<style>.wp-container-6a08f64758517 .alignleft { float: left; margin-right: 2em; }.wp-container-6a08f64758517 .alignright { float: right; margin-left: 2em; }<\/style>\n\n\n<h2 class=\"wp-block-heading flex-row\">D\u00e9couvrez nos outils d&#8217;IA<\/h2>\n\n\n\n<div class=\"wp-block-columns alignfull has-text-color has-background\" style=\"background-color:#ffffff;color:#000000\">\n<div class=\"wp-block-column\">\n<figure class=\"wp-block-image size-full\"><a href=\"https:\/\/www.artguru.ai\/fr\/ai-text-to-image-generator\/\" target=\"_blank\" rel=\"noopener\"><img src=\"https:\/\/img.mbwpai.com\/www.artguru.ai\/sites\/37\/2025\/02\/08091057\/artguru-text-to-image-banner.png\" alt=\"G\u00e9n\u00e9rateur IA d'Images\" class=\"wp-image-1561\" \/><\/a><\/figure>\n\n\n\n<h5 class=\"has-text-align-center wp-block-heading\"><a href=\"https:\/\/www.artguru.ai\/fr\/ai-text-to-image-generator\/\" target=\"_blank\" rel=\"noreferrer noopener\">G\u00e9n\u00e9rateur IA d&#8217;Images<\/a><\/h5>\n\n\n\n<p class=\"has-text-align-center\">Cr\u00e9ez des images g\u00e9n\u00e9r\u00e9es par l&#8217;intelligence artificielle \u00e0 partir du text.<\/p>\n<\/div>\n\n\n\n<div class=\"wp-block-column\">\n<figure class=\"wp-block-image size-full\"><a href=\"https:\/\/www.artguru.ai\/fr\/background-remover\/\" target=\"_blank\" rel=\"noopener\"><img src=\"https:\/\/img.mbwpai.com\/www.artguru.ai\/sites\/37\/2025\/02\/08092021\/remove-bg-banner.png\" alt=\"Effaceur d'arri\u00e8re-plan\" class=\"wp-image-1576\" \/><\/a><\/figure>\n\n\n\n<h5 class=\"has-text-align-center wp-block-heading\"><a href=\"https:\/\/www.artguru.ai\/fr\/background-remover\/\" target=\"_blank\" rel=\"noreferrer noopener\">Effaceur d&#8217;arri\u00e8re-plan<\/a><\/h5>\n\n\n\n<p class=\"has-text-align-center\">Supprimez automatiquement l&#8217;arri\u00e8re-plan de vos images en un seul clic.<\/p>\n<\/div>\n\n\n\n<div class=\"wp-block-column\">\n<figure class=\"wp-block-image size-large\"><a href=\"https:\/\/www.artguru.ai\/fr\/remove-object-from-photo\/\" target=\"_blank\" rel=\"noopener\"><img src=\"https:\/\/img.mbwpai.com\/www.artguru.ai\/sites\/37\/2024\/11\/06103938\/artguru-ai-magic-eraser.png\" alt=\"Gomme magique\" \/><\/a><\/figure>\n\n\n\n<h5 class=\"has-text-align-center wp-block-heading\"><a href=\"https:\/\/www.artguru.ai\/fr\/remove-object-from-photo\/\"><\/a><a href=\"https:\/\/www.artguru.ai\/fr\/remove-object-from-photo\/\" target=\"_blank\" rel=\"noreferrer noopener\">Gomme magique<\/a><\/h5>\n\n\n\n<p class=\"has-text-align-center\">Effacez facilement les objets, personnes ou textes ind\u00e9sirables de vos photos.<\/p>\n<\/div>\n<\/div>\n","protected":false},"excerpt":{"rendered":"<p>Pas besoin de compte Commencez \u00e0 am\u00e9liorer vos photos imm\u00e9diatement, sans cr\u00e9ation de compte. Simple et rapide Un seul clic suffit, et vos photos seront am\u00e9lior\u00e9es en quelques secondes. Traitement multiple Gagnez du temps en am\u00e9liorant jusqu&#8217;\u00e0 50 photos en m\u00eame temps. Donn\u00e9es prot\u00e9g\u00e9es Toutes vos images sont conserv\u00e9es en ligne de fa\u00e7on s\u00e9curis\u00e9e et [&hellip;]<\/p>\n","protected":false},"author":3,"featured_media":0,"parent":0,"menu_order":0,"comment_status":"closed","ping_status":"closed","template":"customPage.php","meta":[],"yoast_head":"<!-- This site is optimized with the Yoast SEO plugin v17.4 - https:\/\/yoast.com\/wordpress\/plugins\/seo\/ -->\n<title>Agrandir et am\u00e9liorer la qualit\u00e9 JPG gratuitement<\/title>\n<meta name=\"description\" content=\"Transformez vos JPGs flous et de basse qualit\u00e9 en images nettes \u00e0 am\u00e9liorer qualit\u00e9 JPG d&#039;Artguru. Agrandissez, d\u00e9bruitez et restaurez les JPGs en un clic.\" \/>\n<meta name=\"robots\" content=\"index, follow, max-snippet:-1, max-image-preview:large, max-video-preview:-1\" \/>\n<link rel=\"canonical\" href=\"https:\/\/www.artguru.ai\/blogs-fr\/jpg-enhancer-and-upscaler\/\" \/>\n<meta property=\"og:locale\" content=\"en_US\" \/>\n<meta property=\"og:type\" content=\"article\" \/>\n<meta property=\"og:title\" content=\"Agrandir et am\u00e9liorer la qualit\u00e9 JPG gratuitement\" \/>\n<meta property=\"og:description\" content=\"Transformez vos JPGs flous et de basse qualit\u00e9 en images nettes \u00e0 am\u00e9liorer qualit\u00e9 JPG d&#039;Artguru. Agrandissez, d\u00e9bruitez et restaurez les JPGs en un clic.\" \/>\n<meta property=\"og:url\" content=\"https:\/\/www.artguru.ai\/blogs-fr\/jpg-enhancer-and-upscaler\/\" \/>\n<meta property=\"og:site_name\" content=\"www.artguru.ai\/blogs-fr\" \/>\n<meta property=\"article:modified_time\" content=\"2025-07-28T09:25:57+00:00\" \/>\n<meta property=\"og:image\" content=\"https:\/\/img.mbwpai.com\/www.artguru.ai\/sites\/37\/2025\/06\/25043536\/Instantly-Enhance-your-JPGs-with-Ease.png\" \/>\n<meta name=\"twitter:card\" content=\"summary_large_image\" \/>\n<meta name=\"twitter:label1\" content=\"Est. reading time\" \/>\n\t<meta name=\"twitter:data1\" content=\"5 minutes\" \/>\n<script type=\"application\/ld+json\" class=\"yoast-schema-graph\">{\"@context\":\"https:\/\/schema.org\",\"@graph\":[{\"@type\":\"WebSite\",\"@id\":\"https:\/\/www.artguru.ai\/blogs-fr\/#website\",\"url\":\"https:\/\/www.artguru.ai\/blogs-fr\/\",\"name\":\"www.artguru.ai\/blogs-fr\",\"description\":\"Just another www.artguru.ai site\",\"potentialAction\":[{\"@type\":\"SearchAction\",\"target\":{\"@type\":\"EntryPoint\",\"urlTemplate\":\"https:\/\/www.artguru.ai\/blogs-fr\/?s={search_term_string}\"},\"query-input\":\"required name=search_term_string\"}],\"inLanguage\":\"en-US\"},{\"@type\":\"ImageObject\",\"@id\":\"https:\/\/www.artguru.ai\/blogs-fr\/jpg-enhancer-and-upscaler\/#primaryimage\",\"inLanguage\":\"en-US\",\"url\":\"https:\/\/img.mbwpai.com\/www.artguru.ai\/sites\/37\/2025\/06\/25043536\/Instantly-Enhance-your-JPGs-with-Ease.png\",\"contentUrl\":\"https:\/\/img.mbwpai.com\/www.artguru.ai\/sites\/37\/2025\/06\/25043536\/Instantly-Enhance-your-JPGs-with-Ease.png\"},{\"@type\":[\"WebPage\",\"FAQPage\"],\"@id\":\"https:\/\/www.artguru.ai\/blogs-fr\/jpg-enhancer-and-upscaler\/#webpage\",\"url\":\"https:\/\/www.artguru.ai\/blogs-fr\/jpg-enhancer-and-upscaler\/\",\"name\":\"Agrandir et am\\u00e9liorer la qualit\\u00e9 JPG gratuitement\",\"isPartOf\":{\"@id\":\"https:\/\/www.artguru.ai\/blogs-fr\/#website\"},\"primaryImageOfPage\":{\"@id\":\"https:\/\/www.artguru.ai\/blogs-fr\/jpg-enhancer-and-upscaler\/#primaryimage\"},\"datePublished\":\"2025-07-28T09:25:50+00:00\",\"dateModified\":\"2025-07-28T09:25:57+00:00\",\"description\":\"Transformez vos JPGs flous et de basse qualit\\u00e9 en images nettes \\u00e0 am\\u00e9liorer qualit\\u00e9 JPG d'Artguru. Agrandissez, d\\u00e9bruitez et restaurez les JPGs en un clic.\",\"breadcrumb\":{\"@id\":\"https:\/\/www.artguru.ai\/blogs-fr\/jpg-enhancer-and-upscaler\/#breadcrumb\"},\"mainEntity\":[{\"@id\":\"https:\/\/www.artguru.ai\/blogs-fr\/jpg-enhancer-and-upscaler\/#faq-question-1684836961394\"},{\"@id\":\"https:\/\/www.artguru.ai\/blogs-fr\/jpg-enhancer-and-upscaler\/#faq-question-1684837025108\"}],\"inLanguage\":\"en-US\",\"potentialAction\":[{\"@type\":\"ReadAction\",\"target\":[\"https:\/\/www.artguru.ai\/blogs-fr\/jpg-enhancer-and-upscaler\/\"]}]},{\"@type\":\"BreadcrumbList\",\"@id\":\"https:\/\/www.artguru.ai\/blogs-fr\/jpg-enhancer-and-upscaler\/#breadcrumb\",\"itemListElement\":[{\"@type\":\"ListItem\",\"position\":1,\"name\":\"Blog\",\"item\":\"https:\/\/www.artguru.ai\/blogs-fr\/\"},{\"@type\":\"ListItem\",\"position\":2,\"name\":\"Am\\u00e9liorateur et agrandir JPG\"}]},{\"@type\":\"Question\",\"@id\":\"https:\/\/www.artguru.ai\/blogs-fr\/jpg-enhancer-and-upscaler\/#faq-question-1684836961394\",\"position\":1,\"url\":\"https:\/\/www.artguru.ai\/blogs-fr\/jpg-enhancer-and-upscaler\/#faq-question-1684836961394\",\"name\":\"1. Quels formats d'images puis-je utiliser ?\",\"answerCount\":1,\"acceptedAnswer\":{\"@type\":\"Answer\",\"text\":\"Notre outil fonctionne principalement avec les photos au format JPG et JPEG, mais accepte aussi les images aux formats png et Webp.\",\"inLanguage\":\"en-US\"},\"inLanguage\":\"en-US\"},{\"@type\":\"Question\",\"@id\":\"https:\/\/www.artguru.ai\/blogs-fr\/jpg-enhancer-and-upscaler\/#faq-question-1684837025108\",\"position\":2,\"url\":\"https:\/\/www.artguru.ai\/blogs-fr\/jpg-enhancer-and-upscaler\/#faq-question-1684837025108\",\"name\":\"2. Dans quel format sera ma photo apr\\u00e8s l'am\\u00e9lioration ?\",\"answerCount\":1,\"acceptedAnswer\":{\"@type\":\"Answer\",\"text\":\"Actuellement, notre am\\u00e9liorateur d'image convertit votre JPG en PNG afin d\\u2019<a href=\\\"https:\/\/www.artguru.ai\/fr\/image-enhancer\/\\\" target=\\\"_blank\\\" rel=\\\"noreferrer noopener\\\">am\\u00e9liorer qualit\\u00e9 image<\/a>. Cependant, nous pr\\u00e9voyons d'ajouter davantage de formats de t\\u00e9l\\u00e9chargement, comme JPG et WebP, \\u00e0 l'avenir.\",\"inLanguage\":\"en-US\"},\"inLanguage\":\"en-US\"}]}<\/script>\n<!-- \/ Yoast SEO plugin. -->","yoast_head_json":{"title":"Agrandir et am\u00e9liorer la qualit\u00e9 JPG gratuitement","description":"Transformez vos JPGs flous et de basse qualit\u00e9 en images nettes \u00e0 am\u00e9liorer qualit\u00e9 JPG d'Artguru. Agrandissez, d\u00e9bruitez et restaurez les JPGs en un clic.","robots":{"index":"index","follow":"follow","max-snippet":"max-snippet:-1","max-image-preview":"max-image-preview:large","max-video-preview":"max-video-preview:-1"},"canonical":"https:\/\/www.artguru.ai\/blogs-fr\/jpg-enhancer-and-upscaler\/","og_locale":"en_US","og_type":"article","og_title":"Agrandir et am\u00e9liorer la qualit\u00e9 JPG gratuitement","og_description":"Transformez vos JPGs flous et de basse qualit\u00e9 en images nettes \u00e0 am\u00e9liorer qualit\u00e9 JPG d'Artguru. Agrandissez, d\u00e9bruitez et restaurez les JPGs en un clic.","og_url":"https:\/\/www.artguru.ai\/blogs-fr\/jpg-enhancer-and-upscaler\/","og_site_name":"www.artguru.ai\/blogs-fr","article_modified_time":"2025-07-28T09:25:57+00:00","og_image":[{"url":"https:\/\/img.mbwpai.com\/www.artguru.ai\/sites\/37\/2025\/06\/25043536\/Instantly-Enhance-your-JPGs-with-Ease.png"}],"twitter_card":"summary_large_image","twitter_misc":{"Est. reading time":"5 minutes"},"schema":{"@context":"https:\/\/schema.org","@graph":[{"@type":"WebSite","@id":"https:\/\/www.artguru.ai\/blogs-fr\/#website","url":"https:\/\/www.artguru.ai\/blogs-fr\/","name":"www.artguru.ai\/blogs-fr","description":"Just another www.artguru.ai site","potentialAction":[{"@type":"SearchAction","target":{"@type":"EntryPoint","urlTemplate":"https:\/\/www.artguru.ai\/blogs-fr\/?s={search_term_string}"},"query-input":"required name=search_term_string"}],"inLanguage":"en-US"},{"@type":"ImageObject","@id":"https:\/\/www.artguru.ai\/blogs-fr\/jpg-enhancer-and-upscaler\/#primaryimage","inLanguage":"en-US","url":"https:\/\/img.mbwpai.com\/www.artguru.ai\/sites\/37\/2025\/06\/25043536\/Instantly-Enhance-your-JPGs-with-Ease.png","contentUrl":"https:\/\/img.mbwpai.com\/www.artguru.ai\/sites\/37\/2025\/06\/25043536\/Instantly-Enhance-your-JPGs-with-Ease.png"},{"@type":["WebPage","FAQPage"],"@id":"https:\/\/www.artguru.ai\/blogs-fr\/jpg-enhancer-and-upscaler\/#webpage","url":"https:\/\/www.artguru.ai\/blogs-fr\/jpg-enhancer-and-upscaler\/","name":"Agrandir et am\u00e9liorer la qualit\u00e9 JPG gratuitement","isPartOf":{"@id":"https:\/\/www.artguru.ai\/blogs-fr\/#website"},"primaryImageOfPage":{"@id":"https:\/\/www.artguru.ai\/blogs-fr\/jpg-enhancer-and-upscaler\/#primaryimage"},"datePublished":"2025-07-28T09:25:50+00:00","dateModified":"2025-07-28T09:25:57+00:00","description":"Transformez vos JPGs flous et de basse qualit\u00e9 en images nettes \u00e0 am\u00e9liorer qualit\u00e9 JPG d'Artguru. Agrandissez, d\u00e9bruitez et restaurez les JPGs en un clic.","breadcrumb":{"@id":"https:\/\/www.artguru.ai\/blogs-fr\/jpg-enhancer-and-upscaler\/#breadcrumb"},"mainEntity":[{"@id":"https:\/\/www.artguru.ai\/blogs-fr\/jpg-enhancer-and-upscaler\/#faq-question-1684836961394"},{"@id":"https:\/\/www.artguru.ai\/blogs-fr\/jpg-enhancer-and-upscaler\/#faq-question-1684837025108"}],"inLanguage":"en-US","potentialAction":[{"@type":"ReadAction","target":["https:\/\/www.artguru.ai\/blogs-fr\/jpg-enhancer-and-upscaler\/"]}]},{"@type":"BreadcrumbList","@id":"https:\/\/www.artguru.ai\/blogs-fr\/jpg-enhancer-and-upscaler\/#breadcrumb","itemListElement":[{"@type":"ListItem","position":1,"name":"Blog","item":"https:\/\/www.artguru.ai\/blogs-fr\/"},{"@type":"ListItem","position":2,"name":"Am\u00e9liorateur et agrandir JPG"}]},{"@type":"Question","@id":"https:\/\/www.artguru.ai\/blogs-fr\/jpg-enhancer-and-upscaler\/#faq-question-1684836961394","position":1,"url":"https:\/\/www.artguru.ai\/blogs-fr\/jpg-enhancer-and-upscaler\/#faq-question-1684836961394","name":"1. Quels formats d'images puis-je utiliser ?","answerCount":1,"acceptedAnswer":{"@type":"Answer","text":"Notre outil fonctionne principalement avec les photos au format JPG et JPEG, mais accepte aussi les images aux formats png et Webp.","inLanguage":"en-US"},"inLanguage":"en-US"},{"@type":"Question","@id":"https:\/\/www.artguru.ai\/blogs-fr\/jpg-enhancer-and-upscaler\/#faq-question-1684837025108","position":2,"url":"https:\/\/www.artguru.ai\/blogs-fr\/jpg-enhancer-and-upscaler\/#faq-question-1684837025108","name":"2. Dans quel format sera ma photo apr\u00e8s l'am\u00e9lioration ?","answerCount":1,"acceptedAnswer":{"@type":"Answer","text":"Actuellement, notre am\u00e9liorateur d'image convertit votre JPG en PNG afin d\u2019<a href=\"https:\/\/www.artguru.ai\/fr\/image-enhancer\/\" target=\"_blank\" rel=\"noreferrer noopener\">am\u00e9liorer qualit\u00e9 image<\/a>. Cependant, nous pr\u00e9voyons d'ajouter davantage de formats de t\u00e9l\u00e9chargement, comme JPG et WebP, \u00e0 l'avenir.","inLanguage":"en-US"},"inLanguage":"en-US"}]}},"_links":{"self":[{"href":"https:\/\/www.artguru.ai\/blogs-fr\/wp-json\/wp\/v2\/pages\/242"}],"collection":[{"href":"https:\/\/www.artguru.ai\/blogs-fr\/wp-json\/wp\/v2\/pages"}],"about":[{"href":"https:\/\/www.artguru.ai\/blogs-fr\/wp-json\/wp\/v2\/types\/page"}],"author":[{"embeddable":true,"href":"https:\/\/www.artguru.ai\/blogs-fr\/wp-json\/wp\/v2\/users\/3"}],"replies":[{"embeddable":true,"href":"https:\/\/www.artguru.ai\/blogs-fr\/wp-json\/wp\/v2\/comments?post=242"}],"version-history":[{"count":6,"href":"https:\/\/www.artguru.ai\/blogs-fr\/wp-json\/wp\/v2\/pages\/242\/revisions"}],"predecessor-version":[{"id":268,"href":"https:\/\/www.artguru.ai\/blogs-fr\/wp-json\/wp\/v2\/pages\/242\/revisions\/268"}],"wp:attachment":[{"href":"https:\/\/www.artguru.ai\/blogs-fr\/wp-json\/wp\/v2\/media?parent=242"}],"curies":[{"name":"wp","href":"https:\/\/api.w.org\/{rel}","templated":true}]}}