{"id":6,"date":"2023-12-22T07:45:11","date_gmt":"2023-12-22T07:45:11","guid":{"rendered":"https:\/\/www.artguru.ai\/blogs-es\/?page_id=6"},"modified":"2025-03-09T03:33:26","modified_gmt":"2025-03-09T03:33:26","slug":"ai-tattoo-generator","status":"publish","type":"page","link":"https:\/\/www.artguru.ai\/blogs-es\/ai-tattoo-generator\/","title":{"rendered":"Generador de tatuajes con IA en l\u00ednea"},"content":{"rendered":"\n<div class=\"wp-block-media-text alignwide has-media-on-the-right is-stacked-on-mobile\"><figure class=\"wp-block-media-text__media\"><img loading=\"lazy\" width=\"580\" height=\"490\" src=\"https:\/\/img.mbwpai.com\/www.artguru.ai\/sites\/36\/2025\/02\/10114350\/ai-tatto.png\" alt=\"\" class=\"wp-image-304 size-full\" srcset=\"https:\/\/img.mbwpai.com\/www.artguru.ai\/sites\/36\/2025\/02\/10114350\/ai-tatto.png 580w, https:\/\/img.mbwpai.com\/www.artguru.ai\/sites\/36\/2025\/02\/10114350\/ai-tatto-300x253.png 300w\" sizes=\"(max-width: 580px) 100vw, 580px\" \/><\/figure><div class=\"wp-block-media-text__content\">\n<h1 class=\"has-text-align-left wp-block-heading\">Generador de tatuajes con IA en l\u00ednea<\/h1>\n\n\n\n<p class=\"has-text-align-left\">Genera dise\u00f1os de tatuajes a medida en solo segundos con Artguru, nuestro generador de tatuajes con IA. Describe lo que tienes en mente y nuestra inteligencia artificial crear\u00e1 una obra de arte \u00fanica pensada exclusivamente para ti. \u00a1Empieza a dise\u00f1ar tu tatuaje ahora mismo!<\/p>\n\n\n\n<div class=\"wp-container-69d0b6a3044ef wp-block-group\"><div class=\"wp-block-group__inner-container\">\n<div class=\"wp-container-69d0b6a3044bd wp-block-group\"><div class=\"wp-block-group__inner-container\">\n<div class=\"wp-block-buttons btnBox\">\n<div class=\"wp-block-button\"><a class=\"wp-block-button__link\" href=\"https:\/\/www.artguru.ai\/es\/ai-text-to-image-generator\/\" target=\"_blank\" rel=\"noreferrer noopener\">Crea tu Tatuaje<\/a><\/div>\n<\/div>\n<\/div><\/div>\n<style>.wp-container-69d0b6a3044bd .alignleft { float: left; margin-right: 2em; }.wp-container-69d0b6a3044bd .alignright { float: right; margin-left: 2em; }<\/style><\/div><\/div>\n<style>.wp-container-69d0b6a3044ef .alignleft { float: left; margin-right: 2em; }.wp-container-69d0b6a3044ef .alignright { float: right; margin-left: 2em; }<\/style><\/div><\/div>\n\n\n\n<div class=\"wp-block-columns alignfull customizeList listBox has-white-color has-white-background-color has-text-color has-background\">\n<div class=\"wp-block-column has-black-color has-text-color has-background\" style=\"background-color:#f6efff\">\n<h5 class=\"wp-block-heading\"><img loading=\"lazy\" width=\"24\" height=\"24\" class=\"wp-image-356\" style=\"width: 24px;\" src=\"https:\/\/img.mbwpai.com\/www.artguru.ai\/sites\/36\/2025\/02\/11101623\/icon1-1.png\" alt=\"\">Personalizaci\u00f3n<\/h5>\n\n\n\n<p>Artguru crea dise\u00f1os de tatuajes personalizados a partir de tus ideas plasmadas en texto.<\/p>\n<\/div>\n\n\n\n<div class=\"wp-block-column has-black-color has-text-color has-background\" style=\"background-color:#f6efff\">\n<h5 class=\"wp-block-heading\"><img loading=\"lazy\" width=\"24\" height=\"24\" class=\"wp-image-357\" style=\"width: 24px;\" src=\"https:\/\/img.mbwpai.com\/www.artguru.ai\/sites\/36\/2025\/02\/11101632\/icon2-1.png\" alt=\"\">Rapidez y Eficiencia<\/h5>\n\n\n\n<p>Recibe una selecci\u00f3n de dise\u00f1os de tatuajes hechos a tu medida en cuesti\u00f3n de minutos.<\/p>\n<\/div>\n\n\n\n<div class=\"wp-block-column has-black-color has-text-color has-background\" style=\"background-color:#f6efff\">\n<h5 class=\"wp-block-heading\"><img loading=\"lazy\" width=\"24\" height=\"24\" class=\"wp-image-358\" style=\"width: 24px;\" src=\"https:\/\/img.mbwpai.com\/www.artguru.ai\/sites\/36\/2025\/02\/11101634\/icon3-1.png\" alt=\"\">Variedad Sin L\u00edmites<\/h5>\n\n\n\n<p>Ya sea que prefieras tinta negra discreta o colores llamativos, Artguru tiene una amplia gama de tatuajes para todos los gustos.<\/p>\n<\/div>\n\n\n\n<div class=\"wp-block-column has-black-color has-text-color has-background\" style=\"background-color:#f6efff\">\n<h5 class=\"wp-block-heading\"><img loading=\"lazy\" width=\"24\" height=\"24\" class=\"wp-image-359\" style=\"width: 24px;\" src=\"https:\/\/img.mbwpai.com\/www.artguru.ai\/sites\/36\/2025\/02\/11101638\/icon4-1.png\" alt=\"\">Seamless CollaboratiColaboraci\u00f3n Fluida<\/h5>\n\n\n\n<p>Trabaja de la mano con clientes o artistas, usando nuestros dise\u00f1os de inteligencia artificial como inspiraci\u00f3n inicial para tu creatividad.<\/p>\n<\/div>\n<\/div>\n\n\n\n<div class=\"wp-container-69d0b6a304659 wp-block-group whiteBg blogBox\"><div class=\"wp-block-group__inner-container\">\n<h2 class=\"wp-block-heading\">Descubre tu tatuaje ideal con Artguru<\/h2>\n\n\n\n<p>Pon fin a la ardua b\u00fasqueda de dise\u00f1os de tatuajes \u2013 \u00a1Artguru es tu soluci\u00f3n! En cuesti\u00f3n de segundos, descubre una extensa variedad de dise\u00f1os \u00fanicos, que abarcan desde flores delicadas y animales fascinantes hasta s\u00edmbolos impactantes y tatuajes con textos llenos de significado. No importa si sue\u00f1as con un tatuaje en tus manos, cuello, espalda o cualquier otra parte, el generador de tatuajes con inteligencia artificial de Artguru tiene opciones para todos.<\/p>\n\n\n\n<figure class=\"wp-block-image size-large\"><img loading=\"lazy\" width=\"1024\" height=\"479\" src=\"https:\/\/img.mbwpai.com\/www.artguru.ai\/sites\/36\/2025\/02\/10114414\/ai-generated-tattoos-1024x479.png\" alt=\"\" class=\"wp-image-305\" srcset=\"https:\/\/img.mbwpai.com\/www.artguru.ai\/sites\/36\/2025\/02\/10114414\/ai-generated-tattoos-1024x479.png 1024w, https:\/\/img.mbwpai.com\/www.artguru.ai\/sites\/36\/2025\/02\/10114414\/ai-generated-tattoos-300x140.png 300w, https:\/\/img.mbwpai.com\/www.artguru.ai\/sites\/36\/2025\/02\/10114414\/ai-generated-tattoos-768x359.png 768w, https:\/\/img.mbwpai.com\/www.artguru.ai\/sites\/36\/2025\/02\/10114414\/ai-generated-tattoos.png 1240w\" sizes=\"(max-width: 1024px) 100vw, 1024px\" \/><\/figure>\n<\/div><\/div>\n<style>.wp-container-69d0b6a304659 .alignleft { float: left; margin-right: 2em; }.wp-container-69d0b6a304659 .alignright { float: right; margin-left: 2em; }<\/style>\n\n\n<div class=\"wp-container-69d0b6a30479d wp-block-group alignfull stepBox\"><div class=\"wp-block-group__inner-container\">\n<h2 class=\"wp-block-heading flex-row\">C\u00f3mo Crear un Tatuaje con ArtGuru<\/h2>\n\n\n\n<p>Crea tatuajes asistidos por IA en tres sencillos pasos.<\/p>\n\n\n\n<div class=\"wp-block-columns alignfull customizeList has-text-color has-background\" style=\"background-color:#ffffff;color:#000000\">\n<div class=\"wp-block-column\">\n<div class=\"wp-block-image size-full\"><figure class=\"aligncenter size-full\"><img loading=\"lazy\" width=\"97\" height=\"97\" src=\"https:\/\/img.mbwpai.com\/www.artguru.ai\/sites\/36\/2025\/02\/10104849\/step1.png\" alt=\"\" class=\"wp-image-259\"\/><\/figure><\/div>\n\n\n\n<p class=\"has-text-align-center has-text-color\" style=\"color:#9b5bbb\">Paso 1<\/p>\n\n\n\n<p class=\"has-text-align-center\">Describe tus ideas para el tatuaje con el m\u00e1ximo detalle posible. Mientras m\u00e1s informaci\u00f3n brindes, m\u00e1s precisamente la IA podr\u00e1 entender tu concepto. <\/p>\n<\/div>\n\n\n\n<div class=\"wp-block-column\">\n<div class=\"wp-block-image size-full\"><figure class=\"aligncenter size-full\"><img loading=\"lazy\" width=\"97\" height=\"97\" src=\"https:\/\/img.mbwpai.com\/www.artguru.ai\/sites\/36\/2025\/02\/10104850\/step2.png\" alt=\"\" class=\"wp-image-260\"\/><\/figure><\/div>\n\n\n\n<p class=\"has-text-align-center has-text-color\" style=\"color:#9b5bbb\">Paso 2<\/p>\n\n\n\n<p class=\"has-text-align-center\">Despu\u00e9s de introducir la descripci\u00f3n de tu tatuaje, pulsa el bot\u00f3n &#8220;Generar&#8221; para activar la magia de la inteligencia artificial.<\/p>\n<\/div>\n\n\n\n<div class=\"wp-block-column\">\n<div class=\"wp-block-image size-full\"><figure class=\"aligncenter size-full\"><img loading=\"lazy\" width=\"97\" height=\"97\" src=\"https:\/\/img.mbwpai.com\/www.artguru.ai\/sites\/36\/2025\/02\/10104851\/step3.png\" alt=\"\" class=\"wp-image-261\"\/><\/figure><\/div>\n\n\n\n<p class=\"has-text-align-center has-text-color\" style=\"color:#9b5bbb\">Paso 3<\/p>\n\n\n\n<p class=\"has-text-align-center\">En pocos instantes, el Generador de Tatuajes IA de ArtGuru te presentar\u00e1 dise\u00f1os basados en tus ideas.<\/p>\n<\/div>\n<\/div>\n\n\n\n<div class=\"wp-block-buttons is-content-justification-center btnBox\">\n<div class=\"wp-block-button\"><a class=\"wp-block-button__link\" href=\"https:\/\/www.artguru.ai\/es\/ai-text-to-image-generator\/\" target=\"_blank\" rel=\"noreferrer noopener\">Crea tu Tatuaje<\/a><\/div>\n<\/div>\n<\/div><\/div>\n<style>.wp-container-69d0b6a30479d .alignleft { float: left; margin-right: 2em; }.wp-container-69d0b6a30479d .alignright { float: right; margin-left: 2em; }<\/style>\n\n\n<div class=\"wp-container-69d0b6a3047f9 wp-block-group faqBox\"><div class=\"wp-block-group__inner-container\">\n<h2 class=\"wp-block-heading\">Preguntas Frecuentes sobre el Generador de Tatuajes<\/h2>\n\n\n\n<div class=\"schema-faq wp-block-yoast-faq-block\"><div class=\"schema-faq-section\" id=\"faq-question-1684836961394\"><strong class=\"schema-faq-question\">1. \u00bfEl Generador de Tatuajes de Artguru con IA es adecuado para todos los estilos de tatuajes?<\/strong> <p class=\"schema-faq-answer\">\u00a1Por supuesto! El Generador de Tatuajes de Artguru con IA est\u00e1 dise\u00f1ado para adaptarse a una amplia variedad de estilos, desde tatuajes en tinta negra hasta creaciones coloridas y llamativas. No importa cu\u00e1les sean tus gustos art\u00edsticos, este generador puede satisfacerlos.<\/p> <\/div> <div class=\"schema-faq-section\" id=\"faq-question-1684837025108\"><strong class=\"schema-faq-question\">2. \u00bfPuedo realizar cambios en el dise\u00f1o del tatuaje?<\/strong> <p class=\"schema-faq-answer\">S\u00ed, puedes alterar el texto en el \u00e1rea de entrada. Prueba con diferentes palabras clave, s\u00edmbolos o tem\u00e1ticas para descubrir c\u00f3mo la inteligencia artificial se ajusta y crea nuevos dise\u00f1os de tatuaje en funci\u00f3n de los cambios que introduzcas.<\/p> <\/div> <\/div>\n<\/div><\/div>\n<style>.wp-container-69d0b6a3047f9 .alignleft { float: left; margin-right: 2em; }.wp-container-69d0b6a3047f9 .alignright { float: right; margin-left: 2em; }<\/style>\n\n\n<h2><meta charset=\"utf-8\">Descubre m\u00e1s herramientas de IA<\/h2>\n\n\n\n<div class=\"wp-block-columns alignfull has-text-color has-background\" style=\"background-color:#ffffff;color:#000000\">\n<div class=\"wp-block-column\">\n<figure class=\"wp-block-image size-full\"><img loading=\"lazy\" width=\"342\" height=\"209\" src=\"https:\/\/img.mbwpai.com\/www.artguru.ai\/sites\/36\/2025\/02\/10104952\/artguru-text-to-image-banner.png\" alt=\"\" class=\"wp-image-263\" srcset=\"https:\/\/img.mbwpai.com\/www.artguru.ai\/sites\/36\/2025\/02\/10104952\/artguru-text-to-image-banner.png 342w, https:\/\/img.mbwpai.com\/www.artguru.ai\/sites\/36\/2025\/02\/10104952\/artguru-text-to-image-banner-300x183.png 300w\" sizes=\"(max-width: 342px) 100vw, 342px\" \/><\/figure>\n\n\n\n<h5 class=\"has-text-align-center wp-block-heading\"><a href=\"https:\/\/www.artguru.ai\/es\/ai-text-to-image-generator\/\"><\/a><a href=\"https:\/\/www.artguru.ai\/es\/ai-text-to-image-generator\/\" target=\"_blank\" rel=\"noreferrer noopener\">IA para crear im\u00e1genes<\/a><\/h5>\n\n\n\n<p class=\"has-text-align-center\">Crea im\u00e1genes generadas por IA a partir de texto en segundos.<\/p>\n<\/div>\n\n\n\n<div class=\"wp-block-column\">\n<figure class=\"wp-block-image size-full\"><img loading=\"lazy\" width=\"342\" height=\"209\" src=\"https:\/\/img.mbwpai.com\/www.artguru.ai\/sites\/36\/2025\/02\/10104512\/remove-bg-banner.png\" alt=\"\" class=\"wp-image-250\" srcset=\"https:\/\/img.mbwpai.com\/www.artguru.ai\/sites\/36\/2025\/02\/10104512\/remove-bg-banner.png 342w, https:\/\/img.mbwpai.com\/www.artguru.ai\/sites\/36\/2025\/02\/10104512\/remove-bg-banner-300x183.png 300w\" sizes=\"(max-width: 342px) 100vw, 342px\" \/><\/figure>\n\n\n\n<h5 class=\"has-text-align-center wp-block-heading\"><a href=\"https:\/\/www.artguru.ai\/es\/background-remover\/\"><\/a><a href=\"https:\/\/www.artguru.ai\/es\/background-remover\/\" target=\"_blank\" rel=\"noreferrer noopener\">Quitar fondo a una imagen<\/a><\/h5>\n\n\n\n<p class=\"has-text-align-center\">Elimina fondos de im\u00e1genes autom\u00e1ticamente con solo un clic.<\/p>\n<\/div>\n\n\n\n<div class=\"wp-block-column\">\n<figure class=\"wp-block-image size-large\"><a href=\"https:\/\/www.artguru.ai\/es\/remove-object-from-photo\/\" target=\"_blank\" rel=\"noopener\"><img src=\"https:\/\/img.mbwpai.com\/www.artguru.ai\/sites\/37\/2024\/11\/06103938\/artguru-ai-magic-eraser.png\" alt=\"\"\/><\/a><\/figure>\n\n\n\n<h5 class=\"has-text-align-center wp-block-heading\"><a href=\"https:\/\/www.artguru.ai\/es\/remove-object-from-photo\/\" target=\"_blank\" rel=\"noreferrer noopener\"><meta charset=\"utf-8\"><a href=\"https:\/\/www.artguru.ai\/remove-object-from-photo\/\"><\/a><a href=\"https:\/\/www.artguru.ai\/es\/remove-object-from-photo\/\" target=\"_blank\" rel=\"noreferrer noopener\">Borrador m\u00e1gico<\/a><\/a><\/h5>\n\n\n\n<p class=\"has-text-align-center\"><meta charset=\"utf-8\">Elimina objetos, personas o texto no deseados de tus fotos.<\/p>\n<\/div>\n<\/div>\n\n\n\n<p><\/p>\n","protected":false},"excerpt":{"rendered":"<p>Personalizaci\u00f3n Artguru crea dise\u00f1os de tatuajes personalizados a partir de tus ideas plasmadas en texto. Rapidez y Eficiencia Recibe una selecci\u00f3n de dise\u00f1os de tatuajes hechos a tu medida en cuesti\u00f3n de minutos. Variedad Sin L\u00edmites Ya sea que prefieras tinta negra discreta o colores llamativos, Artguru tiene una amplia gama de tatuajes para todos [&hellip;]<\/p>\n","protected":false},"author":1,"featured_media":0,"parent":0,"menu_order":0,"comment_status":"closed","ping_status":"closed","template":"customPage.php","meta":[],"yoast_head":"<!-- This site is optimized with the Yoast SEO plugin v17.4 - https:\/\/yoast.com\/wordpress\/plugins\/seo\/ -->\n<title>Generador de tatuajes AI gratuito en l\u00ednea - Dise\u00f1a tu tatuaje con AI<\/title>\n<meta name=\"description\" content=\"Genera dise\u00f1os de tatuajes personalizados r\u00e1pidamente con Artguru AI, el generador de tatuajes. Solo describe lo que imaginas y nuestra inteligencia artificial crear\u00e1 una obra de arte \u00fanica y exclusiva para ti.\" \/>\n<meta name=\"robots\" content=\"index, follow, max-snippet:-1, max-image-preview:large, max-video-preview:-1\" \/>\n<link rel=\"canonical\" href=\"https:\/\/www.artguru.ai\/blogs-es\/ai-tattoo-generator\/\" \/>\n<meta property=\"og:locale\" content=\"en_US\" \/>\n<meta property=\"og:type\" content=\"article\" \/>\n<meta property=\"og:title\" content=\"Generador de tatuajes AI gratuito en l\u00ednea - Dise\u00f1a tu tatuaje con AI\" \/>\n<meta property=\"og:description\" content=\"Genera dise\u00f1os de tatuajes personalizados r\u00e1pidamente con Artguru AI, el generador de tatuajes. Solo describe lo que imaginas y nuestra inteligencia artificial crear\u00e1 una obra de arte \u00fanica y exclusiva para ti.\" \/>\n<meta property=\"og:url\" content=\"https:\/\/www.artguru.ai\/blogs-es\/ai-tattoo-generator\/\" \/>\n<meta property=\"og:site_name\" content=\"www.artguru.ai\/blogs-es\" \/>\n<meta property=\"article:modified_time\" content=\"2025-03-09T03:33:26+00:00\" \/>\n<meta property=\"og:image\" content=\"https:\/\/www.artguru.ai\/blogs-es\/wp-content\/uploads\/sites\/25\/sites\/36\/2025\/02\/ai-tatto.png\" \/>\n<meta name=\"twitter:card\" content=\"summary_large_image\" \/>\n<meta name=\"twitter:label1\" content=\"Est. reading time\" \/>\n\t<meta name=\"twitter:data1\" content=\"5 minutes\" \/>\n<script type=\"application\/ld+json\" class=\"yoast-schema-graph\">{\"@context\":\"https:\/\/schema.org\",\"@graph\":[{\"@type\":\"WebSite\",\"@id\":\"https:\/\/www.artguru.ai\/blogs-es\/#website\",\"url\":\"https:\/\/www.artguru.ai\/blogs-es\/\",\"name\":\"www.artguru.ai\/blogs-es\",\"description\":\"Just another www.artguru.ai site\",\"potentialAction\":[{\"@type\":\"SearchAction\",\"target\":{\"@type\":\"EntryPoint\",\"urlTemplate\":\"https:\/\/www.artguru.ai\/blogs-es\/?s={search_term_string}\"},\"query-input\":\"required name=search_term_string\"}],\"inLanguage\":\"en-US\"},{\"@type\":\"ImageObject\",\"@id\":\"https:\/\/www.artguru.ai\/blogs-es\/ai-tattoo-generator\/#primaryimage\",\"inLanguage\":\"en-US\",\"url\":\"https:\/\/www.artguru.ai\/blogs-es\/wp-content\/uploads\/sites\/25\/sites\/36\/2025\/02\/ai-tatto.png\",\"contentUrl\":\"https:\/\/www.artguru.ai\/blogs-es\/wp-content\/uploads\/sites\/25\/sites\/36\/2025\/02\/ai-tatto.png\"},{\"@type\":[\"WebPage\",\"FAQPage\"],\"@id\":\"https:\/\/www.artguru.ai\/blogs-es\/ai-tattoo-generator\/#webpage\",\"url\":\"https:\/\/www.artguru.ai\/blogs-es\/ai-tattoo-generator\/\",\"name\":\"Generador de tatuajes AI gratuito en l\\u00ednea - Dise\\u00f1a tu tatuaje con AI\",\"isPartOf\":{\"@id\":\"https:\/\/www.artguru.ai\/blogs-es\/#website\"},\"primaryImageOfPage\":{\"@id\":\"https:\/\/www.artguru.ai\/blogs-es\/ai-tattoo-generator\/#primaryimage\"},\"datePublished\":\"2023-12-22T07:45:11+00:00\",\"dateModified\":\"2025-03-09T03:33:26+00:00\",\"description\":\"Genera dise\\u00f1os de tatuajes personalizados r\\u00e1pidamente con Artguru AI, el generador de tatuajes. Solo describe lo que imaginas y nuestra inteligencia artificial crear\\u00e1 una obra de arte \\u00fanica y exclusiva para ti.\",\"breadcrumb\":{\"@id\":\"https:\/\/www.artguru.ai\/blogs-es\/ai-tattoo-generator\/#breadcrumb\"},\"mainEntity\":[{\"@id\":\"https:\/\/www.artguru.ai\/blogs-es\/ai-tattoo-generator\/#faq-question-1684836961394\"},{\"@id\":\"https:\/\/www.artguru.ai\/blogs-es\/ai-tattoo-generator\/#faq-question-1684837025108\"}],\"inLanguage\":\"en-US\",\"potentialAction\":[{\"@type\":\"ReadAction\",\"target\":[\"https:\/\/www.artguru.ai\/blogs-es\/ai-tattoo-generator\/\"]}]},{\"@type\":\"BreadcrumbList\",\"@id\":\"https:\/\/www.artguru.ai\/blogs-es\/ai-tattoo-generator\/#breadcrumb\",\"itemListElement\":[{\"@type\":\"ListItem\",\"position\":1,\"name\":\"Blog\",\"item\":\"https:\/\/www.artguru.ai\/blogs-es\/\"},{\"@type\":\"ListItem\",\"position\":2,\"name\":\"Generador de tatuajes con IA en l\\u00ednea\"}]},{\"@type\":\"Question\",\"@id\":\"https:\/\/www.artguru.ai\/blogs-es\/ai-tattoo-generator\/#faq-question-1684836961394\",\"position\":1,\"url\":\"https:\/\/www.artguru.ai\/blogs-es\/ai-tattoo-generator\/#faq-question-1684836961394\",\"name\":\"1. \\u00bfEl Generador de Tatuajes de Artguru con IA es adecuado para todos los estilos de tatuajes?\",\"answerCount\":1,\"acceptedAnswer\":{\"@type\":\"Answer\",\"text\":\"\\u00a1Por supuesto! El Generador de Tatuajes de Artguru con IA est\\u00e1 dise\\u00f1ado para adaptarse a una amplia variedad de estilos, desde tatuajes en tinta negra hasta creaciones coloridas y llamativas. No importa cu\\u00e1les sean tus gustos art\\u00edsticos, este generador puede satisfacerlos.\",\"inLanguage\":\"en-US\"},\"inLanguage\":\"en-US\"},{\"@type\":\"Question\",\"@id\":\"https:\/\/www.artguru.ai\/blogs-es\/ai-tattoo-generator\/#faq-question-1684837025108\",\"position\":2,\"url\":\"https:\/\/www.artguru.ai\/blogs-es\/ai-tattoo-generator\/#faq-question-1684837025108\",\"name\":\"2. \\u00bfPuedo realizar cambios en el dise\\u00f1o del tatuaje?\",\"answerCount\":1,\"acceptedAnswer\":{\"@type\":\"Answer\",\"text\":\"S\\u00ed, puedes alterar el texto en el \\u00e1rea de entrada. Prueba con diferentes palabras clave, s\\u00edmbolos o tem\\u00e1ticas para descubrir c\\u00f3mo la inteligencia artificial se ajusta y crea nuevos dise\\u00f1os de tatuaje en funci\\u00f3n de los cambios que introduzcas.\",\"inLanguage\":\"en-US\"},\"inLanguage\":\"en-US\"}]}<\/script>\n<!-- \/ Yoast SEO plugin. -->","yoast_head_json":{"title":"Generador de tatuajes AI gratuito en l\u00ednea - Dise\u00f1a tu tatuaje con AI","description":"Genera dise\u00f1os de tatuajes personalizados r\u00e1pidamente con Artguru AI, el generador de tatuajes. Solo describe lo que imaginas y nuestra inteligencia artificial crear\u00e1 una obra de arte \u00fanica y exclusiva para ti.","robots":{"index":"index","follow":"follow","max-snippet":"max-snippet:-1","max-image-preview":"max-image-preview:large","max-video-preview":"max-video-preview:-1"},"canonical":"https:\/\/www.artguru.ai\/blogs-es\/ai-tattoo-generator\/","og_locale":"en_US","og_type":"article","og_title":"Generador de tatuajes AI gratuito en l\u00ednea - Dise\u00f1a tu tatuaje con AI","og_description":"Genera dise\u00f1os de tatuajes personalizados r\u00e1pidamente con Artguru AI, el generador de tatuajes. Solo describe lo que imaginas y nuestra inteligencia artificial crear\u00e1 una obra de arte \u00fanica y exclusiva para ti.","og_url":"https:\/\/www.artguru.ai\/blogs-es\/ai-tattoo-generator\/","og_site_name":"www.artguru.ai\/blogs-es","article_modified_time":"2025-03-09T03:33:26+00:00","og_image":[{"url":"https:\/\/www.artguru.ai\/blogs-es\/wp-content\/uploads\/sites\/25\/sites\/36\/2025\/02\/ai-tatto.png"}],"twitter_card":"summary_large_image","twitter_misc":{"Est. reading time":"5 minutes"},"schema":{"@context":"https:\/\/schema.org","@graph":[{"@type":"WebSite","@id":"https:\/\/www.artguru.ai\/blogs-es\/#website","url":"https:\/\/www.artguru.ai\/blogs-es\/","name":"www.artguru.ai\/blogs-es","description":"Just another www.artguru.ai site","potentialAction":[{"@type":"SearchAction","target":{"@type":"EntryPoint","urlTemplate":"https:\/\/www.artguru.ai\/blogs-es\/?s={search_term_string}"},"query-input":"required name=search_term_string"}],"inLanguage":"en-US"},{"@type":"ImageObject","@id":"https:\/\/www.artguru.ai\/blogs-es\/ai-tattoo-generator\/#primaryimage","inLanguage":"en-US","url":"https:\/\/www.artguru.ai\/blogs-es\/wp-content\/uploads\/sites\/25\/sites\/36\/2025\/02\/ai-tatto.png","contentUrl":"https:\/\/www.artguru.ai\/blogs-es\/wp-content\/uploads\/sites\/25\/sites\/36\/2025\/02\/ai-tatto.png"},{"@type":["WebPage","FAQPage"],"@id":"https:\/\/www.artguru.ai\/blogs-es\/ai-tattoo-generator\/#webpage","url":"https:\/\/www.artguru.ai\/blogs-es\/ai-tattoo-generator\/","name":"Generador de tatuajes AI gratuito en l\u00ednea - Dise\u00f1a tu tatuaje con AI","isPartOf":{"@id":"https:\/\/www.artguru.ai\/blogs-es\/#website"},"primaryImageOfPage":{"@id":"https:\/\/www.artguru.ai\/blogs-es\/ai-tattoo-generator\/#primaryimage"},"datePublished":"2023-12-22T07:45:11+00:00","dateModified":"2025-03-09T03:33:26+00:00","description":"Genera dise\u00f1os de tatuajes personalizados r\u00e1pidamente con Artguru AI, el generador de tatuajes. Solo describe lo que imaginas y nuestra inteligencia artificial crear\u00e1 una obra de arte \u00fanica y exclusiva para ti.","breadcrumb":{"@id":"https:\/\/www.artguru.ai\/blogs-es\/ai-tattoo-generator\/#breadcrumb"},"mainEntity":[{"@id":"https:\/\/www.artguru.ai\/blogs-es\/ai-tattoo-generator\/#faq-question-1684836961394"},{"@id":"https:\/\/www.artguru.ai\/blogs-es\/ai-tattoo-generator\/#faq-question-1684837025108"}],"inLanguage":"en-US","potentialAction":[{"@type":"ReadAction","target":["https:\/\/www.artguru.ai\/blogs-es\/ai-tattoo-generator\/"]}]},{"@type":"BreadcrumbList","@id":"https:\/\/www.artguru.ai\/blogs-es\/ai-tattoo-generator\/#breadcrumb","itemListElement":[{"@type":"ListItem","position":1,"name":"Blog","item":"https:\/\/www.artguru.ai\/blogs-es\/"},{"@type":"ListItem","position":2,"name":"Generador de tatuajes con IA en l\u00ednea"}]},{"@type":"Question","@id":"https:\/\/www.artguru.ai\/blogs-es\/ai-tattoo-generator\/#faq-question-1684836961394","position":1,"url":"https:\/\/www.artguru.ai\/blogs-es\/ai-tattoo-generator\/#faq-question-1684836961394","name":"1. \u00bfEl Generador de Tatuajes de Artguru con IA es adecuado para todos los estilos de tatuajes?","answerCount":1,"acceptedAnswer":{"@type":"Answer","text":"\u00a1Por supuesto! El Generador de Tatuajes de Artguru con IA est\u00e1 dise\u00f1ado para adaptarse a una amplia variedad de estilos, desde tatuajes en tinta negra hasta creaciones coloridas y llamativas. No importa cu\u00e1les sean tus gustos art\u00edsticos, este generador puede satisfacerlos.","inLanguage":"en-US"},"inLanguage":"en-US"},{"@type":"Question","@id":"https:\/\/www.artguru.ai\/blogs-es\/ai-tattoo-generator\/#faq-question-1684837025108","position":2,"url":"https:\/\/www.artguru.ai\/blogs-es\/ai-tattoo-generator\/#faq-question-1684837025108","name":"2. \u00bfPuedo realizar cambios en el dise\u00f1o del tatuaje?","answerCount":1,"acceptedAnswer":{"@type":"Answer","text":"S\u00ed, puedes alterar el texto en el \u00e1rea de entrada. Prueba con diferentes palabras clave, s\u00edmbolos o tem\u00e1ticas para descubrir c\u00f3mo la inteligencia artificial se ajusta y crea nuevos dise\u00f1os de tatuaje en funci\u00f3n de los cambios que introduzcas.","inLanguage":"en-US"},"inLanguage":"en-US"}]}},"_links":{"self":[{"href":"https:\/\/www.artguru.ai\/blogs-es\/wp-json\/wp\/v2\/pages\/6"}],"collection":[{"href":"https:\/\/www.artguru.ai\/blogs-es\/wp-json\/wp\/v2\/pages"}],"about":[{"href":"https:\/\/www.artguru.ai\/blogs-es\/wp-json\/wp\/v2\/types\/page"}],"author":[{"embeddable":true,"href":"https:\/\/www.artguru.ai\/blogs-es\/wp-json\/wp\/v2\/users\/1"}],"replies":[{"embeddable":true,"href":"https:\/\/www.artguru.ai\/blogs-es\/wp-json\/wp\/v2\/comments?post=6"}],"version-history":[{"count":5,"href":"https:\/\/www.artguru.ai\/blogs-es\/wp-json\/wp\/v2\/pages\/6\/revisions"}],"predecessor-version":[{"id":412,"href":"https:\/\/www.artguru.ai\/blogs-es\/wp-json\/wp\/v2\/pages\/6\/revisions\/412"}],"wp:attachment":[{"href":"https:\/\/www.artguru.ai\/blogs-es\/wp-json\/wp\/v2\/media?parent=6"}],"curies":[{"name":"wp","href":"https:\/\/api.w.org\/{rel}","templated":true}]}}