{"id":390,"date":"2025-02-14T01:47:27","date_gmt":"2025-02-14T01:47:27","guid":{"rendered":"https:\/\/www.artguru.ai\/blogs-es\/?page_id=390"},"modified":"2025-06-21T17:25:35","modified_gmt":"2025-06-21T17:25:35","slug":"ai-chat","status":"publish","type":"page","link":"https:\/\/www.artguru.ai\/blogs-es\/ai-chat\/","title":{"rendered":"Chat con Inteligencia Artificial"},"content":{"rendered":"\n<div class=\"wp-block-media-text alignwide has-media-on-the-right is-stacked-on-mobile\"><figure class=\"wp-block-media-text__media\"><img src=\"https:\/\/img.mbwpai.com\/www.artguru.ai\/sites\/37\/2025\/02\/13083502\/chat-image-banner.png\" alt=\"\" class=\"wp-image-1871 size-full\"\/><\/figure><div class=\"wp-block-media-text__content\">\n<h1 class=\"has-text-align-left wp-block-heading\">Chat con Inteligencia Artificial<\/h1>\n\n\n\n<p class=\"has-text-align-left\">El chatbot de IA, impulsado por GPT.<\/p>\n\n\n\n<div class=\"wp-block-buttons is-content-justification-left btnBox\">\n<div class=\"wp-block-button\"><a class=\"wp-block-button__link\" href=\"https:\/\/www.chattide.ai\/es\/ai-chat\/\" target=\"_blank\" rel=\"noreferrer noopener\">Chatea ahora<\/a><\/div>\n<\/div>\n<\/div><\/div>\n\n\n\n<div class=\"wp-block-media-text alignwide has-media-on-the-right is-stacked-on-mobile whiteBg\"><figure class=\"wp-block-media-text__media\"><img src=\"https:\/\/img.mbwpai.com\/www.artguru.ai\/sites\/37\/2025\/02\/13083514\/chat-image-2.png\" alt=\"\" class=\"wp-image-1873 size-full\"\/><\/figure><div class=\"wp-block-media-text__content\">\n<h2 class=\"has-text-align-left wp-block-heading\">AI Chatbot: No Solo Im\u00e1genes, Tambi\u00e9n Charlemos y Escribamos<\/h2>\n\n\n\n<p class=\"has-text-align-left\">El chatbot de IA est\u00e1 preparado para responder a cualquier pregunta y crear contenido textual. Dile exactamente lo que necesitas, sea la pregunta que tengas en mente o el tema y tono para un contenido escrito. Este chatbot ofrece respuestas claras e informativas a tus preguntas y entiende el contexto para elaborar textos que cumplan con tus expectativas, ya sean entradas de blog, historias, guiones o materiales de marketing. Solo pregunta y considera que ya est\u00e1 hecho.<\/p>\n\n\n\n<div class=\"wp-container-6a01fe459929d wp-block-group\"><div class=\"wp-block-group__inner-container\"><\/div><\/div>\n<style>.wp-container-6a01fe459929d .alignleft { float: left; margin-right: 2em; }.wp-container-6a01fe459929d .alignright { float: right; margin-left: 2em; }<\/style><\/div><\/div>\n\n\n\n<div class=\"wp-container-6a01fe459930d wp-block-group faqBox\"><div class=\"wp-block-group__inner-container\">\n<h2 class=\"wp-block-heading\">Preguntas Frecuentes sobre el Chatbot de IA<\/h2>\n\n\n\n<div class=\"schema-faq wp-block-yoast-faq-block\"><div class=\"schema-faq-section\" id=\"faq-question-1684837025108\"><strong class=\"schema-faq-question\">1. \u00bfEs posible hacerle cualquier pregunta al Chatbot de IA?<\/strong> <p class=\"schema-faq-answer\">S\u00ed, el Chatbot de IA est\u00e1 preparado para responder a cualquier pregunta que tengas. No solo est\u00e1 dise\u00f1ado para crear im\u00e1genes, sino tambi\u00e9n para ofrecer respuestas detalladas e informativas a un amplio espectro de interrogantes.<\/p> <\/div> <div class=\"schema-faq-section\" id=\"faq-question-1684837036705\"><strong class=\"schema-faq-question\">2. \u00bfCu\u00e1n precisas son las respuestas proporcionadas por el Chatbot de IA?<\/strong> <p class=\"schema-faq-answer\">El Chatbot de IA aspira a ofrecer informaci\u00f3n precisa gracias a la avanzada tecnolog\u00eda GPT. Sin embargo, ocasionalmente puede equivocarse debido a los datos con los que cuenta o su interpretaci\u00f3n de las preguntas. Si ocurre esto, te recomendamos hacer una nueva pregunta con m\u00e1s detalles o buscar la informaci\u00f3n por otros medios.<\/p> <\/div> <\/div>\n<\/div><\/div>\n<style>.wp-container-6a01fe459930d .alignleft { float: left; margin-right: 2em; }.wp-container-6a01fe459930d .alignright { float: right; margin-left: 2em; }<\/style>","protected":false},"excerpt":{"rendered":"<p>Preguntas Frecuentes sobre el Chatbot de IA<\/p>\n","protected":false},"author":3,"featured_media":0,"parent":0,"menu_order":0,"comment_status":"closed","ping_status":"closed","template":"customPage.php","meta":[],"yoast_head":"<!-- This site is optimized with the Yoast SEO plugin v17.4 - https:\/\/yoast.com\/wordpress\/plugins\/seo\/ -->\n<title>Chat con Inteligencia Artificial En L\u00ednea Gratis<\/title>\n<meta name=\"description\" content=\"Chatea con la IA para una creatividad sin l\u00edmites. Genera contenido a demanda y da vida a tus ideas con el chatbot de IA. \u00a1Pru\u00e9balo ahora!\" \/>\n<meta name=\"robots\" content=\"index, follow, max-snippet:-1, max-image-preview:large, max-video-preview:-1\" \/>\n<link rel=\"canonical\" href=\"https:\/\/www.artguru.ai\/blogs-es\/ai-chat\/\" \/>\n<meta property=\"og:locale\" content=\"en_US\" \/>\n<meta property=\"og:type\" content=\"article\" \/>\n<meta property=\"og:title\" content=\"Chat con Inteligencia Artificial En L\u00ednea Gratis\" \/>\n<meta property=\"og:description\" content=\"Chatea con la IA para una creatividad sin l\u00edmites. Genera contenido a demanda y da vida a tus ideas con el chatbot de IA. \u00a1Pru\u00e9balo ahora!\" \/>\n<meta property=\"og:url\" content=\"https:\/\/www.artguru.ai\/blogs-es\/ai-chat\/\" \/>\n<meta property=\"og:site_name\" content=\"www.artguru.ai\/blogs-es\" \/>\n<meta property=\"article:modified_time\" content=\"2025-06-21T17:25:35+00:00\" \/>\n<meta property=\"og:image\" content=\"https:\/\/img.mbwpai.com\/www.artguru.ai\/sites\/37\/2025\/02\/13083502\/chat-image-banner.png\" \/>\n<meta name=\"twitter:card\" content=\"summary_large_image\" \/>\n<meta name=\"twitter:label1\" content=\"Est. reading time\" \/>\n\t<meta name=\"twitter:data1\" content=\"2 minutes\" \/>\n<script type=\"application\/ld+json\" class=\"yoast-schema-graph\">{\"@context\":\"https:\/\/schema.org\",\"@graph\":[{\"@type\":\"WebSite\",\"@id\":\"https:\/\/www.artguru.ai\/blogs-es\/#website\",\"url\":\"https:\/\/www.artguru.ai\/blogs-es\/\",\"name\":\"www.artguru.ai\/blogs-es\",\"description\":\"Just another www.artguru.ai site\",\"potentialAction\":[{\"@type\":\"SearchAction\",\"target\":{\"@type\":\"EntryPoint\",\"urlTemplate\":\"https:\/\/www.artguru.ai\/blogs-es\/?s={search_term_string}\"},\"query-input\":\"required name=search_term_string\"}],\"inLanguage\":\"en-US\"},{\"@type\":\"ImageObject\",\"@id\":\"https:\/\/www.artguru.ai\/blogs-es\/ai-chat\/#primaryimage\",\"inLanguage\":\"en-US\",\"url\":\"https:\/\/img.mbwpai.com\/www.artguru.ai\/sites\/37\/2025\/02\/13083502\/chat-image-banner.png\",\"contentUrl\":\"https:\/\/img.mbwpai.com\/www.artguru.ai\/sites\/37\/2025\/02\/13083502\/chat-image-banner.png\"},{\"@type\":[\"WebPage\",\"FAQPage\"],\"@id\":\"https:\/\/www.artguru.ai\/blogs-es\/ai-chat\/#webpage\",\"url\":\"https:\/\/www.artguru.ai\/blogs-es\/ai-chat\/\",\"name\":\"Chat con Inteligencia Artificial En L\\u00ednea Gratis\",\"isPartOf\":{\"@id\":\"https:\/\/www.artguru.ai\/blogs-es\/#website\"},\"primaryImageOfPage\":{\"@id\":\"https:\/\/www.artguru.ai\/blogs-es\/ai-chat\/#primaryimage\"},\"datePublished\":\"2025-02-14T01:47:27+00:00\",\"dateModified\":\"2025-06-21T17:25:35+00:00\",\"description\":\"Chatea con la IA para una creatividad sin l\\u00edmites. Genera contenido a demanda y da vida a tus ideas con el chatbot de IA. \\u00a1Pru\\u00e9balo ahora!\",\"breadcrumb\":{\"@id\":\"https:\/\/www.artguru.ai\/blogs-es\/ai-chat\/#breadcrumb\"},\"mainEntity\":[{\"@id\":\"https:\/\/www.artguru.ai\/blogs-es\/ai-chat\/#faq-question-1684837025108\"},{\"@id\":\"https:\/\/www.artguru.ai\/blogs-es\/ai-chat\/#faq-question-1684837036705\"}],\"inLanguage\":\"en-US\",\"potentialAction\":[{\"@type\":\"ReadAction\",\"target\":[\"https:\/\/www.artguru.ai\/blogs-es\/ai-chat\/\"]}]},{\"@type\":\"BreadcrumbList\",\"@id\":\"https:\/\/www.artguru.ai\/blogs-es\/ai-chat\/#breadcrumb\",\"itemListElement\":[{\"@type\":\"ListItem\",\"position\":1,\"name\":\"Blog\",\"item\":\"https:\/\/www.artguru.ai\/blogs-es\/\"},{\"@type\":\"ListItem\",\"position\":2,\"name\":\"Chat con Inteligencia Artificial\"}]},{\"@type\":\"Question\",\"@id\":\"https:\/\/www.artguru.ai\/blogs-es\/ai-chat\/#faq-question-1684837025108\",\"position\":1,\"url\":\"https:\/\/www.artguru.ai\/blogs-es\/ai-chat\/#faq-question-1684837025108\",\"name\":\"1. \\u00bfEs posible hacerle cualquier pregunta al Chatbot de IA?\",\"answerCount\":1,\"acceptedAnswer\":{\"@type\":\"Answer\",\"text\":\"S\\u00ed, el Chatbot de IA est\\u00e1 preparado para responder a cualquier pregunta que tengas. No solo est\\u00e1 dise\\u00f1ado para crear im\\u00e1genes, sino tambi\\u00e9n para ofrecer respuestas detalladas e informativas a un amplio espectro de interrogantes.\",\"inLanguage\":\"en-US\"},\"inLanguage\":\"en-US\"},{\"@type\":\"Question\",\"@id\":\"https:\/\/www.artguru.ai\/blogs-es\/ai-chat\/#faq-question-1684837036705\",\"position\":2,\"url\":\"https:\/\/www.artguru.ai\/blogs-es\/ai-chat\/#faq-question-1684837036705\",\"name\":\"2. \\u00bfCu\\u00e1n precisas son las respuestas proporcionadas por el Chatbot de IA?\",\"answerCount\":1,\"acceptedAnswer\":{\"@type\":\"Answer\",\"text\":\"El Chatbot de IA aspira a ofrecer informaci\\u00f3n precisa gracias a la avanzada tecnolog\\u00eda GPT. Sin embargo, ocasionalmente puede equivocarse debido a los datos con los que cuenta o su interpretaci\\u00f3n de las preguntas. Si ocurre esto, te recomendamos hacer una nueva pregunta con m\\u00e1s detalles o buscar la informaci\\u00f3n por otros medios.\",\"inLanguage\":\"en-US\"},\"inLanguage\":\"en-US\"}]}<\/script>\n<!-- \/ Yoast SEO plugin. -->","yoast_head_json":{"title":"Chat con Inteligencia Artificial En L\u00ednea Gratis","description":"Chatea con la IA para una creatividad sin l\u00edmites. Genera contenido a demanda y da vida a tus ideas con el chatbot de IA. \u00a1Pru\u00e9balo ahora!","robots":{"index":"index","follow":"follow","max-snippet":"max-snippet:-1","max-image-preview":"max-image-preview:large","max-video-preview":"max-video-preview:-1"},"canonical":"https:\/\/www.artguru.ai\/blogs-es\/ai-chat\/","og_locale":"en_US","og_type":"article","og_title":"Chat con Inteligencia Artificial En L\u00ednea Gratis","og_description":"Chatea con la IA para una creatividad sin l\u00edmites. Genera contenido a demanda y da vida a tus ideas con el chatbot de IA. \u00a1Pru\u00e9balo ahora!","og_url":"https:\/\/www.artguru.ai\/blogs-es\/ai-chat\/","og_site_name":"www.artguru.ai\/blogs-es","article_modified_time":"2025-06-21T17:25:35+00:00","og_image":[{"url":"https:\/\/img.mbwpai.com\/www.artguru.ai\/sites\/37\/2025\/02\/13083502\/chat-image-banner.png"}],"twitter_card":"summary_large_image","twitter_misc":{"Est. reading time":"2 minutes"},"schema":{"@context":"https:\/\/schema.org","@graph":[{"@type":"WebSite","@id":"https:\/\/www.artguru.ai\/blogs-es\/#website","url":"https:\/\/www.artguru.ai\/blogs-es\/","name":"www.artguru.ai\/blogs-es","description":"Just another www.artguru.ai site","potentialAction":[{"@type":"SearchAction","target":{"@type":"EntryPoint","urlTemplate":"https:\/\/www.artguru.ai\/blogs-es\/?s={search_term_string}"},"query-input":"required name=search_term_string"}],"inLanguage":"en-US"},{"@type":"ImageObject","@id":"https:\/\/www.artguru.ai\/blogs-es\/ai-chat\/#primaryimage","inLanguage":"en-US","url":"https:\/\/img.mbwpai.com\/www.artguru.ai\/sites\/37\/2025\/02\/13083502\/chat-image-banner.png","contentUrl":"https:\/\/img.mbwpai.com\/www.artguru.ai\/sites\/37\/2025\/02\/13083502\/chat-image-banner.png"},{"@type":["WebPage","FAQPage"],"@id":"https:\/\/www.artguru.ai\/blogs-es\/ai-chat\/#webpage","url":"https:\/\/www.artguru.ai\/blogs-es\/ai-chat\/","name":"Chat con Inteligencia Artificial En L\u00ednea Gratis","isPartOf":{"@id":"https:\/\/www.artguru.ai\/blogs-es\/#website"},"primaryImageOfPage":{"@id":"https:\/\/www.artguru.ai\/blogs-es\/ai-chat\/#primaryimage"},"datePublished":"2025-02-14T01:47:27+00:00","dateModified":"2025-06-21T17:25:35+00:00","description":"Chatea con la IA para una creatividad sin l\u00edmites. Genera contenido a demanda y da vida a tus ideas con el chatbot de IA. \u00a1Pru\u00e9balo ahora!","breadcrumb":{"@id":"https:\/\/www.artguru.ai\/blogs-es\/ai-chat\/#breadcrumb"},"mainEntity":[{"@id":"https:\/\/www.artguru.ai\/blogs-es\/ai-chat\/#faq-question-1684837025108"},{"@id":"https:\/\/www.artguru.ai\/blogs-es\/ai-chat\/#faq-question-1684837036705"}],"inLanguage":"en-US","potentialAction":[{"@type":"ReadAction","target":["https:\/\/www.artguru.ai\/blogs-es\/ai-chat\/"]}]},{"@type":"BreadcrumbList","@id":"https:\/\/www.artguru.ai\/blogs-es\/ai-chat\/#breadcrumb","itemListElement":[{"@type":"ListItem","position":1,"name":"Blog","item":"https:\/\/www.artguru.ai\/blogs-es\/"},{"@type":"ListItem","position":2,"name":"Chat con Inteligencia Artificial"}]},{"@type":"Question","@id":"https:\/\/www.artguru.ai\/blogs-es\/ai-chat\/#faq-question-1684837025108","position":1,"url":"https:\/\/www.artguru.ai\/blogs-es\/ai-chat\/#faq-question-1684837025108","name":"1. \u00bfEs posible hacerle cualquier pregunta al Chatbot de IA?","answerCount":1,"acceptedAnswer":{"@type":"Answer","text":"S\u00ed, el Chatbot de IA est\u00e1 preparado para responder a cualquier pregunta que tengas. No solo est\u00e1 dise\u00f1ado para crear im\u00e1genes, sino tambi\u00e9n para ofrecer respuestas detalladas e informativas a un amplio espectro de interrogantes.","inLanguage":"en-US"},"inLanguage":"en-US"},{"@type":"Question","@id":"https:\/\/www.artguru.ai\/blogs-es\/ai-chat\/#faq-question-1684837036705","position":2,"url":"https:\/\/www.artguru.ai\/blogs-es\/ai-chat\/#faq-question-1684837036705","name":"2. \u00bfCu\u00e1n precisas son las respuestas proporcionadas por el Chatbot de IA?","answerCount":1,"acceptedAnswer":{"@type":"Answer","text":"El Chatbot de IA aspira a ofrecer informaci\u00f3n precisa gracias a la avanzada tecnolog\u00eda GPT. Sin embargo, ocasionalmente puede equivocarse debido a los datos con los que cuenta o su interpretaci\u00f3n de las preguntas. Si ocurre esto, te recomendamos hacer una nueva pregunta con m\u00e1s detalles o buscar la informaci\u00f3n por otros medios.","inLanguage":"en-US"},"inLanguage":"en-US"}]}},"_links":{"self":[{"href":"https:\/\/www.artguru.ai\/blogs-es\/wp-json\/wp\/v2\/pages\/390"}],"collection":[{"href":"https:\/\/www.artguru.ai\/blogs-es\/wp-json\/wp\/v2\/pages"}],"about":[{"href":"https:\/\/www.artguru.ai\/blogs-es\/wp-json\/wp\/v2\/types\/page"}],"author":[{"embeddable":true,"href":"https:\/\/www.artguru.ai\/blogs-es\/wp-json\/wp\/v2\/users\/3"}],"replies":[{"embeddable":true,"href":"https:\/\/www.artguru.ai\/blogs-es\/wp-json\/wp\/v2\/comments?post=390"}],"version-history":[{"count":3,"href":"https:\/\/www.artguru.ai\/blogs-es\/wp-json\/wp\/v2\/pages\/390\/revisions"}],"predecessor-version":[{"id":588,"href":"https:\/\/www.artguru.ai\/blogs-es\/wp-json\/wp\/v2\/pages\/390\/revisions\/588"}],"wp:attachment":[{"href":"https:\/\/www.artguru.ai\/blogs-es\/wp-json\/wp\/v2\/media?parent=390"}],"curies":[{"name":"wp","href":"https:\/\/api.w.org\/{rel}","templated":true}]}}