{"id":379,"date":"2025-02-12T04:22:00","date_gmt":"2025-02-12T04:22:00","guid":{"rendered":"https:\/\/www.artguru.ai\/blogs-es\/?page_id=379"},"modified":"2025-03-04T05:35:14","modified_gmt":"2025-03-04T05:35:14","slug":"ai-video-generator-from-text","status":"publish","type":"page","link":"https:\/\/www.artguru.ai\/blogs-es\/ai-video-generator-from-text\/","title":{"rendered":"Generador de Video con IA"},"content":{"rendered":"\n<div class=\"wp-block-media-text alignwide has-media-on-the-right is-stacked-on-mobile\"><figure class=\"wp-block-media-text__media\"><img src=\"https:\/\/img.mbwpai.com\/www.artguru.ai\/sites\/37\/2025\/02\/12034405\/ai-video-top-banner.png\" alt=\"\" class=\"wp-image-1845 size-full\"\/><\/figure><div class=\"wp-block-media-text__content\">\n<h1 class=\"has-text-align-left wp-block-heading\">Dale Vida a Cualquier Idea con el Generador de Videos con IA<\/h1>\n\n\n\n<p class=\"has-text-align-left\">Transforma tus ideas, sean reales o imaginarias, en escenas de video al instante con apenas un prompt de texto\u2014sin necesidad de ser un experto.<\/p>\n<\/div><\/div>\n\n\n\n<div class=\"wp-block-media-text alignwide is-stacked-on-mobile whiteBg space column-reverse\"><figure class=\"wp-block-media-text__media\"><img src=\"https:\/\/img.mbwpai.com\/www.artguru.ai\/sites\/37\/2025\/02\/12034413\/ai-video-banner-1.png\" alt=\"\" class=\"wp-image-1846 size-full\"\/><\/figure><div class=\"wp-block-media-text__content\">\n<h2 class=\"has-text-align-left wp-block-heading\">Crea Videos a Partir de Texto para Todo Tipo de Temas<\/h2>\n\n\n\n<p class=\"has-text-align-left\">Transforma textos en videos cortos y cautivadores de cualquier tema al instante\u2014desde cocina, aventuras de perros en el espacio hasta proyectos DIY interesantes. El generador de video de texto a video es ideal para generar nuevas ideas o darle un toque especial a tu contenido. Proporciona una forma r\u00e1pida y econ\u00f3mica de enriquecer tus videos con ideas novedosas y visuales, facilitando un proceso creativo m\u00e1s fluido e inspirador.<\/p>\n\n\n\n<div class=\"wp-container-69f31a0ea8c0b wp-block-group\"><div class=\"wp-block-group__inner-container\"><\/div><\/div>\n<style>.wp-container-69f31a0ea8c0b .alignleft { float: left; margin-right: 2em; }.wp-container-69f31a0ea8c0b .alignright { float: right; margin-left: 2em; }<\/style><\/div><\/div>\n\n\n\n<div class=\"wp-block-media-text alignwide has-media-on-the-right is-stacked-on-mobile whiteBg\"><figure class=\"wp-block-media-text__media\"><img src=\"https:\/\/img.mbwpai.com\/www.artguru.ai\/sites\/37\/2025\/02\/12034423\/ai-video-banner-2.png\" alt=\"\" class=\"wp-image-1847 size-full\"\/><\/figure><div class=\"wp-block-media-text__content\">\n<h2 class=\"has-text-align-left wp-block-heading\">Convierte Textos en Videos de Cualquier Estilo<\/h2>\n\n\n\n<p class=\"has-text-align-left\">Descubre la facilidad de crear videos en cualquier estilo, desde escenas de la vida cotidiana hasta animaciones en 3D, usando el generador de videos de texto a video con IA\u2014es tan sencillo como teclear. Ahora, cualquiera puede compartir historias visualmente sin requerir habilidades t\u00e9cnicas, transformando textos en escenas llenas de vida que reflejan tu imaginaci\u00f3n. Libera tu expresi\u00f3n creativa en cualquier estilo que puedas imaginar de manera sencilla, y mira c\u00f3mo tus ideas se materializan con detalles sorprendentes.<\/p>\n\n\n\n<div class=\"wp-container-69f31a0ea8d09 wp-block-group\"><div class=\"wp-block-group__inner-container\"><\/div><\/div>\n<style>.wp-container-69f31a0ea8d09 .alignleft { float: left; margin-right: 2em; }.wp-container-69f31a0ea8d09 .alignright { float: right; margin-left: 2em; }<\/style><\/div><\/div>\n\n\n\n<h2 class=\"wp-block-heading flex-row\">Descubre m\u00e1s herramientas de IA<\/h2>\n\n\n\n<div class=\"wp-block-columns alignfull has-text-color has-background\" style=\"background-color:#ffffff;color:#000000\">\n<div class=\"wp-block-column\">\n<figure class=\"wp-block-image size-full\"><a href=\"https:\/\/www.artguru.ai\/es\/ai-text-to-image-generator\/\"><img src=\"https:\/\/img.mbwpai.com\/www.artguru.ai\/sites\/37\/2025\/02\/08091057\/artguru-text-to-image-banner.png\" alt=\"\" class=\"wp-image-1561\"\/><\/a><\/figure>\n\n\n\n<h5 class=\"has-text-align-center wp-block-heading\"><a href=\"https:\/\/www.artguru.ai\/es\/ai-text-to-image-generator\/\">Generador de im\u00e1genes con IA<\/a><\/h5>\n\n\n\n<p class=\"has-text-align-center\">Crea im\u00e1genes con inteligencia artificial a partir de descripciones textuales.<\/p>\n<\/div>\n\n\n\n<div class=\"wp-block-column\">\n<figure class=\"wp-block-image size-full\"><a href=\"https:\/\/www.artguru.ai\/es\/background-remover\/\"><img src=\"https:\/\/img.mbwpai.com\/www.artguru.ai\/sites\/37\/2025\/02\/08092021\/remove-bg-banner.png\" alt=\"\" class=\"wp-image-1576\"\/><\/a><\/figure>\n\n\n\n<h5 class=\"has-text-align-center wp-block-heading\"><a href=\"https:\/\/www.artguru.ai\/es\/background-remover\/\">Eliminador de fondos<\/a><\/h5>\n\n\n\n<p class=\"has-text-align-center\">Elimina fondos de im\u00e1genes autom\u00e1ticamente con un solo clic.<\/p>\n<\/div>\n\n\n\n<div class=\"wp-block-column\">\n<figure class=\"wp-block-image size-large\"><a href=\"https:\/\/www.artguru.ai\/es\/remove-object-from-photo\/\"><img src=\"https:\/\/img.mbwpai.com\/www.artguru.ai\/sites\/37\/2024\/11\/06103938\/artguru-ai-magic-eraser.png\" alt=\"\"\/><\/a><\/figure>\n\n\n\n<h5 class=\"has-text-align-center wp-block-heading\"><a href=\"https:\/\/www.artguru.ai\/es\/remove-object-from-photo\/\">Borrador m\u00e1gico de IA<\/a><\/h5>\n\n\n\n<p class=\"has-text-align-center\">Elimina objetos, personas o texto indeseados de tus fotos.<\/p>\n<\/div>\n<\/div>\n\n\n\n<p><\/p>\n","protected":false},"excerpt":{"rendered":"<p>Dale Vida a Cualquier Idea con el Generador de Videos con IA Transforma tus ideas, sean reales o imaginarias, en escenas de video al instante con apenas un prompt de texto\u2014sin necesidad de ser un experto. Descubre m\u00e1s herramientas de IA Generador de im\u00e1genes con IA Crea im\u00e1genes con inteligencia artificial a partir de descripciones [&hellip;]<\/p>\n","protected":false},"author":3,"featured_media":0,"parent":0,"menu_order":0,"comment_status":"closed","ping_status":"closed","template":"customPage.php","meta":[],"yoast_head":"<!-- This site is optimized with the Yoast SEO plugin v17.4 - https:\/\/yoast.com\/wordpress\/plugins\/seo\/ -->\n<title>Generador de Video con IA: Transforma Texto a Video en L\u00ednea<\/title>\n<meta name=\"description\" content=\"Convierte textos en videos con el generador de videos IA: Creaci\u00f3n de videos instant\u00e1nea, sencilla y para cualquier tem\u00e1tica o estilo, sin necesidad de tener habilidades previas.\" \/>\n<meta name=\"robots\" content=\"index, follow, max-snippet:-1, max-image-preview:large, max-video-preview:-1\" \/>\n<link rel=\"canonical\" href=\"https:\/\/www.artguru.ai\/blogs-es\/ai-video-generator-from-text\/\" \/>\n<meta property=\"og:locale\" content=\"en_US\" \/>\n<meta property=\"og:type\" content=\"article\" \/>\n<meta property=\"og:title\" content=\"Generador de Video con IA: Transforma Texto a Video en L\u00ednea\" \/>\n<meta property=\"og:description\" content=\"Convierte textos en videos con el generador de videos IA: Creaci\u00f3n de videos instant\u00e1nea, sencilla y para cualquier tem\u00e1tica o estilo, sin necesidad de tener habilidades previas.\" \/>\n<meta property=\"og:url\" content=\"https:\/\/www.artguru.ai\/blogs-es\/ai-video-generator-from-text\/\" \/>\n<meta property=\"og:site_name\" content=\"www.artguru.ai\/blogs-es\" \/>\n<meta property=\"article:modified_time\" content=\"2025-03-04T05:35:14+00:00\" \/>\n<meta property=\"og:image\" content=\"https:\/\/img.mbwpai.com\/www.artguru.ai\/sites\/37\/2025\/02\/12034405\/ai-video-top-banner.png\" \/>\n<meta name=\"twitter:card\" content=\"summary_large_image\" \/>\n<meta name=\"twitter:label1\" content=\"Est. reading time\" \/>\n\t<meta name=\"twitter:data1\" content=\"3 minutes\" \/>\n<script type=\"application\/ld+json\" class=\"yoast-schema-graph\">{\"@context\":\"https:\/\/schema.org\",\"@graph\":[{\"@type\":\"WebSite\",\"@id\":\"https:\/\/www.artguru.ai\/blogs-es\/#website\",\"url\":\"https:\/\/www.artguru.ai\/blogs-es\/\",\"name\":\"www.artguru.ai\/blogs-es\",\"description\":\"Just another www.artguru.ai site\",\"potentialAction\":[{\"@type\":\"SearchAction\",\"target\":{\"@type\":\"EntryPoint\",\"urlTemplate\":\"https:\/\/www.artguru.ai\/blogs-es\/?s={search_term_string}\"},\"query-input\":\"required name=search_term_string\"}],\"inLanguage\":\"en-US\"},{\"@type\":\"ImageObject\",\"@id\":\"https:\/\/www.artguru.ai\/blogs-es\/ai-video-generator-from-text\/#primaryimage\",\"inLanguage\":\"en-US\",\"url\":\"https:\/\/img.mbwpai.com\/www.artguru.ai\/sites\/37\/2025\/02\/12034405\/ai-video-top-banner.png\",\"contentUrl\":\"https:\/\/img.mbwpai.com\/www.artguru.ai\/sites\/37\/2025\/02\/12034405\/ai-video-top-banner.png\"},{\"@type\":\"WebPage\",\"@id\":\"https:\/\/www.artguru.ai\/blogs-es\/ai-video-generator-from-text\/#webpage\",\"url\":\"https:\/\/www.artguru.ai\/blogs-es\/ai-video-generator-from-text\/\",\"name\":\"Generador de Video con IA: Transforma Texto a Video en L\\u00ednea\",\"isPartOf\":{\"@id\":\"https:\/\/www.artguru.ai\/blogs-es\/#website\"},\"primaryImageOfPage\":{\"@id\":\"https:\/\/www.artguru.ai\/blogs-es\/ai-video-generator-from-text\/#primaryimage\"},\"datePublished\":\"2025-02-12T04:22:00+00:00\",\"dateModified\":\"2025-03-04T05:35:14+00:00\",\"description\":\"Convierte textos en videos con el generador de videos IA: Creaci\\u00f3n de videos instant\\u00e1nea, sencilla y para cualquier tem\\u00e1tica o estilo, sin necesidad de tener habilidades previas.\",\"breadcrumb\":{\"@id\":\"https:\/\/www.artguru.ai\/blogs-es\/ai-video-generator-from-text\/#breadcrumb\"},\"inLanguage\":\"en-US\",\"potentialAction\":[{\"@type\":\"ReadAction\",\"target\":[\"https:\/\/www.artguru.ai\/blogs-es\/ai-video-generator-from-text\/\"]}]},{\"@type\":\"BreadcrumbList\",\"@id\":\"https:\/\/www.artguru.ai\/blogs-es\/ai-video-generator-from-text\/#breadcrumb\",\"itemListElement\":[{\"@type\":\"ListItem\",\"position\":1,\"name\":\"Blog\",\"item\":\"https:\/\/www.artguru.ai\/blogs-es\/\"},{\"@type\":\"ListItem\",\"position\":2,\"name\":\"Generador de Video con IA\"}]}]}<\/script>\n<!-- \/ Yoast SEO plugin. -->","yoast_head_json":{"title":"Generador de Video con IA: Transforma Texto a Video en L\u00ednea","description":"Convierte textos en videos con el generador de videos IA: Creaci\u00f3n de videos instant\u00e1nea, sencilla y para cualquier tem\u00e1tica o estilo, sin necesidad de tener habilidades previas.","robots":{"index":"index","follow":"follow","max-snippet":"max-snippet:-1","max-image-preview":"max-image-preview:large","max-video-preview":"max-video-preview:-1"},"canonical":"https:\/\/www.artguru.ai\/blogs-es\/ai-video-generator-from-text\/","og_locale":"en_US","og_type":"article","og_title":"Generador de Video con IA: Transforma Texto a Video en L\u00ednea","og_description":"Convierte textos en videos con el generador de videos IA: Creaci\u00f3n de videos instant\u00e1nea, sencilla y para cualquier tem\u00e1tica o estilo, sin necesidad de tener habilidades previas.","og_url":"https:\/\/www.artguru.ai\/blogs-es\/ai-video-generator-from-text\/","og_site_name":"www.artguru.ai\/blogs-es","article_modified_time":"2025-03-04T05:35:14+00:00","og_image":[{"url":"https:\/\/img.mbwpai.com\/www.artguru.ai\/sites\/37\/2025\/02\/12034405\/ai-video-top-banner.png"}],"twitter_card":"summary_large_image","twitter_misc":{"Est. reading time":"3 minutes"},"schema":{"@context":"https:\/\/schema.org","@graph":[{"@type":"WebSite","@id":"https:\/\/www.artguru.ai\/blogs-es\/#website","url":"https:\/\/www.artguru.ai\/blogs-es\/","name":"www.artguru.ai\/blogs-es","description":"Just another www.artguru.ai site","potentialAction":[{"@type":"SearchAction","target":{"@type":"EntryPoint","urlTemplate":"https:\/\/www.artguru.ai\/blogs-es\/?s={search_term_string}"},"query-input":"required name=search_term_string"}],"inLanguage":"en-US"},{"@type":"ImageObject","@id":"https:\/\/www.artguru.ai\/blogs-es\/ai-video-generator-from-text\/#primaryimage","inLanguage":"en-US","url":"https:\/\/img.mbwpai.com\/www.artguru.ai\/sites\/37\/2025\/02\/12034405\/ai-video-top-banner.png","contentUrl":"https:\/\/img.mbwpai.com\/www.artguru.ai\/sites\/37\/2025\/02\/12034405\/ai-video-top-banner.png"},{"@type":"WebPage","@id":"https:\/\/www.artguru.ai\/blogs-es\/ai-video-generator-from-text\/#webpage","url":"https:\/\/www.artguru.ai\/blogs-es\/ai-video-generator-from-text\/","name":"Generador de Video con IA: Transforma Texto a Video en L\u00ednea","isPartOf":{"@id":"https:\/\/www.artguru.ai\/blogs-es\/#website"},"primaryImageOfPage":{"@id":"https:\/\/www.artguru.ai\/blogs-es\/ai-video-generator-from-text\/#primaryimage"},"datePublished":"2025-02-12T04:22:00+00:00","dateModified":"2025-03-04T05:35:14+00:00","description":"Convierte textos en videos con el generador de videos IA: Creaci\u00f3n de videos instant\u00e1nea, sencilla y para cualquier tem\u00e1tica o estilo, sin necesidad de tener habilidades previas.","breadcrumb":{"@id":"https:\/\/www.artguru.ai\/blogs-es\/ai-video-generator-from-text\/#breadcrumb"},"inLanguage":"en-US","potentialAction":[{"@type":"ReadAction","target":["https:\/\/www.artguru.ai\/blogs-es\/ai-video-generator-from-text\/"]}]},{"@type":"BreadcrumbList","@id":"https:\/\/www.artguru.ai\/blogs-es\/ai-video-generator-from-text\/#breadcrumb","itemListElement":[{"@type":"ListItem","position":1,"name":"Blog","item":"https:\/\/www.artguru.ai\/blogs-es\/"},{"@type":"ListItem","position":2,"name":"Generador de Video con IA"}]}]}},"_links":{"self":[{"href":"https:\/\/www.artguru.ai\/blogs-es\/wp-json\/wp\/v2\/pages\/379"}],"collection":[{"href":"https:\/\/www.artguru.ai\/blogs-es\/wp-json\/wp\/v2\/pages"}],"about":[{"href":"https:\/\/www.artguru.ai\/blogs-es\/wp-json\/wp\/v2\/types\/page"}],"author":[{"embeddable":true,"href":"https:\/\/www.artguru.ai\/blogs-es\/wp-json\/wp\/v2\/users\/3"}],"replies":[{"embeddable":true,"href":"https:\/\/www.artguru.ai\/blogs-es\/wp-json\/wp\/v2\/comments?post=379"}],"version-history":[{"count":4,"href":"https:\/\/www.artguru.ai\/blogs-es\/wp-json\/wp\/v2\/pages\/379\/revisions"}],"predecessor-version":[{"id":406,"href":"https:\/\/www.artguru.ai\/blogs-es\/wp-json\/wp\/v2\/pages\/379\/revisions\/406"}],"wp:attachment":[{"href":"https:\/\/www.artguru.ai\/blogs-es\/wp-json\/wp\/v2\/media?parent=379"}],"curies":[{"name":"wp","href":"https:\/\/api.w.org\/{rel}","templated":true}]}}