{"id":188,"date":"2024-10-06T13:41:23","date_gmt":"2024-10-06T13:41:23","guid":{"rendered":"https:\/\/www.artguru.ai\/blogs-es\/?page_id=188"},"modified":"2025-02-11T10:31:19","modified_gmt":"2025-02-11T10:31:19","slug":"ai-face-generator","status":"publish","type":"page","link":"https:\/\/www.artguru.ai\/blogs-es\/ai-face-generator\/","title":{"rendered":"Generador de Rostros Humanos"},"content":{"rendered":"\n<div class=\"wp-block-media-text alignwide has-media-on-the-right is-stacked-on-mobile\"><figure class=\"wp-block-media-text__media\"><img loading=\"lazy\" width=\"572\" height=\"497\" src=\"https:\/\/img.mbwpai.com\/www.artguru.ai\/sites\/36\/2025\/02\/10114102\/ai-face-1.png\" alt=\"\" class=\"wp-image-298 size-full\" srcset=\"https:\/\/img.mbwpai.com\/www.artguru.ai\/sites\/36\/2025\/02\/10114102\/ai-face-1.png 572w, https:\/\/img.mbwpai.com\/www.artguru.ai\/sites\/36\/2025\/02\/10114102\/ai-face-1-300x261.png 300w\" sizes=\"(max-width: 572px) 100vw, 572px\" \/><\/figure><div class=\"wp-block-media-text__content\">\n<h1 class=\"has-text-align-left wp-block-heading\">Generador de Rostros Humanos<\/h1>\n\n\n\n<p class=\"has-text-align-left\">Crear cara con inteligencia artificial con facilidad usando el IA para crear rostros de Artguru AI, ya sea con descripciones de texto o fotos existentes<\/p>\n\n\n\n<div class=\"wp-container-69eae77e5b0e6 wp-block-group\"><div class=\"wp-block-group__inner-container\">\n<div class=\"wp-container-69eae77e5b0ae wp-block-group\"><div class=\"wp-block-group__inner-container\">\n<div class=\"wp-block-buttons btnBox\">\n<div class=\"wp-block-button\"><a class=\"wp-block-button__link\" href=\"https:\/\/www.artguru.ai\/es\/\" target=\"_blank\" rel=\"noreferrer noopener\">Crear Im\u00e1genes con IA<\/a><\/div>\n<\/div>\n<\/div><\/div>\n<style>.wp-container-69eae77e5b0ae .alignleft { float: left; margin-right: 2em; }.wp-container-69eae77e5b0ae .alignright { float: right; margin-left: 2em; }<\/style><\/div><\/div>\n<style>.wp-container-69eae77e5b0e6 .alignleft { float: left; margin-right: 2em; }.wp-container-69eae77e5b0e6 .alignright { float: right; margin-left: 2em; }<\/style><\/div><\/div>\n\n\n\n<div class=\"wp-block-columns alignfull customizeList listBox has-white-color has-white-background-color has-text-color has-background\">\n<div class=\"wp-block-column has-black-color has-text-color has-background\" style=\"background-color:#f6efff\">\n<h5 class=\"wp-block-heading\"><img loading=\"lazy\" width=\"24\" height=\"24\" class=\"wp-image-356\" style=\"width: 24px;\" src=\"https:\/\/img.mbwpai.com\/www.artguru.ai\/sites\/36\/2025\/02\/11101623\/icon1-1.png\" alt=\"\">Oportunidad gratuita de generar rostros IA<\/h5>\n\n\n\n<p>Hasta 5 oportunidades diarias de crear cara generada por IA de alta calidad de forma gratuita.<\/p>\n<\/div>\n\n\n\n<div class=\"wp-block-column has-black-color has-text-color has-background\" style=\"background-color:#f6efff\">\n<h5 class=\"wp-block-heading\"><img loading=\"lazy\" width=\"24\" height=\"24\" class=\"wp-image-357\" style=\"width: 24px;\" src=\"https:\/\/img.mbwpai.com\/www.artguru.ai\/sites\/36\/2025\/02\/11101632\/icon2-1.png\" alt=\"\">Liderando el aprendizaje profundo<\/h5>\n\n\n\n<p>El generador de rostros humanos de Artguru AI cuenta con tecnolog\u00eda avanzada de aprendizaje profundo.<\/p>\n<\/div>\n\n\n\n<div class=\"wp-block-column has-black-color has-text-color has-background\" style=\"background-color:#f6efff\">\n<h5 class=\"wp-block-heading\"><img loading=\"lazy\" width=\"24\" height=\"24\" class=\"wp-image-358\" style=\"width: 24px;\" src=\"https:\/\/img.mbwpai.com\/www.artguru.ai\/sites\/36\/2025\/02\/11101634\/icon3-1.png\" alt=\"\">Usa libremente<\/h5>\n\n\n\n<p>Aplica rostros generados por IA en diversas situaciones libremente.<\/p>\n<\/div>\n\n\n\n<div class=\"wp-block-column has-black-color has-text-color has-background\" style=\"background-color:#f6efff\">\n<h5 class=\"wp-block-heading\"><img loading=\"lazy\" width=\"24\" height=\"24\" class=\"wp-image-359\" style=\"width: 24px;\" src=\"https:\/\/img.mbwpai.com\/www.artguru.ai\/sites\/36\/2025\/02\/11101638\/icon4-1.png\" alt=\"\">Amigable para principiantes<\/h5>\n\n\n\n<p>Crear rostros con inteligencia artificial f\u00e1cilmente usando texto o fotos.<\/p>\n<\/div>\n<\/div>\n\n\n\n<div class=\"wp-container-69eae77e5b281 wp-block-group whiteBg blogBox\"><div class=\"wp-block-group__inner-container\">\n<h2 class=\"wp-block-heading\">Genere rostros \u00fanicos y realistas en segundos<\/h2>\n\n\n\n<p>El generador de caras inteligencia artificial de Artguru AI utiliza algoritmos de aprendizaje profundo para crear cara con inteligencia artificial \u00fanicos y realistas con atributos como edad, expresi\u00f3n, tono de piel, emociones y g\u00e9nero. Bajo la gu\u00eda de la IA, las posibilidades creativas son infinitas. Artistas, dise\u00f1adores y creadores pueden explorar este herramienta para dise\u00f1ar personajes \u00fanicos, crear rostros con inteligencia artificial personalizados e idear rostros distintos para diversos proyectos creativos.<\/p>\n\n\n\n<figure class=\"wp-block-image size-large\"><img loading=\"lazy\" width=\"1024\" height=\"479\" src=\"https:\/\/img.mbwpai.com\/www.artguru.ai\/sites\/36\/2025\/02\/10114129\/ai-face-2-1024x479.png\" alt=\"\" class=\"wp-image-300\" srcset=\"https:\/\/img.mbwpai.com\/www.artguru.ai\/sites\/36\/2025\/02\/10114129\/ai-face-2-1024x479.png 1024w, https:\/\/img.mbwpai.com\/www.artguru.ai\/sites\/36\/2025\/02\/10114129\/ai-face-2-300x140.png 300w, https:\/\/img.mbwpai.com\/www.artguru.ai\/sites\/36\/2025\/02\/10114129\/ai-face-2-768x359.png 768w, https:\/\/img.mbwpai.com\/www.artguru.ai\/sites\/36\/2025\/02\/10114129\/ai-face-2.png 1240w\" sizes=\"(max-width: 1024px) 100vw, 1024px\" \/><\/figure>\n<\/div><\/div>\n<style>.wp-container-69eae77e5b281 .alignleft { float: left; margin-right: 2em; }.wp-container-69eae77e5b281 .alignright { float: right; margin-left: 2em; }<\/style>\n\n\n<div class=\"wp-container-69eae77e5b3f6 wp-block-group alignfull stepBox\"><div class=\"wp-block-group__inner-container\">\n<h2 class=\"wp-block-heading flex-row\">\u00bfC\u00f3mo Usar IA para Crear Rostros?<\/h2>\n\n\n\n<div class=\"wp-block-columns alignfull customizeList has-text-color has-background\" style=\"background-color:#ffffff;color:#000000\">\n<div class=\"wp-block-column\">\n<div class=\"wp-block-image size-full\"><figure class=\"aligncenter size-full\"><img loading=\"lazy\" width=\"97\" height=\"97\" src=\"https:\/\/img.mbwpai.com\/www.artguru.ai\/sites\/36\/2025\/02\/10104849\/step1.png\" alt=\"\" class=\"wp-image-259\"\/><\/figure><\/div>\n\n\n\n<p class=\"has-text-align-center has-text-color\" style=\"color:#9b5bbb\"><strong>Passo 1<\/strong><\/p>\n\n\n\n<p class=\"has-text-align-center\">Usa descripciones de texto en el generador de rostros humanos para crear rostros IA con caracter\u00edsticas espec\u00edficas. Tambi\u00e9n puedes cargar fotos existentes.<\/p>\n<\/div>\n\n\n\n<div class=\"wp-block-column\">\n<div class=\"wp-block-image size-full\"><figure class=\"aligncenter size-full\"><img loading=\"lazy\" width=\"97\" height=\"97\" src=\"https:\/\/img.mbwpai.com\/www.artguru.ai\/sites\/36\/2025\/02\/10104850\/step2.png\" alt=\"\" class=\"wp-image-260\"\/><\/figure><\/div>\n\n\n\n<p class=\"has-text-align-center has-text-color\" style=\"color:#9b5bbb\"><strong><strong>Passo<\/strong> 2<\/strong><\/p>\n\n\n\n<p class=\"has-text-align-center\">Primero, elige un estilo art\u00edstico en el generador de rostros humanos en l\u00ednea. Puedes especificar elementos que no deseas ver en la imagen generada, \u00a1y no olvides ajustar el tama\u00f1o de la imagen!<\/p>\n<\/div>\n\n\n\n<div class=\"wp-block-column\">\n<div class=\"wp-block-image size-full\"><figure class=\"aligncenter size-full\"><img loading=\"lazy\" width=\"97\" height=\"97\" src=\"https:\/\/img.mbwpai.com\/www.artguru.ai\/sites\/36\/2025\/02\/10104851\/step3.png\" alt=\"\" class=\"wp-image-261\"\/><\/figure><\/div>\n\n\n\n<p class=\"has-text-align-center has-text-color\" style=\"color:#9b5bbb\"><strong><strong>Passo<\/strong> 3<\/strong><\/p>\n\n\n\n<p class=\"has-text-align-center\">Haz clic en &#8216;Generar&#8217; y espera unos segundos mientras generador de caras inteligencia artificial crea la imagen de rostro IA.<\/p>\n<\/div>\n<\/div>\n\n\n\n<div class=\"wp-block-buttons is-content-justification-center btnBox\">\n<div class=\"wp-block-button\"><a class=\"wp-block-button__link\" href=\"https:\/\/www.artguru.ai\/es\/\" target=\"_blank\" rel=\"noreferrer noopener\">Crear Im\u00e1genes con IA<\/a><\/div>\n<\/div>\n<\/div><\/div>\n<style>.wp-container-69eae77e5b3f6 .alignleft { float: left; margin-right: 2em; }.wp-container-69eae77e5b3f6 .alignright { float: right; margin-left: 2em; }<\/style>\n\n\n<div class=\"wp-block-media-text alignwide is-stacked-on-mobile whiteBg space column-reverse\"><figure class=\"wp-block-media-text__media\"><img loading=\"lazy\" width=\"490\" height=\"499\" src=\"https:\/\/img.mbwpai.com\/www.artguru.ai\/sites\/36\/2025\/02\/10114228\/ai-face-3.png\" alt=\"\" class=\"wp-image-301 size-full\" srcset=\"https:\/\/img.mbwpai.com\/www.artguru.ai\/sites\/36\/2025\/02\/10114228\/ai-face-3.png 490w, https:\/\/img.mbwpai.com\/www.artguru.ai\/sites\/36\/2025\/02\/10114228\/ai-face-3-295x300.png 295w\" sizes=\"(max-width: 490px) 100vw, 490px\" \/><\/figure><div class=\"wp-block-media-text__content\">\n<h2 class=\"has-text-align-left wp-block-heading\">Generar rostros basados en texto<\/h2>\n\n\n\n<p class=\"has-text-align-left\">Usa el generador de caras inteligencia artificial para transformar descripciones de texto en im\u00e1genes de rostros IA v\u00edvidas y realistas. Ya sea construyendo caracter\u00edsticas \u00fanicas desde la imaginaci\u00f3n o dotando de emociones basadas en la narrativa, simples descripciones de texto pueden aportar nuevas posibilidades creativas y art\u00edsticas.<\/p>\n\n\n\n<div class=\"wp-container-69eae77e5b48a wp-block-group\"><div class=\"wp-block-group__inner-container\">\n<div class=\"wp-block-buttons is-content-justification-left btnBox\">\n<div class=\"wp-block-button\"><a class=\"wp-block-button__link\" href=\"https:\/\/www.artguru.ai\/es\/\" target=\"_blank\" rel=\"noreferrer noopener\">Generar rostros desde texto<\/a><\/div>\n<\/div>\n<\/div><\/div>\n<style>.wp-container-69eae77e5b48a .alignleft { float: left; margin-right: 2em; }.wp-container-69eae77e5b48a .alignright { float: right; margin-left: 2em; }<\/style><\/div><\/div>\n\n\n\n<div class=\"wp-block-media-text alignwide has-media-on-the-right is-stacked-on-mobile whiteBg\"><figure class=\"wp-block-media-text__media\"><img loading=\"lazy\" width=\"490\" height=\"490\" src=\"https:\/\/img.mbwpai.com\/www.artguru.ai\/sites\/36\/2025\/02\/10114307\/ai-face-4.png\" alt=\"\" class=\"wp-image-302 size-full\" srcset=\"https:\/\/img.mbwpai.com\/www.artguru.ai\/sites\/36\/2025\/02\/10114307\/ai-face-4.png 490w, https:\/\/img.mbwpai.com\/www.artguru.ai\/sites\/36\/2025\/02\/10114307\/ai-face-4-300x300.png 300w, https:\/\/img.mbwpai.com\/www.artguru.ai\/sites\/36\/2025\/02\/10114307\/ai-face-4-150x150.png 150w\" sizes=\"(max-width: 490px) 100vw, 490px\" \/><\/figure><div class=\"wp-block-media-text__content\">\n<h2 class=\"has-text-align-left wp-block-heading\">Generar Rostros desde fotos<\/h2>\n\n\n\n<p class=\"has-text-align-left\">\u00a1Prueba el generador de caras inteligencia artificial de Artguru AI! Sube una foto y elige entre una variedad de estilos de animaci\u00f3n. Transforma fotos comunes en obras de arte de animaci\u00f3n asombrosas en un instante. Experimenta la diversi\u00f3n de convertir fotos en animaciones divertidas. Dale nueva vida a tus im\u00e1genes o agrega energ\u00eda a las otras con la magia de Artguru AI. \u00a1No te pierdas esta oportunidad r\u00e1pida y divertida!<\/p>\n\n\n\n<div class=\"wp-container-69eae77e5b526 wp-block-group\"><div class=\"wp-block-group__inner-container\">\n<div class=\"wp-block-buttons is-content-justification-left btnBox\">\n<div class=\"wp-block-button\"><a class=\"wp-block-button__link\" href=\"https:\/\/www.artguru.ai\/es\/\" target=\"_blank\" rel=\"noreferrer noopener\">Convierte fotos en rostros AI<\/a><\/div>\n<\/div>\n<\/div><\/div>\n<style>.wp-container-69eae77e5b526 .alignleft { float: left; margin-right: 2em; }.wp-container-69eae77e5b526 .alignright { float: right; margin-left: 2em; }<\/style><\/div><\/div>\n\n\n\n<h2 class=\"wp-block-heading\">Preguntas Frecuentes sobre el Generador de Rostros Humanos<\/h2>\n\n\n\n<div class=\"schema-faq wp-block-yoast-faq-block\"><div class=\"schema-faq-section\" id=\"faq-question-1684836961394\"><strong class=\"schema-faq-question\"><strong>\u00bfPuedo usar libremente las im\u00e1genes generadas por el generador de rostros IA?<\/strong><\/strong> <p class=\"schema-faq-answer\">S\u00ed, el generador de rostros humanos de Artguru AI ofrece oportunidades gratuitas de uso. Cada usuario puede generar de 3 a 5 im\u00e1genes de cara generada por IA diariamente.<\/p> <\/div> <div class=\"schema-faq-section\" id=\"faq-question-1684837025108\"><strong class=\"schema-faq-question\"><strong>\u00bfQu\u00e9 hago si no me gusta la imagen de rostros generados por IA?<\/strong><\/strong> <p class=\"schema-faq-answer\">Puedes crear cara con inteligencia artificial diferente seleccionando &#8216;Generar nuevamente&#8217;. Tambi\u00e9n puedes modificar tu descripci\u00f3n de texto para proporcionar detalles m\u00e1s espec\u00edficos o ajustar caracter\u00edsticas faciales que deseas cambiar. Esto ayuda al generador de rostros humanos a comprender mejor tus preferencias y crear una imagen de cara generada por IA que cumpla con tus expectativas.<\/p> <\/div> <div class=\"schema-faq-section\" id=\"faq-question-1684837036705\"><strong class=\"schema-faq-question\"><strong>\u00bfPuedo crear una versi\u00f3n IA de m\u00ed mismo?<\/strong><\/strong> <p class=\"schema-faq-answer\">\u00a1Por supuesto! Con IA para crear rostros de Artguru AI, puedes crear cara con inteligencia artificial de ti mismo. Solo carga tu foto y elige tu estilo favorito. El generador de rostros humanos transformar\u00e1 tu informaci\u00f3n en una imagen de rostro AI \u00fanica y podr\u00e1s explorar distintos estilos y transformaciones.<\/p> <\/div> <\/div>\n","protected":false},"excerpt":{"rendered":"<p>Oportunidad gratuita de generar rostros IA Hasta 5 oportunidades diarias de crear cara generada por IA de alta calidad de forma gratuita. Liderando el aprendizaje profundo El generador de rostros humanos de Artguru AI cuenta con tecnolog\u00eda avanzada de aprendizaje profundo. Usa libremente Aplica rostros generados por IA en diversas situaciones libremente. Amigable para principiantes [&hellip;]<\/p>\n","protected":false},"author":1,"featured_media":0,"parent":0,"menu_order":0,"comment_status":"closed","ping_status":"closed","template":"customPage.php","meta":[],"yoast_head":"<!-- This site is optimized with the Yoast SEO plugin v17.4 - https:\/\/yoast.com\/wordpress\/plugins\/seo\/ -->\n<title>Generador de Rostros Humanos - Genera Rostros IA en Segundos<\/title>\n<meta name=\"description\" content=\"Usa generador de caras inteligencia artificial de Pica AI para crear rostros realistas con solo texto y fotos en segundos. \u00a1Pru\u00e9balo gratis ahora!\" \/>\n<meta name=\"robots\" content=\"index, follow, max-snippet:-1, max-image-preview:large, max-video-preview:-1\" \/>\n<link rel=\"canonical\" href=\"https:\/\/www.artguru.ai\/blogs-es\/ai-face-generator\/\" \/>\n<meta property=\"og:locale\" content=\"en_US\" \/>\n<meta property=\"og:type\" content=\"article\" \/>\n<meta property=\"og:title\" content=\"Generador de Rostros Humanos - Genera Rostros IA en Segundos\" \/>\n<meta property=\"og:description\" content=\"Usa generador de caras inteligencia artificial de Pica AI para crear rostros realistas con solo texto y fotos en segundos. \u00a1Pru\u00e9balo gratis ahora!\" \/>\n<meta property=\"og:url\" content=\"https:\/\/www.artguru.ai\/blogs-es\/ai-face-generator\/\" \/>\n<meta property=\"og:site_name\" content=\"www.artguru.ai\/blogs-es\" \/>\n<meta property=\"article:modified_time\" content=\"2025-02-11T10:31:19+00:00\" \/>\n<meta property=\"og:image\" content=\"https:\/\/www.artguru.ai\/blogs-es\/wp-content\/uploads\/sites\/25\/sites\/36\/2025\/02\/ai-face-1.png\" \/>\n<meta name=\"twitter:card\" content=\"summary_large_image\" \/>\n<meta name=\"twitter:label1\" content=\"Est. reading time\" \/>\n\t<meta name=\"twitter:data1\" content=\"5 minutes\" \/>\n<script type=\"application\/ld+json\" class=\"yoast-schema-graph\">{\"@context\":\"https:\/\/schema.org\",\"@graph\":[{\"@type\":\"WebSite\",\"@id\":\"https:\/\/www.artguru.ai\/blogs-es\/#website\",\"url\":\"https:\/\/www.artguru.ai\/blogs-es\/\",\"name\":\"www.artguru.ai\/blogs-es\",\"description\":\"Just another www.artguru.ai site\",\"potentialAction\":[{\"@type\":\"SearchAction\",\"target\":{\"@type\":\"EntryPoint\",\"urlTemplate\":\"https:\/\/www.artguru.ai\/blogs-es\/?s={search_term_string}\"},\"query-input\":\"required name=search_term_string\"}],\"inLanguage\":\"en-US\"},{\"@type\":\"ImageObject\",\"@id\":\"https:\/\/www.artguru.ai\/blogs-es\/ai-face-generator\/#primaryimage\",\"inLanguage\":\"en-US\",\"url\":\"https:\/\/www.artguru.ai\/blogs-es\/wp-content\/uploads\/sites\/25\/sites\/36\/2025\/02\/ai-face-1.png\",\"contentUrl\":\"https:\/\/www.artguru.ai\/blogs-es\/wp-content\/uploads\/sites\/25\/sites\/36\/2025\/02\/ai-face-1.png\"},{\"@type\":[\"WebPage\",\"FAQPage\"],\"@id\":\"https:\/\/www.artguru.ai\/blogs-es\/ai-face-generator\/#webpage\",\"url\":\"https:\/\/www.artguru.ai\/blogs-es\/ai-face-generator\/\",\"name\":\"Generador de Rostros Humanos - Genera Rostros IA en Segundos\",\"isPartOf\":{\"@id\":\"https:\/\/www.artguru.ai\/blogs-es\/#website\"},\"primaryImageOfPage\":{\"@id\":\"https:\/\/www.artguru.ai\/blogs-es\/ai-face-generator\/#primaryimage\"},\"datePublished\":\"2024-10-06T13:41:23+00:00\",\"dateModified\":\"2025-02-11T10:31:19+00:00\",\"description\":\"Usa generador de caras inteligencia artificial de Pica AI para crear rostros realistas con solo texto y fotos en segundos. \\u00a1Pru\\u00e9balo gratis ahora!\",\"breadcrumb\":{\"@id\":\"https:\/\/www.artguru.ai\/blogs-es\/ai-face-generator\/#breadcrumb\"},\"mainEntity\":[{\"@id\":\"https:\/\/www.artguru.ai\/blogs-es\/ai-face-generator\/#faq-question-1684836961394\"},{\"@id\":\"https:\/\/www.artguru.ai\/blogs-es\/ai-face-generator\/#faq-question-1684837025108\"},{\"@id\":\"https:\/\/www.artguru.ai\/blogs-es\/ai-face-generator\/#faq-question-1684837036705\"}],\"inLanguage\":\"en-US\",\"potentialAction\":[{\"@type\":\"ReadAction\",\"target\":[\"https:\/\/www.artguru.ai\/blogs-es\/ai-face-generator\/\"]}]},{\"@type\":\"BreadcrumbList\",\"@id\":\"https:\/\/www.artguru.ai\/blogs-es\/ai-face-generator\/#breadcrumb\",\"itemListElement\":[{\"@type\":\"ListItem\",\"position\":1,\"name\":\"Blog\",\"item\":\"https:\/\/www.artguru.ai\/blogs-es\/\"},{\"@type\":\"ListItem\",\"position\":2,\"name\":\"Generador de Rostros Humanos\"}]},{\"@type\":\"Question\",\"@id\":\"https:\/\/www.artguru.ai\/blogs-es\/ai-face-generator\/#faq-question-1684836961394\",\"position\":1,\"url\":\"https:\/\/www.artguru.ai\/blogs-es\/ai-face-generator\/#faq-question-1684836961394\",\"name\":\"\\u00bfPuedo usar libremente las im\\u00e1genes generadas por el generador de rostros IA?\",\"answerCount\":1,\"acceptedAnswer\":{\"@type\":\"Answer\",\"text\":\"S\\u00ed, el generador de rostros humanos de Artguru AI ofrece oportunidades gratuitas de uso. Cada usuario puede generar de 3 a 5 im\\u00e1genes de cara generada por IA diariamente.\",\"inLanguage\":\"en-US\"},\"inLanguage\":\"en-US\"},{\"@type\":\"Question\",\"@id\":\"https:\/\/www.artguru.ai\/blogs-es\/ai-face-generator\/#faq-question-1684837025108\",\"position\":2,\"url\":\"https:\/\/www.artguru.ai\/blogs-es\/ai-face-generator\/#faq-question-1684837025108\",\"name\":\"\\u00bfQu\\u00e9 hago si no me gusta la imagen de rostros generados por IA?\",\"answerCount\":1,\"acceptedAnswer\":{\"@type\":\"Answer\",\"text\":\"Puedes crear cara con inteligencia artificial diferente seleccionando 'Generar nuevamente'. Tambi\\u00e9n puedes modificar tu descripci\\u00f3n de texto para proporcionar detalles m\\u00e1s espec\\u00edficos o ajustar caracter\\u00edsticas faciales que deseas cambiar. Esto ayuda al generador de rostros humanos a comprender mejor tus preferencias y crear una imagen de cara generada por IA que cumpla con tus expectativas.\",\"inLanguage\":\"en-US\"},\"inLanguage\":\"en-US\"},{\"@type\":\"Question\",\"@id\":\"https:\/\/www.artguru.ai\/blogs-es\/ai-face-generator\/#faq-question-1684837036705\",\"position\":3,\"url\":\"https:\/\/www.artguru.ai\/blogs-es\/ai-face-generator\/#faq-question-1684837036705\",\"name\":\"\\u00bfPuedo crear una versi\\u00f3n IA de m\\u00ed mismo?\",\"answerCount\":1,\"acceptedAnswer\":{\"@type\":\"Answer\",\"text\":\"\\u00a1Por supuesto! Con IA para crear rostros de Artguru AI, puedes crear cara con inteligencia artificial de ti mismo. Solo carga tu foto y elige tu estilo favorito. El generador de rostros humanos transformar\\u00e1 tu informaci\\u00f3n en una imagen de rostro AI \\u00fanica y podr\\u00e1s explorar distintos estilos y transformaciones.\",\"inLanguage\":\"en-US\"},\"inLanguage\":\"en-US\"}]}<\/script>\n<!-- \/ Yoast SEO plugin. -->","yoast_head_json":{"title":"Generador de Rostros Humanos - Genera Rostros IA en Segundos","description":"Usa generador de caras inteligencia artificial de Pica AI para crear rostros realistas con solo texto y fotos en segundos. \u00a1Pru\u00e9balo gratis ahora!","robots":{"index":"index","follow":"follow","max-snippet":"max-snippet:-1","max-image-preview":"max-image-preview:large","max-video-preview":"max-video-preview:-1"},"canonical":"https:\/\/www.artguru.ai\/blogs-es\/ai-face-generator\/","og_locale":"en_US","og_type":"article","og_title":"Generador de Rostros Humanos - Genera Rostros IA en Segundos","og_description":"Usa generador de caras inteligencia artificial de Pica AI para crear rostros realistas con solo texto y fotos en segundos. \u00a1Pru\u00e9balo gratis ahora!","og_url":"https:\/\/www.artguru.ai\/blogs-es\/ai-face-generator\/","og_site_name":"www.artguru.ai\/blogs-es","article_modified_time":"2025-02-11T10:31:19+00:00","og_image":[{"url":"https:\/\/www.artguru.ai\/blogs-es\/wp-content\/uploads\/sites\/25\/sites\/36\/2025\/02\/ai-face-1.png"}],"twitter_card":"summary_large_image","twitter_misc":{"Est. reading time":"5 minutes"},"schema":{"@context":"https:\/\/schema.org","@graph":[{"@type":"WebSite","@id":"https:\/\/www.artguru.ai\/blogs-es\/#website","url":"https:\/\/www.artguru.ai\/blogs-es\/","name":"www.artguru.ai\/blogs-es","description":"Just another www.artguru.ai site","potentialAction":[{"@type":"SearchAction","target":{"@type":"EntryPoint","urlTemplate":"https:\/\/www.artguru.ai\/blogs-es\/?s={search_term_string}"},"query-input":"required name=search_term_string"}],"inLanguage":"en-US"},{"@type":"ImageObject","@id":"https:\/\/www.artguru.ai\/blogs-es\/ai-face-generator\/#primaryimage","inLanguage":"en-US","url":"https:\/\/www.artguru.ai\/blogs-es\/wp-content\/uploads\/sites\/25\/sites\/36\/2025\/02\/ai-face-1.png","contentUrl":"https:\/\/www.artguru.ai\/blogs-es\/wp-content\/uploads\/sites\/25\/sites\/36\/2025\/02\/ai-face-1.png"},{"@type":["WebPage","FAQPage"],"@id":"https:\/\/www.artguru.ai\/blogs-es\/ai-face-generator\/#webpage","url":"https:\/\/www.artguru.ai\/blogs-es\/ai-face-generator\/","name":"Generador de Rostros Humanos - Genera Rostros IA en Segundos","isPartOf":{"@id":"https:\/\/www.artguru.ai\/blogs-es\/#website"},"primaryImageOfPage":{"@id":"https:\/\/www.artguru.ai\/blogs-es\/ai-face-generator\/#primaryimage"},"datePublished":"2024-10-06T13:41:23+00:00","dateModified":"2025-02-11T10:31:19+00:00","description":"Usa generador de caras inteligencia artificial de Pica AI para crear rostros realistas con solo texto y fotos en segundos. \u00a1Pru\u00e9balo gratis ahora!","breadcrumb":{"@id":"https:\/\/www.artguru.ai\/blogs-es\/ai-face-generator\/#breadcrumb"},"mainEntity":[{"@id":"https:\/\/www.artguru.ai\/blogs-es\/ai-face-generator\/#faq-question-1684836961394"},{"@id":"https:\/\/www.artguru.ai\/blogs-es\/ai-face-generator\/#faq-question-1684837025108"},{"@id":"https:\/\/www.artguru.ai\/blogs-es\/ai-face-generator\/#faq-question-1684837036705"}],"inLanguage":"en-US","potentialAction":[{"@type":"ReadAction","target":["https:\/\/www.artguru.ai\/blogs-es\/ai-face-generator\/"]}]},{"@type":"BreadcrumbList","@id":"https:\/\/www.artguru.ai\/blogs-es\/ai-face-generator\/#breadcrumb","itemListElement":[{"@type":"ListItem","position":1,"name":"Blog","item":"https:\/\/www.artguru.ai\/blogs-es\/"},{"@type":"ListItem","position":2,"name":"Generador de Rostros Humanos"}]},{"@type":"Question","@id":"https:\/\/www.artguru.ai\/blogs-es\/ai-face-generator\/#faq-question-1684836961394","position":1,"url":"https:\/\/www.artguru.ai\/blogs-es\/ai-face-generator\/#faq-question-1684836961394","name":"\u00bfPuedo usar libremente las im\u00e1genes generadas por el generador de rostros IA?","answerCount":1,"acceptedAnswer":{"@type":"Answer","text":"S\u00ed, el generador de rostros humanos de Artguru AI ofrece oportunidades gratuitas de uso. Cada usuario puede generar de 3 a 5 im\u00e1genes de cara generada por IA diariamente.","inLanguage":"en-US"},"inLanguage":"en-US"},{"@type":"Question","@id":"https:\/\/www.artguru.ai\/blogs-es\/ai-face-generator\/#faq-question-1684837025108","position":2,"url":"https:\/\/www.artguru.ai\/blogs-es\/ai-face-generator\/#faq-question-1684837025108","name":"\u00bfQu\u00e9 hago si no me gusta la imagen de rostros generados por IA?","answerCount":1,"acceptedAnswer":{"@type":"Answer","text":"Puedes crear cara con inteligencia artificial diferente seleccionando 'Generar nuevamente'. Tambi\u00e9n puedes modificar tu descripci\u00f3n de texto para proporcionar detalles m\u00e1s espec\u00edficos o ajustar caracter\u00edsticas faciales que deseas cambiar. Esto ayuda al generador de rostros humanos a comprender mejor tus preferencias y crear una imagen de cara generada por IA que cumpla con tus expectativas.","inLanguage":"en-US"},"inLanguage":"en-US"},{"@type":"Question","@id":"https:\/\/www.artguru.ai\/blogs-es\/ai-face-generator\/#faq-question-1684837036705","position":3,"url":"https:\/\/www.artguru.ai\/blogs-es\/ai-face-generator\/#faq-question-1684837036705","name":"\u00bfPuedo crear una versi\u00f3n IA de m\u00ed mismo?","answerCount":1,"acceptedAnswer":{"@type":"Answer","text":"\u00a1Por supuesto! Con IA para crear rostros de Artguru AI, puedes crear cara con inteligencia artificial de ti mismo. Solo carga tu foto y elige tu estilo favorito. El generador de rostros humanos transformar\u00e1 tu informaci\u00f3n en una imagen de rostro AI \u00fanica y podr\u00e1s explorar distintos estilos y transformaciones.","inLanguage":"en-US"},"inLanguage":"en-US"}]}},"_links":{"self":[{"href":"https:\/\/www.artguru.ai\/blogs-es\/wp-json\/wp\/v2\/pages\/188"}],"collection":[{"href":"https:\/\/www.artguru.ai\/blogs-es\/wp-json\/wp\/v2\/pages"}],"about":[{"href":"https:\/\/www.artguru.ai\/blogs-es\/wp-json\/wp\/v2\/types\/page"}],"author":[{"embeddable":true,"href":"https:\/\/www.artguru.ai\/blogs-es\/wp-json\/wp\/v2\/users\/1"}],"replies":[{"embeddable":true,"href":"https:\/\/www.artguru.ai\/blogs-es\/wp-json\/wp\/v2\/comments?post=188"}],"version-history":[{"count":3,"href":"https:\/\/www.artguru.ai\/blogs-es\/wp-json\/wp\/v2\/pages\/188\/revisions"}],"predecessor-version":[{"id":373,"href":"https:\/\/www.artguru.ai\/blogs-es\/wp-json\/wp\/v2\/pages\/188\/revisions\/373"}],"wp:attachment":[{"href":"https:\/\/www.artguru.ai\/blogs-es\/wp-json\/wp\/v2\/media?parent=188"}],"curies":[{"name":"wp","href":"https:\/\/api.w.org\/{rel}","templated":true}]}}