{"id":105,"date":"2024-01-31T12:14:28","date_gmt":"2024-01-31T12:14:28","guid":{"rendered":"https:\/\/www.artguru.ai\/blogs-es\/?page_id=105"},"modified":"2025-03-09T03:33:32","modified_gmt":"2025-03-09T03:33:32","slug":"ai-cartoon-generator","status":"publish","type":"page","link":"https:\/\/www.artguru.ai\/blogs-es\/ai-cartoon-generator\/","title":{"rendered":"Generador de Dibujos Animados con IA"},"content":{"rendered":"\n<div class=\"wp-block-media-text alignwide has-media-on-the-right is-stacked-on-mobile\"><figure class=\"wp-block-media-text__media\"><img loading=\"lazy\" width=\"669\" height=\"437\" src=\"https:\/\/img.mbwpai.com\/www.artguru.ai\/sites\/36\/2025\/02\/10113717\/artguru-cartoon-generator-1.png\" alt=\"\" class=\"wp-image-291 size-full\" srcset=\"https:\/\/img.mbwpai.com\/www.artguru.ai\/sites\/36\/2025\/02\/10113717\/artguru-cartoon-generator-1.png 669w, https:\/\/img.mbwpai.com\/www.artguru.ai\/sites\/36\/2025\/02\/10113717\/artguru-cartoon-generator-1-300x196.png 300w\" sizes=\"(max-width: 669px) 100vw, 669px\" \/><\/figure><div class=\"wp-block-media-text__content\">\n<h1 class=\"has-text-align-left wp-block-heading\">Generador de Dibujos Animados con IA<\/h1>\n\n\n\n<p class=\"has-text-align-left\">El Generador de Dibujos Animados de Artguru facilita la creaci\u00f3n de caricaturas a partir de im\u00e1genes o texto. Convierte r\u00e1pidamente fotos en avatares animados, dise\u00f1a personajes de dibujos \u00fanicos y da vida a tus ideas de caricaturas.<\/p>\n\n\n\n<div class=\"wp-container-69f1961f1a66f wp-block-group\"><div class=\"wp-block-group__inner-container\">\n<div class=\"wp-container-69f1961f1a624 wp-block-group\"><div class=\"wp-block-group__inner-container\">\n<div class=\"wp-block-buttons btnBox\">\n<div class=\"wp-block-button\"><a class=\"wp-block-button__link\" href=\"https:\/\/www.artguru.ai\/es\/\" target=\"_blank\" rel=\"noreferrer noopener\">Prueba Ahora <\/a><\/div>\n<\/div>\n<\/div><\/div>\n<style>.wp-container-69f1961f1a624 .alignleft { float: left; margin-right: 2em; }.wp-container-69f1961f1a624 .alignright { float: right; margin-left: 2em; }<\/style><\/div><\/div>\n<style>.wp-container-69f1961f1a66f .alignleft { float: left; margin-right: 2em; }.wp-container-69f1961f1a66f .alignright { float: right; margin-left: 2em; }<\/style><\/div><\/div>\n\n\n\n<h2>C\u00f3mo Convertir Im\u00e1genes en Dibujos Animados<\/h2>\n\n\n\n<p>Crea un dibujo animado \u00fanico generado por inteligencia artificial basado en tu foto y descripci\u00f3n de texto.<\/p>\n\n\n\n<div class=\"wp-block-media-text alignwide is-stacked-on-mobile whiteBg space column-reverse\"><figure class=\"wp-block-media-text__media\"><img loading=\"lazy\" width=\"650\" height=\"550\" src=\"https:\/\/img.mbwpai.com\/www.artguru.ai\/sites\/36\/2025\/02\/10113747\/headshot-2.png\" alt=\"\" class=\"wp-image-293 size-full\" srcset=\"https:\/\/img.mbwpai.com\/www.artguru.ai\/sites\/36\/2025\/02\/10113747\/headshot-2.png 650w, https:\/\/img.mbwpai.com\/www.artguru.ai\/sites\/36\/2025\/02\/10113747\/headshot-2-300x254.png 300w\" sizes=\"(max-width: 650px) 100vw, 650px\" \/><\/figure><div class=\"wp-block-media-text__content\">\n<h3 class=\"has-text-align-left wp-block-heading\">Paso 1: Sube una foto con la ayuda del dibujo IA<\/h3>\n\n\n\n<p class=\"has-text-align-left\">Visita artguru.com y encuentra la secci\u00f3n &#8220;Cargar Foto&#8221;. Arrastra y suelta la foto que deseas transformar en un dibujo animado. Puede ser una imagen de una persona, una mascota, un objeto, \u00a1cualquier cosa!<\/p>\n\n\n\n<div class=\"wp-container-69f1961f1a823 wp-block-group\"><div class=\"wp-block-group__inner-container\"><\/div><\/div>\n<style>.wp-container-69f1961f1a823 .alignleft { float: left; margin-right: 2em; }.wp-container-69f1961f1a823 .alignright { float: right; margin-left: 2em; }<\/style><\/div><\/div>\n\n\n\n<div class=\"wp-block-media-text alignwide has-media-on-the-right is-stacked-on-mobile whiteBg\"><figure class=\"wp-block-media-text__media\"><img loading=\"lazy\" width=\"650\" height=\"550\" src=\"https:\/\/img.mbwpai.com\/www.artguru.ai\/sites\/36\/2025\/02\/10113812\/artguru-nostyle.png\" alt=\"\" class=\"wp-image-294 size-full\" srcset=\"https:\/\/img.mbwpai.com\/www.artguru.ai\/sites\/36\/2025\/02\/10113812\/artguru-nostyle.png 650w, https:\/\/img.mbwpai.com\/www.artguru.ai\/sites\/36\/2025\/02\/10113812\/artguru-nostyle-300x254.png 300w\" sizes=\"(max-width: 650px) 100vw, 650px\" \/><\/figure><div class=\"wp-block-media-text__content\">\n<h3 class=\"has-text-align-left wp-block-heading\">Paso 2: Elige un estilo o ingresa una indicaci\u00f3n de texto dibujo IA<\/h3>\n\n\n\n<p class=\"has-text-align-left\"><br>Una vez que tu foto est\u00e9 cargada, ve a la secci\u00f3n &#8220;Estilo&#8221;. Selecciona la opci\u00f3n &#8220;Dibujo AI&#8221; o &#8220;Sin Estilo&#8221; para tener un mayor control sobre el proceso de caricaturizaci\u00f3n.<\/p>\n\n\n\n<p class=\"has-text-align-left\">A continuaci\u00f3n, ubica el cuadro de entrada de texto etiquetado en la parte superior. Aqu\u00ed, puedes ingresar una indicaci\u00f3n de texto para guiar al dibujo AI en la creaci\u00f3n del estilo de caricatura que deseas. Por ejemplo, ingresa &#8220;caricatura&#8221; para un aspecto de caricatura simple o s\u00e9 m\u00e1s creativo con indicaciones como &#8220;caricatura de Disney&#8221;, &#8220;anime&#8221;, &#8220;Pixar&#8221;, etc.<\/p>\n\n\n\n<div class=\"wp-container-69f1961f1a950 wp-block-group\"><div class=\"wp-block-group__inner-container\"><\/div><\/div>\n<style>.wp-container-69f1961f1a950 .alignleft { float: left; margin-right: 2em; }.wp-container-69f1961f1a950 .alignright { float: right; margin-left: 2em; }<\/style><\/div><\/div>\n\n\n\n<div class=\"wp-block-media-text alignwide is-stacked-on-mobile whiteBg\"><figure class=\"wp-block-media-text__media\"><img loading=\"lazy\" width=\"650\" height=\"550\" src=\"https:\/\/img.mbwpai.com\/www.artguru.ai\/sites\/36\/2025\/02\/10113836\/artguru-cartoon.png\" alt=\"\" class=\"wp-image-295 size-full\" srcset=\"https:\/\/img.mbwpai.com\/www.artguru.ai\/sites\/36\/2025\/02\/10113836\/artguru-cartoon.png 650w, https:\/\/img.mbwpai.com\/www.artguru.ai\/sites\/36\/2025\/02\/10113836\/artguru-cartoon-300x254.png 300w\" sizes=\"(max-width: 650px) 100vw, 650px\" \/><\/figure><div class=\"wp-block-media-text__content\">\n<h3 class=\"has-text-align-left wp-block-heading\">Paso 3: Genera y descarga tu imagen de dibujo IA<\/h3>\n\n\n\n<p class=\"has-text-align-left\">Presiona &#8220;Generar&#8221;. La inteligencia artificial de Artguru transformar\u00e1 instant\u00e1neamente tu foto en un dibujo animado en el estilo que especificaste.<\/p>\n\n\n\n<p class=\"has-text-align-left\">Si deseas ajustar o refinar el estilo, simplemente edita la indicaci\u00f3n de texto y presiona nuevamente &#8220;Generar Dibujo AI&#8221;. Cuando est\u00e9s satisfecho con tu caricatura, haz clic en el bot\u00f3n &#8220;Descargar&#8221; para guardarla.<\/p>\n\n\n\n<div class=\"wp-container-69f1961f1aaa3 wp-block-group\"><div class=\"wp-block-group__inner-container\">\n<div class=\"wp-block-buttons is-content-justification-left btnBox\">\n<div class=\"wp-block-button\"><a class=\"wp-block-button__link\" href=\"https:\/\/www.artguru.ai\/es\/\" target=\"_blank\" rel=\"noreferrer noopener\">Genera tu dibujo AI Ahora<\/a><\/div>\n<\/div>\n<\/div><\/div>\n<style>.wp-container-69f1961f1aaa3 .alignleft { float: left; margin-right: 2em; }.wp-container-69f1961f1aaa3 .alignright { float: right; margin-left: 2em; }<\/style><\/div><\/div>\n\n\n\n<h2>Descubre m\u00e1s herramientas de IA<\/h2>\n\n\n\n<div class=\"wp-block-columns alignfull has-text-color has-background\" style=\"background-color:#ffffff;color:#000000\">\n<div class=\"wp-block-column\">\n<figure class=\"wp-block-image size-full\"><img loading=\"lazy\" width=\"342\" height=\"209\" src=\"https:\/\/img.mbwpai.com\/www.artguru.ai\/sites\/36\/2025\/02\/10104952\/artguru-text-to-image-banner.png\" alt=\"\" class=\"wp-image-263\" srcset=\"https:\/\/img.mbwpai.com\/www.artguru.ai\/sites\/36\/2025\/02\/10104952\/artguru-text-to-image-banner.png 342w, https:\/\/img.mbwpai.com\/www.artguru.ai\/sites\/36\/2025\/02\/10104952\/artguru-text-to-image-banner-300x183.png 300w\" sizes=\"(max-width: 342px) 100vw, 342px\" \/><\/figure>\n\n\n\n<h5 class=\"has-text-align-center wp-block-heading\"><a href=\"https:\/\/www.artguru.ai\/es\/ai-text-to-image-generator\/\"><\/a><a href=\"https:\/\/www.artguru.ai\/es\/ai-text-to-image-generator\/\" target=\"_blank\" rel=\"noreferrer noopener\">IA para crear im\u00e1genes<\/a><\/h5>\n\n\n\n<p class=\"has-text-align-center\">Crea im\u00e1genes generadas por IA a partir de texto en segundos.<\/p>\n<\/div>\n\n\n\n<div class=\"wp-block-column\">\n<figure class=\"wp-block-image size-full\"><img loading=\"lazy\" width=\"342\" height=\"209\" src=\"https:\/\/img.mbwpai.com\/www.artguru.ai\/sites\/36\/2025\/02\/10104512\/remove-bg-banner.png\" alt=\"\" class=\"wp-image-250\" srcset=\"https:\/\/img.mbwpai.com\/www.artguru.ai\/sites\/36\/2025\/02\/10104512\/remove-bg-banner.png 342w, https:\/\/img.mbwpai.com\/www.artguru.ai\/sites\/36\/2025\/02\/10104512\/remove-bg-banner-300x183.png 300w\" sizes=\"(max-width: 342px) 100vw, 342px\" \/><\/figure>\n\n\n\n<h5 class=\"has-text-align-center wp-block-heading\"><a href=\"https:\/\/www.artguru.ai\/es\/background-remover\/\"><\/a><a href=\"https:\/\/www.artguru.ai\/es\/background-remover\/\" target=\"_blank\" rel=\"noreferrer noopener\">Quitar fondo a una imagen<\/a><\/h5>\n\n\n\n<p class=\"has-text-align-center\">Elimina fondos de im\u00e1genes autom\u00e1ticamente con solo un clic.<\/p>\n<\/div>\n\n\n\n<div class=\"wp-block-column\">\n<figure class=\"wp-block-image size-large\"><a href=\"https:\/\/www.artguru.ai\/es\/remove-object-from-photo\/\" target=\"_blank\" rel=\"noopener\"><img src=\"https:\/\/img.mbwpai.com\/www.artguru.ai\/sites\/37\/2024\/11\/06103938\/artguru-ai-magic-eraser.png\" alt=\"\"\/><\/a><\/figure>\n\n\n\n<h5 class=\"has-text-align-center wp-block-heading\"><a href=\"https:\/\/www.artguru.ai\/es\/remove-object-from-photo\/\" target=\"_blank\" rel=\"noreferrer noopener\"><\/a><a href=\"https:\/\/www.artguru.ai\/remove-object-from-photo\/\"><\/a><a href=\"https:\/\/www.artguru.ai\/es\/remove-object-from-photo\/\" target=\"_blank\" rel=\"noreferrer noopener\">Borrador m\u00e1gico<\/a><\/h5>\n\n\n\n<p class=\"has-text-align-center\">Elimina objetos, personas o texto no deseados de tus fotos.<\/p>\n<\/div>\n<\/div>\n","protected":false},"excerpt":{"rendered":"<p>C\u00f3mo Convertir Im\u00e1genes en Dibujos Animados Crea un dibujo animado \u00fanico generado por inteligencia artificial basado en tu foto y descripci\u00f3n de texto. Descubre m\u00e1s herramientas de IA IA para crear im\u00e1genes Crea im\u00e1genes generadas por IA a partir de texto en segundos. Quitar fondo a una imagen Elimina fondos de im\u00e1genes autom\u00e1ticamente con solo [&hellip;]<\/p>\n","protected":false},"author":1,"featured_media":0,"parent":0,"menu_order":0,"comment_status":"closed","ping_status":"closed","template":"customPage.php","meta":[],"yoast_head":"<!-- This site is optimized with the Yoast SEO plugin v17.4 - https:\/\/yoast.com\/wordpress\/plugins\/seo\/ -->\n<title>AI Cartoonizer: Convierte im\u00e1genes o texto en caricaturas en l\u00ednea.<\/title>\n<meta name=\"description\" content=\"El generador de caricaturas de inteligencia artificial de Artguru facilita la creaci\u00f3n de dibujos animados. Simplemente carga una foto o escribe alg\u00fan texto, y Artguru hace su magia con dibujos animados.\" \/>\n<meta name=\"robots\" content=\"index, follow, max-snippet:-1, max-image-preview:large, max-video-preview:-1\" \/>\n<link rel=\"canonical\" href=\"https:\/\/www.artguru.ai\/blogs-es\/ai-cartoon-generator\/\" \/>\n<meta property=\"og:locale\" content=\"en_US\" \/>\n<meta property=\"og:type\" content=\"article\" \/>\n<meta property=\"og:title\" content=\"AI Cartoonizer: Convierte im\u00e1genes o texto en caricaturas en l\u00ednea.\" \/>\n<meta property=\"og:description\" content=\"El generador de caricaturas de inteligencia artificial de Artguru facilita la creaci\u00f3n de dibujos animados. Simplemente carga una foto o escribe alg\u00fan texto, y Artguru hace su magia con dibujos animados.\" \/>\n<meta property=\"og:url\" content=\"https:\/\/www.artguru.ai\/blogs-es\/ai-cartoon-generator\/\" \/>\n<meta property=\"og:site_name\" content=\"www.artguru.ai\/blogs-es\" \/>\n<meta property=\"article:modified_time\" content=\"2025-03-09T03:33:32+00:00\" \/>\n<meta property=\"og:image\" content=\"https:\/\/www.artguru.ai\/blogs-es\/wp-content\/uploads\/sites\/25\/sites\/36\/2025\/02\/artguru-cartoon-generator-1.png\" \/>\n<meta name=\"twitter:card\" content=\"summary_large_image\" \/>\n<meta name=\"twitter:label1\" content=\"Est. reading time\" \/>\n\t<meta name=\"twitter:data1\" content=\"3 minutes\" \/>\n<script type=\"application\/ld+json\" class=\"yoast-schema-graph\">{\"@context\":\"https:\/\/schema.org\",\"@graph\":[{\"@type\":\"WebSite\",\"@id\":\"https:\/\/www.artguru.ai\/blogs-es\/#website\",\"url\":\"https:\/\/www.artguru.ai\/blogs-es\/\",\"name\":\"www.artguru.ai\/blogs-es\",\"description\":\"Just another www.artguru.ai site\",\"potentialAction\":[{\"@type\":\"SearchAction\",\"target\":{\"@type\":\"EntryPoint\",\"urlTemplate\":\"https:\/\/www.artguru.ai\/blogs-es\/?s={search_term_string}\"},\"query-input\":\"required name=search_term_string\"}],\"inLanguage\":\"en-US\"},{\"@type\":\"ImageObject\",\"@id\":\"https:\/\/www.artguru.ai\/blogs-es\/ai-cartoon-generator\/#primaryimage\",\"inLanguage\":\"en-US\",\"url\":\"https:\/\/www.artguru.ai\/blogs-es\/wp-content\/uploads\/sites\/25\/sites\/36\/2025\/02\/artguru-cartoon-generator-1.png\",\"contentUrl\":\"https:\/\/www.artguru.ai\/blogs-es\/wp-content\/uploads\/sites\/25\/sites\/36\/2025\/02\/artguru-cartoon-generator-1.png\"},{\"@type\":\"WebPage\",\"@id\":\"https:\/\/www.artguru.ai\/blogs-es\/ai-cartoon-generator\/#webpage\",\"url\":\"https:\/\/www.artguru.ai\/blogs-es\/ai-cartoon-generator\/\",\"name\":\"AI Cartoonizer: Convierte im\\u00e1genes o texto en caricaturas en l\\u00ednea.\",\"isPartOf\":{\"@id\":\"https:\/\/www.artguru.ai\/blogs-es\/#website\"},\"primaryImageOfPage\":{\"@id\":\"https:\/\/www.artguru.ai\/blogs-es\/ai-cartoon-generator\/#primaryimage\"},\"datePublished\":\"2024-01-31T12:14:28+00:00\",\"dateModified\":\"2025-03-09T03:33:32+00:00\",\"description\":\"El generador de caricaturas de inteligencia artificial de Artguru facilita la creaci\\u00f3n de dibujos animados. Simplemente carga una foto o escribe alg\\u00fan texto, y Artguru hace su magia con dibujos animados.\",\"breadcrumb\":{\"@id\":\"https:\/\/www.artguru.ai\/blogs-es\/ai-cartoon-generator\/#breadcrumb\"},\"inLanguage\":\"en-US\",\"potentialAction\":[{\"@type\":\"ReadAction\",\"target\":[\"https:\/\/www.artguru.ai\/blogs-es\/ai-cartoon-generator\/\"]}]},{\"@type\":\"BreadcrumbList\",\"@id\":\"https:\/\/www.artguru.ai\/blogs-es\/ai-cartoon-generator\/#breadcrumb\",\"itemListElement\":[{\"@type\":\"ListItem\",\"position\":1,\"name\":\"Blog\",\"item\":\"https:\/\/www.artguru.ai\/blogs-es\/\"},{\"@type\":\"ListItem\",\"position\":2,\"name\":\"Generador de Dibujos Animados con IA\"}]}]}<\/script>\n<!-- \/ Yoast SEO plugin. -->","yoast_head_json":{"title":"AI Cartoonizer: Convierte im\u00e1genes o texto en caricaturas en l\u00ednea.","description":"El generador de caricaturas de inteligencia artificial de Artguru facilita la creaci\u00f3n de dibujos animados. Simplemente carga una foto o escribe alg\u00fan texto, y Artguru hace su magia con dibujos animados.","robots":{"index":"index","follow":"follow","max-snippet":"max-snippet:-1","max-image-preview":"max-image-preview:large","max-video-preview":"max-video-preview:-1"},"canonical":"https:\/\/www.artguru.ai\/blogs-es\/ai-cartoon-generator\/","og_locale":"en_US","og_type":"article","og_title":"AI Cartoonizer: Convierte im\u00e1genes o texto en caricaturas en l\u00ednea.","og_description":"El generador de caricaturas de inteligencia artificial de Artguru facilita la creaci\u00f3n de dibujos animados. Simplemente carga una foto o escribe alg\u00fan texto, y Artguru hace su magia con dibujos animados.","og_url":"https:\/\/www.artguru.ai\/blogs-es\/ai-cartoon-generator\/","og_site_name":"www.artguru.ai\/blogs-es","article_modified_time":"2025-03-09T03:33:32+00:00","og_image":[{"url":"https:\/\/www.artguru.ai\/blogs-es\/wp-content\/uploads\/sites\/25\/sites\/36\/2025\/02\/artguru-cartoon-generator-1.png"}],"twitter_card":"summary_large_image","twitter_misc":{"Est. reading time":"3 minutes"},"schema":{"@context":"https:\/\/schema.org","@graph":[{"@type":"WebSite","@id":"https:\/\/www.artguru.ai\/blogs-es\/#website","url":"https:\/\/www.artguru.ai\/blogs-es\/","name":"www.artguru.ai\/blogs-es","description":"Just another www.artguru.ai site","potentialAction":[{"@type":"SearchAction","target":{"@type":"EntryPoint","urlTemplate":"https:\/\/www.artguru.ai\/blogs-es\/?s={search_term_string}"},"query-input":"required name=search_term_string"}],"inLanguage":"en-US"},{"@type":"ImageObject","@id":"https:\/\/www.artguru.ai\/blogs-es\/ai-cartoon-generator\/#primaryimage","inLanguage":"en-US","url":"https:\/\/www.artguru.ai\/blogs-es\/wp-content\/uploads\/sites\/25\/sites\/36\/2025\/02\/artguru-cartoon-generator-1.png","contentUrl":"https:\/\/www.artguru.ai\/blogs-es\/wp-content\/uploads\/sites\/25\/sites\/36\/2025\/02\/artguru-cartoon-generator-1.png"},{"@type":"WebPage","@id":"https:\/\/www.artguru.ai\/blogs-es\/ai-cartoon-generator\/#webpage","url":"https:\/\/www.artguru.ai\/blogs-es\/ai-cartoon-generator\/","name":"AI Cartoonizer: Convierte im\u00e1genes o texto en caricaturas en l\u00ednea.","isPartOf":{"@id":"https:\/\/www.artguru.ai\/blogs-es\/#website"},"primaryImageOfPage":{"@id":"https:\/\/www.artguru.ai\/blogs-es\/ai-cartoon-generator\/#primaryimage"},"datePublished":"2024-01-31T12:14:28+00:00","dateModified":"2025-03-09T03:33:32+00:00","description":"El generador de caricaturas de inteligencia artificial de Artguru facilita la creaci\u00f3n de dibujos animados. Simplemente carga una foto o escribe alg\u00fan texto, y Artguru hace su magia con dibujos animados.","breadcrumb":{"@id":"https:\/\/www.artguru.ai\/blogs-es\/ai-cartoon-generator\/#breadcrumb"},"inLanguage":"en-US","potentialAction":[{"@type":"ReadAction","target":["https:\/\/www.artguru.ai\/blogs-es\/ai-cartoon-generator\/"]}]},{"@type":"BreadcrumbList","@id":"https:\/\/www.artguru.ai\/blogs-es\/ai-cartoon-generator\/#breadcrumb","itemListElement":[{"@type":"ListItem","position":1,"name":"Blog","item":"https:\/\/www.artguru.ai\/blogs-es\/"},{"@type":"ListItem","position":2,"name":"Generador de Dibujos Animados con IA"}]}]}},"_links":{"self":[{"href":"https:\/\/www.artguru.ai\/blogs-es\/wp-json\/wp\/v2\/pages\/105"}],"collection":[{"href":"https:\/\/www.artguru.ai\/blogs-es\/wp-json\/wp\/v2\/pages"}],"about":[{"href":"https:\/\/www.artguru.ai\/blogs-es\/wp-json\/wp\/v2\/types\/page"}],"author":[{"embeddable":true,"href":"https:\/\/www.artguru.ai\/blogs-es\/wp-json\/wp\/v2\/users\/1"}],"replies":[{"embeddable":true,"href":"https:\/\/www.artguru.ai\/blogs-es\/wp-json\/wp\/v2\/comments?post=105"}],"version-history":[{"count":3,"href":"https:\/\/www.artguru.ai\/blogs-es\/wp-json\/wp\/v2\/pages\/105\/revisions"}],"predecessor-version":[{"id":414,"href":"https:\/\/www.artguru.ai\/blogs-es\/wp-json\/wp\/v2\/pages\/105\/revisions\/414"}],"wp:attachment":[{"href":"https:\/\/www.artguru.ai\/blogs-es\/wp-json\/wp\/v2\/media?parent=105"}],"curies":[{"name":"wp","href":"https:\/\/api.w.org\/{rel}","templated":true}]}}