{"id":133,"date":"2025-04-20T04:45:40","date_gmt":"2025-04-20T04:45:40","guid":{"rendered":"https:\/\/www.artguru.ai\/blogs-de\/?page_id=133"},"modified":"2025-04-27T07:34:29","modified_gmt":"2025-04-27T07:34:29","slug":"transparent-background","status":"publish","type":"page","link":"https:\/\/www.artguru.ai\/blogs-de\/transparent-background\/","title":{"rendered":"Transparente Hintergr\u00fcnde f\u00fcr Bilder erstellen"},"content":{"rendered":"\n<div class=\"wp-block-media-text alignwide has-media-on-the-right is-stacked-on-mobile\"><figure class=\"wp-block-media-text__media\"><img src=\"https:\/\/img.mbwpai.com\/www.artguru.ai\/sites\/37\/2025\/04\/16064926\/transparent-background-artguru-banner.png\" alt=\"Transparent Background\" class=\"wp-image-2129 size-full\"\/><\/figure><div class=\"wp-block-media-text__content\">\n<h1 class=\"has-text-align-left wp-block-heading\">Transparente Hintergr\u00fcnde f\u00fcr Bilder erstellen<\/h1>\n\n\n\n<p class=\"has-text-align-left\">Entfernen Sie Bildhintergr\u00fcnde blitzschnell mit KI-Pr\u00e4zisionstechnologie. Erstellen Sie professionelle PNG-Bilder mit transparentem Hintergrund in Sekundenschnelle.<\/p>\n\n\n\n<div class=\"wp-container-69fe0e8e4fef5 wp-block-group\"><div class=\"wp-block-group__inner-container\">\n<div class=\"wp-container-69fe0e8e4fec7 wp-block-group\"><div class=\"wp-block-group__inner-container\">\n<div class=\"wp-block-buttons btnBox\">\n<div class=\"wp-block-button\"><a class=\"wp-block-button__link\" href=\"https:\/\/www.artguru.ai\/de\/background-remover\/\" target=\"_blank\" rel=\"noreferrer noopener\">Hintergrund transparent machen<\/a><\/div>\n<\/div>\n<\/div><\/div>\n<style>.wp-container-69fe0e8e4fec7 .alignleft { float: left; margin-right: 2em; }.wp-container-69fe0e8e4fec7 .alignright { float: right; margin-left: 2em; }<\/style><\/div><\/div>\n<style>.wp-container-69fe0e8e4fef5 .alignleft { float: left; margin-right: 2em; }.wp-container-69fe0e8e4fef5 .alignright { float: right; margin-left: 2em; }<\/style><\/div><\/div>\n\n\n\n<div class=\"wp-block-columns alignfull customizeList listBox has-white-color has-white-background-color has-text-color has-background\">\n<div class=\"wp-block-column has-black-color has-text-color has-background\" style=\"background-color:#f6efff\">\n<h5 class=\"wp-block-heading\"><img class=\"wp-image-1778\" style=\"width: 24px;\" src=\"https:\/\/img.mbwpai.com\/www.artguru.ai\/sites\/37\/2025\/02\/11063923\/icon3.png\" alt=\"\"><strong><strong><strong><strong><strong><strong>Einfaches Online-Tool<\/strong><\/strong><\/strong><\/strong><\/strong><\/strong><\/h5>\n\n\n\n<p>Keine Installation n\u00f6tig &#8211; einfach Bild hochladen, Hintergrund entfernen und transparent speichern.<\/p>\n<\/div>\n\n\n\n<div class=\"wp-block-column has-black-color has-text-color has-background\" style=\"background-color:#f6efff\">\n<h5 class=\"wp-block-heading\"><img class=\"wp-image-1777\" style=\"width: 24px;\" src=\"https:\/\/img.mbwpai.com\/www.artguru.ai\/sites\/37\/2025\/02\/11063922\/icon2-1.png\" alt=\"\"><strong><strong><strong><strong><strong>Automatische Schnellverarbeitung<\/strong><\/strong><\/strong><\/strong><\/strong><\/h5>\n\n\n\n<p>Erstellen Sie transparente Bilder in nur 15 Sekunden dank modernster KI-Technologie.<\/p>\n<\/div>\n\n\n\n<div class=\"wp-block-column has-black-color has-text-color has-background\" style=\"background-color:#f6efff\">\n<h5 class=\"wp-block-heading\"><img class=\"wp-image-1779\" style=\"width: 24px;\" src=\"https:\/\/img.mbwpai.com\/www.artguru.ai\/sites\/37\/2025\/02\/11063924\/icon4.png\" alt=\"\"><strong><strong><strong><strong>Professionelle Qualit\u00e4t<\/strong><\/strong><\/strong><\/strong><\/h5>\n\n\n\n<p>Erzielen Sie beste Ergebnisse mit pr\u00e4zisen Kanten und perfekter Detailgenauigkeit &#8211; ganz ohne Bildbearbeitungskenntnisse.<\/p>\n<\/div>\n\n\n\n<div class=\"wp-block-column has-black-color has-text-color has-background\" style=\"background-color:#f6efff\">\n<h5 class=\"wp-block-heading\"><img class=\"wp-image-1776\" style=\"width: 24px;\" src=\"https:\/\/img.mbwpai.com\/www.artguru.ai\/sites\/37\/2025\/02\/11063921\/icon1.png\" alt=\"\"><strong><strong><strong><strong><strong><strong><strong><strong><strong><strong><strong>T\u00e4gliches Freikontingent<\/strong><\/strong><\/strong><\/strong><\/strong><\/strong><\/strong><\/strong><\/strong><\/strong><\/strong><\/h5>\n\n\n\n<p>Testen Sie unseren professionellen Hintergrund-Editor mit t\u00e4glich kostenfreiem Guthaben und \u00fcberzeugen Sie sich selbst von der Qualit\u00e4t.<\/p>\n<\/div>\n<\/div>\n\n\n\n<div class=\"wp-block-media-text alignwide has-media-on-the-right is-stacked-on-mobile whiteBg\"><figure class=\"wp-block-media-text__media\"><img src=\"https:\/\/img.mbwpai.com\/www.artguru.ai\/sites\/37\/2025\/04\/16085627\/transparent-background-artguru-1.png\" alt=\"Make Transparent Background for Product Images\" class=\"wp-image-2135 size-full\"\/><\/figure><div class=\"wp-block-media-text__content\">\n<h2 class=\"has-text-align-left wp-block-heading\"><strong>Transparente Hintergr\u00fcnde f\u00fcr Produktbilder erstellen<\/strong><\/h2>\n\n\n\n<p class=\"has-text-align-left\">Verwandeln Sie Ihre Produktfotos in professionelle Aufnahmen mit transparentem Hintergrund &#8211; ganz gleich, wie komplex der urspr\u00fcngliche Hintergrund ist. Unser Transparenz-Generator erkennt Produktkonturen mit h\u00f6chster Pr\u00e4zision und entfernt Hintergr\u00fcnde in Studioqualit\u00e4t binnen Sekunden. Ideal f\u00fcr Online-Shops und Marketingmaterialien &#8211; erstellen Sie perfekt freigestellte Bilder ohne zeitaufwendige manuelle Nachbearbeitung. Sparen Sie wertvolle Zeit und vermeiden Sie komplizierte Bildbearbeitungsprogramme.<\/p>\n\n\n\n<div class=\"wp-container-69fe0e8e5006a wp-block-group\"><div class=\"wp-block-group__inner-container\">\n<div class=\"wp-block-buttons is-content-justification-left btnBox\">\n<div class=\"wp-block-button\"><a class=\"wp-block-button__link\" href=\"https:\/\/www.artguru.ai\/de\/background-remover\/\" target=\"_blank\" rel=\"noreferrer noopener\">Hintergrund transparent machen<\/a><\/div>\n<\/div>\n<\/div><\/div>\n<style>.wp-container-69fe0e8e5006a .alignleft { float: left; margin-right: 2em; }.wp-container-69fe0e8e5006a .alignright { float: right; margin-left: 2em; }<\/style><\/div><\/div>\n\n\n\n<div class=\"wp-block-media-text alignwide is-stacked-on-mobile whiteBg space column-reverse\"><figure class=\"wp-block-media-text__media\"><img src=\"https:\/\/img.mbwpai.com\/www.artguru.ai\/sites\/37\/2025\/04\/16090548\/transparent-background-artguru-2.png\" alt=\"Create Perfect Transparent Portrait Backgrounds\" class=\"wp-image-2136 size-full\"\/><\/figure><div class=\"wp-block-media-text__content\">\n<h2 class=\"has-text-align-left\">Perfekte Portr\u00e4tfotos mit transparentem Hintergrund<\/h2>\n\n\n\n<p class=\"has-text-align-left\">Verleihen Sie Ihren Portr\u00e4ts einen professionellen Look durch pr\u00e4zise Hintergrundentfernung. Unser Transparenz-Generator bewahrt dabei jedes wichtige Detail &#8211; von feinen Haarstrukturen bis zu Kleidersilhouetten &#8211; f\u00fcr ein nat\u00fcrliches und hochwertiges Ergebnis. Ideal f\u00fcr Businessprofile, Social Media oder digitale Designs &#8211; erstellen Sie professionelle Portr\u00e4ts mit transparentem Hintergrund in Sekundenschnelle. Konzentrieren Sie sich auf das perfekte Foto, w\u00e4hrend unsere KI den Hintergrund f\u00fcr Sie entfernt.<\/p>\n\n\n\n<div class=\"wp-container-69fe0e8e500f3 wp-block-group\"><div class=\"wp-block-group__inner-container\">\n<div class=\"wp-block-buttons is-content-justification-left btnBox\">\n<div class=\"wp-block-button\"><a class=\"wp-block-button__link\" href=\"https:\/\/www.artguru.ai\/de\/background-remover\/\" target=\"_blank\" rel=\"noreferrer noopener\">Hintergrund transparent machen<\/a><\/div>\n<\/div>\n<\/div><\/div>\n<style>.wp-container-69fe0e8e500f3 .alignleft { float: left; margin-right: 2em; }.wp-container-69fe0e8e500f3 .alignright { float: right; margin-left: 2em; }<\/style><\/div><\/div>\n\n\n\n<h2>Bild in 3 Schritten Transparent Machen<\/h2>\n\n\n\n<div class=\"wp-block-columns alignfull customizeList has-text-color has-background\" style=\"background-color:#ffffff;color:#000000\">\n<div class=\"wp-block-column\">\n<div class=\"wp-block-image size-full\"><figure class=\"aligncenter size-full\"><img src=\"https:\/\/img.mbwpai.com\/www.artguru.ai\/sites\/37\/2025\/02\/08090957\/step1.png\" alt=\"\" class=\"wp-image-1558\"\/><\/figure><\/div>\n\n\n\n<p class=\"has-text-align-center has-text-color\" style=\"color:#9b5bbb\"><strong>Schritt 1: Bild Hochladen<\/strong><\/p>\n\n\n\n<p class=\"has-text-align-center\">Laden Sie Ihr Bild in unseren Transparenz-Editor. Ziehen Sie die Datei einfach per Drag &amp; Drop in das Fenster oder w\u00e4hlen Sie sie durch Klicken von Ihrem Ger\u00e4t aus. Unterst\u00fctzte Dateiformate: JPG, JPEG, PNG und WebP.<\/p>\n<\/div>\n\n\n\n<div class=\"wp-block-column\">\n<div class=\"wp-block-image size-full\"><figure class=\"aligncenter size-full\"><img src=\"https:\/\/img.mbwpai.com\/www.artguru.ai\/sites\/37\/2025\/02\/08091013\/step2.png\" alt=\"\" class=\"wp-image-1559\"\/><\/figure><\/div>\n\n\n\n<p class=\"has-text-align-center has-text-color\" style=\"color:#9b5bbb\"><strong>Schritt 2: Automatische Hintergrundentfernung<\/strong><\/p>\n\n\n\n<p class=\"has-text-align-center\">Unsere KI entfernt den Hintergrund automatisch und beh\u00e4lt dabei das Hauptobjekt samt feinster Details pr\u00e4zise bei.<\/p>\n<\/div>\n\n\n\n<div class=\"wp-block-column\">\n<div class=\"wp-block-image size-full\"><figure class=\"aligncenter size-full\"><img src=\"https:\/\/img.mbwpai.com\/www.artguru.ai\/sites\/37\/2025\/02\/08091027\/step3.png\" alt=\"\" class=\"wp-image-1560\"\/><\/figure><\/div>\n\n\n\n<p class=\"has-text-align-center has-text-color\" style=\"color:#9b5bbb\"><strong>Schritt 3: PNG-Download<\/strong><\/p>\n\n\n\n<p class=\"has-text-align-center\">Nach wenigen Sekunden erhalten Sie Ihr Bild mit transparentem Hintergrund. Laden Sie es als sofort einsatzbereite PNG-Datei herunter.<\/p>\n<\/div>\n<\/div>\n\n\n\n<div class=\"wp-block-buttons is-content-justification-center btnBox\">\n<div class=\"wp-block-button\"><a class=\"wp-block-button__link\" href=\"https:\/\/www.artguru.ai\/de\/background-remover\/\" target=\"_blank\" rel=\"noreferrer noopener\">Hintergrund transparent machen<\/a><\/div>\n<\/div>\n\n\n\n<div class=\"wp-container-69fe0e8e502d6 wp-block-group faqBox\"><div class=\"wp-block-group__inner-container\">\n<h2 class=\"wp-block-heading\">FAQ<\/h2>\n\n\n\n<div class=\"schema-faq wp-block-yoast-faq-block\"><div class=\"schema-faq-section\" id=\"faq-question-1684836961394\"><strong class=\"schema-faq-question\">1. Kann ich den Transparenz-Generator auf dem Handy nutzen?<\/strong> <p class=\"schema-faq-answer\">Ja! Unser Tool funktioniert einwandfrei auf Handys und Tablets. Laden Sie Bilder hoch, entfernen Sie Hintergr\u00fcnde und speichern Sie transparente PNG-Dateien direkt im Browser &#8211; ganz ohne App-Installation.<\/p> <\/div> <div class=\"schema-faq-section\" id=\"faq-question-1703670093423\"><strong class=\"schema-faq-question\">2. Welche Arten von Bildern funktionieren am besten mit dem transparenten Hintergrund-Ersteller?<\/strong> <p class=\"schema-faq-answer\">Unser Tool verarbeitet alle Bildarten optimal &#8211; von Fotos \u00fcber Illustrationen bis hin zu digitaler Kunst und Designs. Die besten Ergebnisse erzielen Sie mit gut ausgeleuchteten Bildern, bei denen das gew\u00fcnschte Objekt deutlich zu erkennen ist.<\/p> <\/div> <div class=\"schema-faq-section\" id=\"faq-question-1710387948413\"><strong class=\"schema-faq-question\">3. Was kann ich mit meinen Bildern mit transparentem Hintergrund machen?<\/strong> <p class=\"schema-faq-answer\">Nach der Hintergrundentfernung haben Sie mehrere M\u00f6glichkeiten: W\u00e4hlen Sie einen neuen Hintergrund aus unserer Sammlung, laden Sie einen eigenen Hintergrund hoch oder lassen Sie unsere KI einen neuen Hintergrund generieren.<\/p> <\/div> <\/div>\n<\/div><\/div>\n<style>.wp-container-69fe0e8e502d6 .alignleft { float: left; margin-right: 2em; }.wp-container-69fe0e8e502d6 .alignright { float: right; margin-left: 2em; }<\/style>\n\n\n<h2> KI-Werkzeuge entdecken<\/h2>\n\n\n\n<div class=\"wp-block-columns alignfull has-text-color has-background\" style=\"background-color:#ffffff;color:#000000\">\n<div class=\"wp-block-column\">\n<figure class=\"wp-block-image size-full\"><a href=\"https:\/\/www.artguru.ai\/de\/ai-text-to-image-generator\/\"><img src=\"https:\/\/img.mbwpai.com\/www.artguru.ai\/sites\/37\/2025\/02\/08091057\/artguru-text-to-image-banner.png\" alt=\"\" class=\"wp-image-1561\"\/><\/a><\/figure>\n\n\n\n<h5 class=\"has-text-align-center wp-block-heading\"><a href=\"https:\/\/www.artguru.ai\/de\/ai-text-to-image-generator\/\">KI-Bildgenerator<\/a><\/h5>\n\n\n\n<p class=\"has-text-align-center\">Erschaffe Bilder mit k\u00fcnstlicher Intelligenz aus Textbeschreibungen.<\/p>\n<\/div>\n\n\n\n<div class=\"wp-block-column\">\n<figure class=\"wp-block-image size-full\"><a href=\"https:\/\/www.artguru.ai\/de\/background-remover\/\"><img src=\"https:\/\/img.mbwpai.com\/www.artguru.ai\/sites\/37\/2025\/02\/08092021\/remove-bg-banner.png\" alt=\"\" class=\"wp-image-1576\"\/><\/a><\/figure>\n\n\n\n<h5 class=\"has-text-align-center wp-block-heading\"><a href=\"https:\/\/www.artguru.ai\/de\/background-remover\/\">Hintergrund-Entfernung<\/a><\/h5>\n\n\n\n<p class=\"has-text-align-center\">Automatische Hintergrund-Entfernung mit nur einem Klick.<\/p>\n<\/div>\n\n\n\n<div class=\"wp-block-column\">\n<figure class=\"wp-block-image size-large\"><a href=\"https:\/\/www.artguru.ai\/de\/remove-object-from-photo\/\"><img src=\"https:\/\/img.mbwpai.com\/www.artguru.ai\/sites\/37\/2024\/11\/06103938\/artguru-ai-magic-eraser.png\" alt=\"\"\/><\/a><\/figure>\n\n\n\n<h5 class=\"has-text-align-center wp-block-heading\"><a href=\"https:\/\/www.artguru.ai\/de\/remove-object-from-photo\/\">KI-Retuscher<\/a><\/h5>\n\n\n\n<p class=\"has-text-align-center\">Entferne st\u00f6rende Objekte, Personen oder Texte aus deinen Fotos.<\/p>\n<\/div>\n<\/div>\n","protected":false},"excerpt":{"rendered":"<p>Einfaches Online-Tool Keine Installation n\u00f6tig &#8211; einfach Bild hochladen, Hintergrund entfernen und transparent speichern. Automatische Schnellverarbeitung Erstellen Sie transparente Bilder in nur 15 Sekunden dank modernster KI-Technologie. Professionelle Qualit\u00e4t Erzielen Sie beste Ergebnisse mit pr\u00e4zisen Kanten und perfekter Detailgenauigkeit &#8211; ganz ohne Bildbearbeitungskenntnisse. T\u00e4gliches Freikontingent Testen Sie unseren professionellen Hintergrund-Editor mit t\u00e4glich kostenfreiem Guthaben und [&hellip;]<\/p>\n","protected":false},"author":3,"featured_media":0,"parent":0,"menu_order":0,"comment_status":"closed","ping_status":"closed","template":"customPage.php","meta":[],"yoast_head":"<!-- This site is optimized with the Yoast SEO plugin v17.4 - https:\/\/yoast.com\/wordpress\/plugins\/seo\/ -->\n<title>Online Hintergrund transparent machen<\/title>\n<meta name=\"description\" content=\"Erstellen Sie Bilder mit transparentem Hintergrund dank Artguru AI. Blitzschnelle Hintergrundentfernung in bester Qualit\u00e4t. Jetzt testen!\" \/>\n<meta name=\"robots\" content=\"index, follow, max-snippet:-1, max-image-preview:large, max-video-preview:-1\" \/>\n<link rel=\"canonical\" href=\"https:\/\/www.artguru.ai\/blogs-de\/transparent-background\/\" \/>\n<meta property=\"og:locale\" content=\"en_US\" \/>\n<meta property=\"og:type\" content=\"article\" \/>\n<meta property=\"og:title\" content=\"Online Hintergrund transparent machen\" \/>\n<meta property=\"og:description\" content=\"Erstellen Sie Bilder mit transparentem Hintergrund dank Artguru AI. Blitzschnelle Hintergrundentfernung in bester Qualit\u00e4t. Jetzt testen!\" \/>\n<meta property=\"og:url\" content=\"https:\/\/www.artguru.ai\/blogs-de\/transparent-background\/\" \/>\n<meta property=\"og:site_name\" content=\"www.artguru.ai\/blogs-de\" \/>\n<meta property=\"article:modified_time\" content=\"2025-04-27T07:34:29+00:00\" \/>\n<meta property=\"og:image\" content=\"https:\/\/img.mbwpai.com\/www.artguru.ai\/sites\/37\/2025\/04\/16064926\/transparent-background-artguru-banner.png\" \/>\n<meta name=\"twitter:card\" content=\"summary_large_image\" \/>\n<meta name=\"twitter:label1\" content=\"Est. reading time\" \/>\n\t<meta name=\"twitter:data1\" content=\"5 minutes\" \/>\n<script type=\"application\/ld+json\" class=\"yoast-schema-graph\">{\"@context\":\"https:\/\/schema.org\",\"@graph\":[{\"@type\":\"WebSite\",\"@id\":\"https:\/\/www.artguru.ai\/blogs-de\/#website\",\"url\":\"https:\/\/www.artguru.ai\/blogs-de\/\",\"name\":\"www.artguru.ai\/blogs-de\",\"description\":\"Just another www.artguru.ai site\",\"potentialAction\":[{\"@type\":\"SearchAction\",\"target\":{\"@type\":\"EntryPoint\",\"urlTemplate\":\"https:\/\/www.artguru.ai\/blogs-de\/?s={search_term_string}\"},\"query-input\":\"required name=search_term_string\"}],\"inLanguage\":\"en-US\"},{\"@type\":\"ImageObject\",\"@id\":\"https:\/\/www.artguru.ai\/blogs-de\/transparent-background\/#primaryimage\",\"inLanguage\":\"en-US\",\"url\":\"https:\/\/img.mbwpai.com\/www.artguru.ai\/sites\/37\/2025\/04\/16064926\/transparent-background-artguru-banner.png\",\"contentUrl\":\"https:\/\/img.mbwpai.com\/www.artguru.ai\/sites\/37\/2025\/04\/16064926\/transparent-background-artguru-banner.png\"},{\"@type\":[\"WebPage\",\"FAQPage\"],\"@id\":\"https:\/\/www.artguru.ai\/blogs-de\/transparent-background\/#webpage\",\"url\":\"https:\/\/www.artguru.ai\/blogs-de\/transparent-background\/\",\"name\":\"Online Hintergrund transparent machen\",\"isPartOf\":{\"@id\":\"https:\/\/www.artguru.ai\/blogs-de\/#website\"},\"primaryImageOfPage\":{\"@id\":\"https:\/\/www.artguru.ai\/blogs-de\/transparent-background\/#primaryimage\"},\"datePublished\":\"2025-04-20T04:45:40+00:00\",\"dateModified\":\"2025-04-27T07:34:29+00:00\",\"description\":\"Erstellen Sie Bilder mit transparentem Hintergrund dank Artguru AI. Blitzschnelle Hintergrundentfernung in bester Qualit\\u00e4t. Jetzt testen!\",\"breadcrumb\":{\"@id\":\"https:\/\/www.artguru.ai\/blogs-de\/transparent-background\/#breadcrumb\"},\"mainEntity\":[{\"@id\":\"https:\/\/www.artguru.ai\/blogs-de\/transparent-background\/#faq-question-1684836961394\"},{\"@id\":\"https:\/\/www.artguru.ai\/blogs-de\/transparent-background\/#faq-question-1703670093423\"},{\"@id\":\"https:\/\/www.artguru.ai\/blogs-de\/transparent-background\/#faq-question-1710387948413\"}],\"inLanguage\":\"en-US\",\"potentialAction\":[{\"@type\":\"ReadAction\",\"target\":[\"https:\/\/www.artguru.ai\/blogs-de\/transparent-background\/\"]}]},{\"@type\":\"BreadcrumbList\",\"@id\":\"https:\/\/www.artguru.ai\/blogs-de\/transparent-background\/#breadcrumb\",\"itemListElement\":[{\"@type\":\"ListItem\",\"position\":1,\"name\":\"Blog\",\"item\":\"https:\/\/www.artguru.ai\/blogs-de\/\"},{\"@type\":\"ListItem\",\"position\":2,\"name\":\"Transparente Hintergr\\u00fcnde f\\u00fcr Bilder erstellen\"}]},{\"@type\":\"Question\",\"@id\":\"https:\/\/www.artguru.ai\/blogs-de\/transparent-background\/#faq-question-1684836961394\",\"position\":1,\"url\":\"https:\/\/www.artguru.ai\/blogs-de\/transparent-background\/#faq-question-1684836961394\",\"name\":\"1. Kann ich den Transparenz-Generator auf dem Handy nutzen?\",\"answerCount\":1,\"acceptedAnswer\":{\"@type\":\"Answer\",\"text\":\"Ja! Unser Tool funktioniert einwandfrei auf Handys und Tablets. Laden Sie Bilder hoch, entfernen Sie Hintergr\\u00fcnde und speichern Sie transparente PNG-Dateien direkt im Browser - ganz ohne App-Installation.\",\"inLanguage\":\"en-US\"},\"inLanguage\":\"en-US\"},{\"@type\":\"Question\",\"@id\":\"https:\/\/www.artguru.ai\/blogs-de\/transparent-background\/#faq-question-1703670093423\",\"position\":2,\"url\":\"https:\/\/www.artguru.ai\/blogs-de\/transparent-background\/#faq-question-1703670093423\",\"name\":\"2. Welche Arten von Bildern funktionieren am besten mit dem transparenten Hintergrund-Ersteller?\",\"answerCount\":1,\"acceptedAnswer\":{\"@type\":\"Answer\",\"text\":\"Unser Tool verarbeitet alle Bildarten optimal - von Fotos \\u00fcber Illustrationen bis hin zu digitaler Kunst und Designs. Die besten Ergebnisse erzielen Sie mit gut ausgeleuchteten Bildern, bei denen das gew\\u00fcnschte Objekt deutlich zu erkennen ist.\",\"inLanguage\":\"en-US\"},\"inLanguage\":\"en-US\"},{\"@type\":\"Question\",\"@id\":\"https:\/\/www.artguru.ai\/blogs-de\/transparent-background\/#faq-question-1710387948413\",\"position\":3,\"url\":\"https:\/\/www.artguru.ai\/blogs-de\/transparent-background\/#faq-question-1710387948413\",\"name\":\"3. Was kann ich mit meinen Bildern mit transparentem Hintergrund machen?\",\"answerCount\":1,\"acceptedAnswer\":{\"@type\":\"Answer\",\"text\":\"Nach der Hintergrundentfernung haben Sie mehrere M\\u00f6glichkeiten: W\\u00e4hlen Sie einen neuen Hintergrund aus unserer Sammlung, laden Sie einen eigenen Hintergrund hoch oder lassen Sie unsere KI einen neuen Hintergrund generieren.\",\"inLanguage\":\"en-US\"},\"inLanguage\":\"en-US\"}]}<\/script>\n<!-- \/ Yoast SEO plugin. -->","yoast_head_json":{"title":"Online Hintergrund transparent machen","description":"Erstellen Sie Bilder mit transparentem Hintergrund dank Artguru AI. Blitzschnelle Hintergrundentfernung in bester Qualit\u00e4t. Jetzt testen!","robots":{"index":"index","follow":"follow","max-snippet":"max-snippet:-1","max-image-preview":"max-image-preview:large","max-video-preview":"max-video-preview:-1"},"canonical":"https:\/\/www.artguru.ai\/blogs-de\/transparent-background\/","og_locale":"en_US","og_type":"article","og_title":"Online Hintergrund transparent machen","og_description":"Erstellen Sie Bilder mit transparentem Hintergrund dank Artguru AI. Blitzschnelle Hintergrundentfernung in bester Qualit\u00e4t. Jetzt testen!","og_url":"https:\/\/www.artguru.ai\/blogs-de\/transparent-background\/","og_site_name":"www.artguru.ai\/blogs-de","article_modified_time":"2025-04-27T07:34:29+00:00","og_image":[{"url":"https:\/\/img.mbwpai.com\/www.artguru.ai\/sites\/37\/2025\/04\/16064926\/transparent-background-artguru-banner.png"}],"twitter_card":"summary_large_image","twitter_misc":{"Est. reading time":"5 minutes"},"schema":{"@context":"https:\/\/schema.org","@graph":[{"@type":"WebSite","@id":"https:\/\/www.artguru.ai\/blogs-de\/#website","url":"https:\/\/www.artguru.ai\/blogs-de\/","name":"www.artguru.ai\/blogs-de","description":"Just another www.artguru.ai site","potentialAction":[{"@type":"SearchAction","target":{"@type":"EntryPoint","urlTemplate":"https:\/\/www.artguru.ai\/blogs-de\/?s={search_term_string}"},"query-input":"required name=search_term_string"}],"inLanguage":"en-US"},{"@type":"ImageObject","@id":"https:\/\/www.artguru.ai\/blogs-de\/transparent-background\/#primaryimage","inLanguage":"en-US","url":"https:\/\/img.mbwpai.com\/www.artguru.ai\/sites\/37\/2025\/04\/16064926\/transparent-background-artguru-banner.png","contentUrl":"https:\/\/img.mbwpai.com\/www.artguru.ai\/sites\/37\/2025\/04\/16064926\/transparent-background-artguru-banner.png"},{"@type":["WebPage","FAQPage"],"@id":"https:\/\/www.artguru.ai\/blogs-de\/transparent-background\/#webpage","url":"https:\/\/www.artguru.ai\/blogs-de\/transparent-background\/","name":"Online Hintergrund transparent machen","isPartOf":{"@id":"https:\/\/www.artguru.ai\/blogs-de\/#website"},"primaryImageOfPage":{"@id":"https:\/\/www.artguru.ai\/blogs-de\/transparent-background\/#primaryimage"},"datePublished":"2025-04-20T04:45:40+00:00","dateModified":"2025-04-27T07:34:29+00:00","description":"Erstellen Sie Bilder mit transparentem Hintergrund dank Artguru AI. Blitzschnelle Hintergrundentfernung in bester Qualit\u00e4t. Jetzt testen!","breadcrumb":{"@id":"https:\/\/www.artguru.ai\/blogs-de\/transparent-background\/#breadcrumb"},"mainEntity":[{"@id":"https:\/\/www.artguru.ai\/blogs-de\/transparent-background\/#faq-question-1684836961394"},{"@id":"https:\/\/www.artguru.ai\/blogs-de\/transparent-background\/#faq-question-1703670093423"},{"@id":"https:\/\/www.artguru.ai\/blogs-de\/transparent-background\/#faq-question-1710387948413"}],"inLanguage":"en-US","potentialAction":[{"@type":"ReadAction","target":["https:\/\/www.artguru.ai\/blogs-de\/transparent-background\/"]}]},{"@type":"BreadcrumbList","@id":"https:\/\/www.artguru.ai\/blogs-de\/transparent-background\/#breadcrumb","itemListElement":[{"@type":"ListItem","position":1,"name":"Blog","item":"https:\/\/www.artguru.ai\/blogs-de\/"},{"@type":"ListItem","position":2,"name":"Transparente Hintergr\u00fcnde f\u00fcr Bilder erstellen"}]},{"@type":"Question","@id":"https:\/\/www.artguru.ai\/blogs-de\/transparent-background\/#faq-question-1684836961394","position":1,"url":"https:\/\/www.artguru.ai\/blogs-de\/transparent-background\/#faq-question-1684836961394","name":"1. Kann ich den Transparenz-Generator auf dem Handy nutzen?","answerCount":1,"acceptedAnswer":{"@type":"Answer","text":"Ja! Unser Tool funktioniert einwandfrei auf Handys und Tablets. Laden Sie Bilder hoch, entfernen Sie Hintergr\u00fcnde und speichern Sie transparente PNG-Dateien direkt im Browser - ganz ohne App-Installation.","inLanguage":"en-US"},"inLanguage":"en-US"},{"@type":"Question","@id":"https:\/\/www.artguru.ai\/blogs-de\/transparent-background\/#faq-question-1703670093423","position":2,"url":"https:\/\/www.artguru.ai\/blogs-de\/transparent-background\/#faq-question-1703670093423","name":"2. Welche Arten von Bildern funktionieren am besten mit dem transparenten Hintergrund-Ersteller?","answerCount":1,"acceptedAnswer":{"@type":"Answer","text":"Unser Tool verarbeitet alle Bildarten optimal - von Fotos \u00fcber Illustrationen bis hin zu digitaler Kunst und Designs. Die besten Ergebnisse erzielen Sie mit gut ausgeleuchteten Bildern, bei denen das gew\u00fcnschte Objekt deutlich zu erkennen ist.","inLanguage":"en-US"},"inLanguage":"en-US"},{"@type":"Question","@id":"https:\/\/www.artguru.ai\/blogs-de\/transparent-background\/#faq-question-1710387948413","position":3,"url":"https:\/\/www.artguru.ai\/blogs-de\/transparent-background\/#faq-question-1710387948413","name":"3. Was kann ich mit meinen Bildern mit transparentem Hintergrund machen?","answerCount":1,"acceptedAnswer":{"@type":"Answer","text":"Nach der Hintergrundentfernung haben Sie mehrere M\u00f6glichkeiten: W\u00e4hlen Sie einen neuen Hintergrund aus unserer Sammlung, laden Sie einen eigenen Hintergrund hoch oder lassen Sie unsere KI einen neuen Hintergrund generieren.","inLanguage":"en-US"},"inLanguage":"en-US"}]}},"_links":{"self":[{"href":"https:\/\/www.artguru.ai\/blogs-de\/wp-json\/wp\/v2\/pages\/133"}],"collection":[{"href":"https:\/\/www.artguru.ai\/blogs-de\/wp-json\/wp\/v2\/pages"}],"about":[{"href":"https:\/\/www.artguru.ai\/blogs-de\/wp-json\/wp\/v2\/types\/page"}],"author":[{"embeddable":true,"href":"https:\/\/www.artguru.ai\/blogs-de\/wp-json\/wp\/v2\/users\/3"}],"replies":[{"embeddable":true,"href":"https:\/\/www.artguru.ai\/blogs-de\/wp-json\/wp\/v2\/comments?post=133"}],"version-history":[{"count":3,"href":"https:\/\/www.artguru.ai\/blogs-de\/wp-json\/wp\/v2\/pages\/133\/revisions"}],"predecessor-version":[{"id":139,"href":"https:\/\/www.artguru.ai\/blogs-de\/wp-json\/wp\/v2\/pages\/133\/revisions\/139"}],"wp:attachment":[{"href":"https:\/\/www.artguru.ai\/blogs-de\/wp-json\/wp\/v2\/media?parent=133"}],"curies":[{"name":"wp","href":"https:\/\/api.w.org\/{rel}","templated":true}]}}