{"id":117,"date":"2025-02-13T14:34:57","date_gmt":"2025-02-13T14:34:57","guid":{"rendered":"https:\/\/www.artguru.ai\/blogs-de\/?page_id=117"},"modified":"2025-02-16T04:47:49","modified_gmt":"2025-02-16T04:47:49","slug":"ai-avatar-maker","status":"publish","type":"page","link":"https:\/\/www.artguru.ai\/blogs-de\/ai-avatar-maker\/","title":{"rendered":"Erstelle Deinen Avatar Online Aus Fotos"},"content":{"rendered":"\n<div class=\"wp-block-media-text alignwide has-media-on-the-right is-stacked-on-mobile\"><figure class=\"wp-block-media-text__media\"><img src=\"https:\/\/img.mbwpai.com\/www.artguru.ai\/sites\/37\/2023\/07\/06103747\/artguru-pfp.png\" alt=\"\" class=\"wp-image-526 size-full\"\/><\/figure><div class=\"wp-block-media-text__content\">\n<h1 class=\"has-text-align-left wp-block-heading\">Erstelle Deinen Avatar Online Aus Fotos<\/h1>\n\n\n\n<p class=\"has-text-align-left\">Entdecke deinen perfekten KI-Avatar mit ArtGuru \u2013 vielf\u00e4ltige Styles und eine einfache, schnelle M\u00f6glichkeit, hochwertige, pers\u00f6nliche Avatare zu erstellen. Ob f\u00fcr Business, kreative Projekte oder Social Media \u2013 unser KI-basierter Generator erschafft deine digitale Identit\u00e4t mit Pr\u00e4zision und Style.<\/p>\n\n\n\n<div class=\"wp-container-69ddfc19f0f39 wp-block-group\"><div class=\"wp-block-group__inner-container\">\n<div class=\"wp-container-69ddfc19f0f0a wp-block-group\"><div class=\"wp-block-group__inner-container\">\n<div class=\"wp-block-buttons btnBox\">\n<div class=\"wp-block-button\"><a class=\"wp-block-button__link\" href=\"https:\/\/www.artguru.ai\/de\/\">Erstelle deinen KI-Avatar jetzt<\/a><\/div>\n<\/div>\n<\/div><\/div>\n<style>.wp-container-69ddfc19f0f0a .alignleft { float: left; margin-right: 2em; }.wp-container-69ddfc19f0f0a .alignright { float: right; margin-left: 2em; }<\/style><\/div><\/div>\n<style>.wp-container-69ddfc19f0f39 .alignleft { float: left; margin-right: 2em; }.wp-container-69ddfc19f0f39 .alignright { float: right; margin-left: 2em; }<\/style><\/div><\/div>\n\n\n\n<div class=\"wp-block-columns alignfull customizeList listBox has-white-color has-white-background-color has-text-color has-background\">\n<div class=\"wp-block-column has-black-color has-text-color has-background\" style=\"background-color:#f6efff\">\n<h5 class=\"wp-block-heading\"><img class=\"wp-image-1776\" style=\"width: 24px;\" src=\"https:\/\/img.mbwpai.com\/www.artguru.ai\/sites\/37\/2025\/02\/11063921\/icon1.png\" alt=\"\">Individuelle Styles<\/h5>\n\n\n\n<p>Vom Business-Look bis zum k\u00fcnstlerischen Style \u2013 w\u00e4hle einen Look, der zu dir passt.<\/p>\n<\/div>\n\n\n\n<div class=\"wp-block-column has-black-color has-text-color has-background\" style=\"background-color:#f6efff\">\n<h5 class=\"wp-block-heading\"><img class=\"wp-image-1777\" style=\"width: 24px;\" src=\"https:\/\/img.mbwpai.com\/www.artguru.ai\/sites\/37\/2025\/02\/11063922\/icon2-1.png\" alt=\"\">KI-Pr\u00e4zision<\/h5>\n\n\n\n<p>Moderne Algorithmen garantieren beste Qualit\u00e4t f\u00fcr jeden Avatar.<\/p>\n<\/div>\n\n\n\n<div class=\"wp-block-column has-black-color has-text-color has-background\" style=\"background-color:#f6efff\">\n<h5 class=\"wp-block-heading\"><img class=\"wp-image-1778\" style=\"width: 24px;\" src=\"https:\/\/img.mbwpai.com\/www.artguru.ai\/sites\/37\/2025\/02\/11063923\/icon3.png\" alt=\"\">Flexible M\u00f6glichkeiten<\/h5>\n\n\n\n<p>Ob kostenlos oder premium \u2013 f\u00fcr jeden ist die passende Avatar-Option dabei.<\/p>\n<\/div>\n\n\n\n<div class=\"wp-block-column has-black-color has-text-color has-background\" style=\"background-color:#f6efff\">\n<h5 class=\"wp-block-heading\"><img class=\"wp-image-1779\" style=\"width: 24px;\" src=\"https:\/\/img.mbwpai.com\/www.artguru.ai\/sites\/37\/2025\/02\/11063924\/icon4.png\" alt=\"\">Vielf\u00e4ltige Einsatzm\u00f6glichkeiten<\/h5>\n\n\n\n<p>Ideal f\u00fcr Social Media, Gaming, Business-Plattformen und vieles mehr.<\/p>\n<\/div>\n<\/div>\n\n\n\n<div class=\"wp-block-media-text alignwide is-stacked-on-mobile whiteBg space column-reverse\"><figure class=\"wp-block-media-text__media\"><img src=\"https:\/\/img.mbwpai.com\/www.artguru.ai\/sites\/37\/2025\/02\/08100704\/ai-portraits-3.png\" alt=\"\" class=\"wp-image-1640 size-full\"\/><\/figure><div class=\"wp-block-media-text__content\">\n<h2 class=\"has-text-align-left wp-block-heading\">Erstelle Deinen Kostenlosen Avatar Blitzschnell Aus Deinem Foto<\/h2>\n\n\n\n<p>Warum gew\u00f6hnlich, wenn du dein Foto in einen einzigartigen Avatar verwandeln kannst? Es ist kostenlos, schnell und komplett individualisierbar. Lade einfach dein Lieblingsfoto hoch und w\u00e4hle aus beliebten Styles wie Cyberpunk, Anime oder einem realistischen Passfoto-Look. Mit nur einem Klick zaubert unser <a href=\"https:\/\/www.artguru.ai\/de\/ai-art-generator-from-photo\/\" target=\"_blank\" rel=\"noreferrer noopener\"><span style=\"color:#9b51e0\" class=\"tadv-color\">KI-Generator deinen pers\u00f6nlichen Avatar<\/span><\/a>.<\/p>\n\n\n\n<p>\ud83d\udca1 Du willst deinen ganz eigenen Style kreieren? Kein Problem! Mit ArtGurus <a href=\"https:\/\/www.artguru.ai\/de\/\" target=\"_blank\" rel=\"noreferrer noopener\"><span style=\"color:#9b51e0\" class=\"tadv-color\">KI-Generator geht das ganz einfach<\/span><\/a>: Lade dein Foto hoch, w\u00e4hle &#8216;Ohne Style&#8217; und beschreibe in deinen eigenen Worten, wie dein Avatar aussehen soll. Unsere KI macht deine Vision Realit\u00e4t.<\/p>\n\n\n\n<div class=\"wp-container-69ddfc19f10e8 wp-block-group\"><div class=\"wp-block-group__inner-container\">\n<div class=\"wp-block-buttons is-content-justification-left btnBox\">\n<div class=\"wp-block-button\"><a class=\"wp-block-button__link\" href=\"https:\/\/www.artguru.ai\/de\/\" target=\"_blank\" rel=\"noreferrer noopener\">Erstelle deinen KI-Avatar mit unserem KI-Generator<\/a><\/div>\n<\/div>\n<\/div><\/div>\n<style>.wp-container-69ddfc19f10e8 .alignleft { float: left; margin-right: 2em; }.wp-container-69ddfc19f10e8 .alignright { float: right; margin-left: 2em; }<\/style><\/div><\/div>\n\n\n\n<div class=\"wp-block-media-text alignwide has-media-on-the-right is-stacked-on-mobile whiteBg space column-reverse\"><figure class=\"wp-block-media-text__media\"><img src=\"https:\/\/img.mbwpai.com\/www.artguru.ai\/sites\/37\/2025\/02\/08090835\/custom-face-swap.png\" alt=\"\" class=\"wp-image-1556 size-full\"\/><\/figure><div class=\"wp-block-media-text__content\">\n<h2 class=\"has-text-align-left wp-block-heading\">Kostenloses Avatar-Styling: Dein Portr\u00e4t in Neuem Look<\/h2>\n\n\n\n<p>Lass dein Gesicht in jedem Style und Setting erscheinen \u2013 mit dem <a href=\"https:\/\/www.artguru.ai\/de\/swap-face\/\" target=\"_blank\" rel=\"noreferrer noopener\"><span style=\"color:#9b51e0\" class=\"tadv-color\">Face Swapper<\/span><\/a>  von ArtGuru ist das ganz einfach. W\u00e4hle kostenlos eine Vorlage aus, f\u00fcge dein Selfie hinzu und schau zu, wie unsere KI deine Gesichtsz\u00fcge perfekt einarbeitet und deinen digitalen Look kreiert. Egal ob f\u00fcr dein pers\u00f6nliches Portr\u00e4t oder einen coolen Doppel-Look mit Freunden \u2013 die Verwandlung war noch nie so einfach.<\/p>\n\n\n\n<div class=\"wp-container-69ddfc19f119a wp-block-group\"><div class=\"wp-block-group__inner-container\">\n<div class=\"wp-block-buttons is-content-justification-left btnBox\">\n<div class=\"wp-block-button\"><a class=\"wp-block-button__link\" href=\"https:\/\/www.artguru.ai\/de\/swap-face\/\" target=\"_blank\" rel=\"noreferrer noopener\">Erstelle deinen KI-Avatar mit dem Face Swapper<\/a><\/div>\n<\/div>\n<\/div><\/div>\n<style>.wp-container-69ddfc19f119a .alignleft { float: left; margin-right: 2em; }.wp-container-69ddfc19f119a .alignright { float: right; margin-left: 2em; }<\/style><\/div><\/div>\n\n\n\n<div class=\"wp-block-media-text alignwide is-stacked-on-mobile whiteBg space column-reverse\"><figure class=\"wp-block-media-text__media\"><img src=\"https:\/\/img.mbwpai.com\/www.artguru.ai\/sites\/37\/2025\/02\/08095656\/ai-headshot-1.png\" alt=\"\" class=\"wp-image-1625 size-full\"\/><\/figure><div class=\"wp-block-media-text__content\">\n<h2 class=\"has-text-align-left wp-block-heading\">Profi-Portraits Neu Gedacht \u2013 Powered by KI<\/h2>\n\n\n\n<p>Bring deinen Business-Auftritt auf das n\u00e4chste Level mit dem <a href=\"https:\/\/www.artguru.ai\/de\/ai-headshot-generator\/\" target=\"_blank\" rel=\"noreferrer noopener\"><span style=\"color:#9b51e0\" class=\"tadv-color\">KI-Headshot-Generator<\/span><\/a> von ArtGuru. W\u00e4hle aus verschiedenen Business-Styles und lade deine Fotos hoch \u2013 f\u00fcr einen professionellen Avatar, der garantiert auff\u00e4llt. Die smarte Alternative zum teuren Fotoshooting: Erstelle mit nur einem Klick hochwertige Business-Portraits, die perfekt zu deiner Professional Brand passen. \u00dcberzeuge auf ganzer Linie!<\/p>\n\n\n\n<div class=\"wp-container-69ddfc19f1233 wp-block-group\"><div class=\"wp-block-group__inner-container\">\n<div class=\"wp-block-buttons is-content-justification-left btnBox\">\n<div class=\"wp-block-button\"><a class=\"wp-block-button__link\" href=\"https:\/\/www.artguru.ai\/de\/ai-headshot-generator\/\" target=\"_blank\" rel=\"noreferrer noopener\">Erstelle deinen professionellen KI-Avatar<\/a><\/div>\n<\/div>\n<\/div><\/div>\n<style>.wp-container-69ddfc19f1233 .alignleft { float: left; margin-right: 2em; }.wp-container-69ddfc19f1233 .alignright { float: right; margin-left: 2em; }<\/style><\/div><\/div>\n\n\n\n<div class=\"wp-block-media-text alignwide has-media-on-the-right is-stacked-on-mobile whiteBg space column-reverse\"><figure class=\"wp-block-media-text__media\"><img src=\"https:\/\/img.mbwpai.com\/www.artguru.ai\/sites\/37\/2025\/02\/08101033\/ai-selfie-3.png\" alt=\"\" class=\"wp-image-1647 size-full\"\/><\/figure><div class=\"wp-block-media-text__content\">\n<h2 class=\"has-text-align-left wp-block-heading\">Kreativ-Avatar: Lass Deinen Inneren Star Strahlen<\/h2>\n\n\n\n<p class=\"has-text-align-left\">Stell dir vor, du l\u00e4ufst durch eine neongl\u00fchende Cyberpunk-Stadt, posierst als stylische Barbie-Ikone oder steigst aus einem traumhaften Monet-Gem\u00e4lde. Mit unserem kreativen KI-Avatar-Generator werden diese Fantasien digital Realit\u00e4t. Gestalte deinen Online-Look passend zu deiner Stimmung und deinen Ideen \u2013 mit einer riesigen Auswahl an coolen Styles. Unsere KI-Avatare sind nicht nur k\u00fcnstlerisch wertvoll, sie sind auch gestochen scharfe Abbilder von dir \u2013 perfekt, um deinen Social Media Auftritt mit pers\u00f6nlichem Style aufzupeppen. Such dir deinen Lieblingsstil aus und \u00fcberrasche deine Follower mit einem freshen, k\u00fcnstlerischen Profilbild: 100% du, mit einem Touch kreativer Magie!<\/p>\n<\/div><\/div>\n\n\n\n<div class=\"wp-container-69ddfc19f12f2 wp-block-group faqBox\"><div class=\"wp-block-group__inner-container\">\n<h2>FAQ<\/h2>\n\n\n\n<div class=\"schema-faq wp-block-yoast-faq-block\"><div class=\"schema-faq-section\" id=\"faq-question-1684836961394\"><strong class=\"schema-faq-question\">1. Was ist ein KI-Avatar?<\/strong> <p class=\"schema-faq-answer\">Ein KI-Avatar ist dein digitales Ich, das mithilfe k\u00fcnstlicher Intelligenz erschaffen wird. Er ist dein virtuelles Abbild, das du nach deinen W\u00fcnschen gestalten und auf verschiedenen digitalen Plattformen nutzen kannst \u2013 egal ob privat, in sozialen Medien oder im Business-Kontext.<\/p> <\/div> <div class=\"schema-faq-section\" id=\"faq-question-1684837025108\"><strong class=\"schema-faq-question\">2. <strong><strong>Kann ich einen KI-Avatar kostenlos erstellen?<\/strong><\/strong><\/strong> <p class=\"schema-faq-answer\">Ja, du kannst mit Artgurus KI-Generator und Gesichtstausch-Feature kostenlos Avatare erstellen. Diese Funktionen sind f\u00fcr alle frei verf\u00fcgbar \u2013 so kommst du ganz einfach zu deinem pers\u00f6nlichen digitalen Abbild.<\/p> <\/div> <div class=\"schema-faq-section\" id=\"faq-question-1684837036705\"><strong class=\"schema-faq-question\">3. Wie lange braucht die Erstellung eines KI-Avatars?<\/strong> <p class=\"schema-faq-answer\">Die Erstellungszeit deines KI-Avatars h\u00e4ngt von der gew\u00e4hlten Artguru-Funktion ab. Abgesehen vom KI-Headshot- und KI-Avatar-Generator brauchst du mit unseren anderen Funktionen nur wenige Sekunden \u2013 schnell und unkompliziert!.<\/p> <\/div> <\/div>\n<\/div><\/div>\n<style>.wp-container-69ddfc19f12f2 .alignleft { float: left; margin-right: 2em; }.wp-container-69ddfc19f12f2 .alignright { float: right; margin-left: 2em; }<\/style>\n\n\n<div class=\"wp-container-69ddfc19f1399 wp-block-group whiteBg blogBox\"><div class=\"wp-block-group__inner-container\">\n<div class=\"wp-container-69ddfc19f137d wp-block-group whiteBg blogBox\"><div class=\"wp-block-group__inner-container\">\n<h2 class=\"wp-block-heading\">Entdecke deinen Style: Tauche ein in die Welt der Avatare<\/h2>\n\n\n\n<p>Lass deiner Kreativit\u00e4t mit ArtGuru freien Lauf! Unser KI-Avatar-Generator bietet dir endlose Style-M\u00f6glichkeiten. Ob Business-Look oder verspielt, modern oder klassisch \u2013 mit ArtGuru zeigst du jede Seite deiner Pers\u00f6nlichkeit. Lass dich von unserer Style-Galerie inspirieren und erschaffe deinen Traum-Avatar. Deine Vorstellung, deine Regeln!<\/p>\n\n\n\n<div class=\"wp-block-buttons is-content-justification-center btnBox\">\n<div class=\"wp-block-button\"><a class=\"wp-block-button__link\" href=\"https:\/\/www.artguru.ai\/de\/\" target=\"_blank\" rel=\"noreferrer noopener\">Erstelle deinen KI-Avatar jetzt<\/a><\/div>\n<\/div>\n<\/div><\/div>\n<style>.wp-container-69ddfc19f137d .alignleft { float: left; margin-right: 2em; }.wp-container-69ddfc19f137d .alignright { float: right; margin-left: 2em; }<\/style><\/div><\/div>\n<style>.wp-container-69ddfc19f1399 .alignleft { float: left; margin-right: 2em; }.wp-container-69ddfc19f1399 .alignright { float: right; margin-left: 2em; }<\/style>","protected":false},"excerpt":{"rendered":"<p>Individuelle Styles Vom Business-Look bis zum k\u00fcnstlerischen Style \u2013 w\u00e4hle einen Look, der zu dir passt. KI-Pr\u00e4zision Moderne Algorithmen garantieren beste Qualit\u00e4t f\u00fcr jeden Avatar. Flexible M\u00f6glichkeiten Ob kostenlos oder premium \u2013 f\u00fcr jeden ist die passende Avatar-Option dabei. Vielf\u00e4ltige Einsatzm\u00f6glichkeiten Ideal f\u00fcr Social Media, Gaming, Business-Plattformen und vieles mehr. Kreativ-Avatar: Lass Deinen Inneren Star [&hellip;]<\/p>\n","protected":false},"author":3,"featured_media":0,"parent":0,"menu_order":0,"comment_status":"closed","ping_status":"closed","template":"customPage.php","meta":[],"yoast_head":"<!-- This site is optimized with the Yoast SEO plugin v17.4 - https:\/\/yoast.com\/wordpress\/plugins\/seo\/ -->\n<title>Entdecke deinen Style: Tauche ein in die Welt der Avatare<\/title>\n<meta name=\"description\" content=\"Verwandle dein Foto in einen einzigartigen Avatar. ArtGuru bietet dir professionelle und k\u00fcnstlerische Avatar-Styles f\u00fcr Social Media, Gaming und mehr. Probier es kostenlos aus!\" \/>\n<meta name=\"robots\" content=\"index, follow, max-snippet:-1, max-image-preview:large, max-video-preview:-1\" \/>\n<link rel=\"canonical\" href=\"https:\/\/www.artguru.ai\/blogs-de\/ai-avatar-maker\/\" \/>\n<meta property=\"og:locale\" content=\"en_US\" \/>\n<meta property=\"og:type\" content=\"article\" \/>\n<meta property=\"og:title\" content=\"Entdecke deinen Style: Tauche ein in die Welt der Avatare\" \/>\n<meta property=\"og:description\" content=\"Verwandle dein Foto in einen einzigartigen Avatar. ArtGuru bietet dir professionelle und k\u00fcnstlerische Avatar-Styles f\u00fcr Social Media, Gaming und mehr. Probier es kostenlos aus!\" \/>\n<meta property=\"og:url\" content=\"https:\/\/www.artguru.ai\/blogs-de\/ai-avatar-maker\/\" \/>\n<meta property=\"og:site_name\" content=\"www.artguru.ai\/blogs-de\" \/>\n<meta property=\"article:modified_time\" content=\"2025-02-16T04:47:49+00:00\" \/>\n<meta property=\"og:image\" content=\"https:\/\/img.mbwpai.com\/www.artguru.ai\/sites\/37\/2023\/07\/06103747\/artguru-pfp.png\" \/>\n<meta name=\"twitter:card\" content=\"summary_large_image\" \/>\n<meta name=\"twitter:label1\" content=\"Est. reading time\" \/>\n\t<meta name=\"twitter:data1\" content=\"5 minutes\" \/>\n<script type=\"application\/ld+json\" class=\"yoast-schema-graph\">{\"@context\":\"https:\/\/schema.org\",\"@graph\":[{\"@type\":\"WebSite\",\"@id\":\"https:\/\/www.artguru.ai\/blogs-de\/#website\",\"url\":\"https:\/\/www.artguru.ai\/blogs-de\/\",\"name\":\"www.artguru.ai\/blogs-de\",\"description\":\"Just another www.artguru.ai site\",\"potentialAction\":[{\"@type\":\"SearchAction\",\"target\":{\"@type\":\"EntryPoint\",\"urlTemplate\":\"https:\/\/www.artguru.ai\/blogs-de\/?s={search_term_string}\"},\"query-input\":\"required name=search_term_string\"}],\"inLanguage\":\"en-US\"},{\"@type\":\"ImageObject\",\"@id\":\"https:\/\/www.artguru.ai\/blogs-de\/ai-avatar-maker\/#primaryimage\",\"inLanguage\":\"en-US\",\"url\":\"https:\/\/img.mbwpai.com\/www.artguru.ai\/sites\/37\/2023\/07\/06103747\/artguru-pfp.png\",\"contentUrl\":\"https:\/\/img.mbwpai.com\/www.artguru.ai\/sites\/37\/2023\/07\/06103747\/artguru-pfp.png\"},{\"@type\":[\"WebPage\",\"FAQPage\"],\"@id\":\"https:\/\/www.artguru.ai\/blogs-de\/ai-avatar-maker\/#webpage\",\"url\":\"https:\/\/www.artguru.ai\/blogs-de\/ai-avatar-maker\/\",\"name\":\"Entdecke deinen Style: Tauche ein in die Welt der Avatare\",\"isPartOf\":{\"@id\":\"https:\/\/www.artguru.ai\/blogs-de\/#website\"},\"primaryImageOfPage\":{\"@id\":\"https:\/\/www.artguru.ai\/blogs-de\/ai-avatar-maker\/#primaryimage\"},\"datePublished\":\"2025-02-13T14:34:57+00:00\",\"dateModified\":\"2025-02-16T04:47:49+00:00\",\"description\":\"Verwandle dein Foto in einen einzigartigen Avatar. ArtGuru bietet dir professionelle und k\\u00fcnstlerische Avatar-Styles f\\u00fcr Social Media, Gaming und mehr. Probier es kostenlos aus!\",\"breadcrumb\":{\"@id\":\"https:\/\/www.artguru.ai\/blogs-de\/ai-avatar-maker\/#breadcrumb\"},\"mainEntity\":[{\"@id\":\"https:\/\/www.artguru.ai\/blogs-de\/ai-avatar-maker\/#faq-question-1684836961394\"},{\"@id\":\"https:\/\/www.artguru.ai\/blogs-de\/ai-avatar-maker\/#faq-question-1684837025108\"},{\"@id\":\"https:\/\/www.artguru.ai\/blogs-de\/ai-avatar-maker\/#faq-question-1684837036705\"}],\"inLanguage\":\"en-US\",\"potentialAction\":[{\"@type\":\"ReadAction\",\"target\":[\"https:\/\/www.artguru.ai\/blogs-de\/ai-avatar-maker\/\"]}]},{\"@type\":\"BreadcrumbList\",\"@id\":\"https:\/\/www.artguru.ai\/blogs-de\/ai-avatar-maker\/#breadcrumb\",\"itemListElement\":[{\"@type\":\"ListItem\",\"position\":1,\"name\":\"Blog\",\"item\":\"https:\/\/www.artguru.ai\/blogs-de\/\"},{\"@type\":\"ListItem\",\"position\":2,\"name\":\"Erstelle Deinen Avatar Online Aus Fotos\"}]},{\"@type\":\"Question\",\"@id\":\"https:\/\/www.artguru.ai\/blogs-de\/ai-avatar-maker\/#faq-question-1684836961394\",\"position\":1,\"url\":\"https:\/\/www.artguru.ai\/blogs-de\/ai-avatar-maker\/#faq-question-1684836961394\",\"name\":\"1. Was ist ein KI-Avatar?\",\"answerCount\":1,\"acceptedAnswer\":{\"@type\":\"Answer\",\"text\":\"Ein KI-Avatar ist dein digitales Ich, das mithilfe k\\u00fcnstlicher Intelligenz erschaffen wird. Er ist dein virtuelles Abbild, das du nach deinen W\\u00fcnschen gestalten und auf verschiedenen digitalen Plattformen nutzen kannst \\u2013 egal ob privat, in sozialen Medien oder im Business-Kontext.\",\"inLanguage\":\"en-US\"},\"inLanguage\":\"en-US\"},{\"@type\":\"Question\",\"@id\":\"https:\/\/www.artguru.ai\/blogs-de\/ai-avatar-maker\/#faq-question-1684837025108\",\"position\":2,\"url\":\"https:\/\/www.artguru.ai\/blogs-de\/ai-avatar-maker\/#faq-question-1684837025108\",\"name\":\"2. Kann ich einen KI-Avatar kostenlos erstellen?\",\"answerCount\":1,\"acceptedAnswer\":{\"@type\":\"Answer\",\"text\":\"Ja, du kannst mit Artgurus KI-Generator und Gesichtstausch-Feature kostenlos Avatare erstellen. Diese Funktionen sind f\\u00fcr alle frei verf\\u00fcgbar \\u2013 so kommst du ganz einfach zu deinem pers\\u00f6nlichen digitalen Abbild.\",\"inLanguage\":\"en-US\"},\"inLanguage\":\"en-US\"},{\"@type\":\"Question\",\"@id\":\"https:\/\/www.artguru.ai\/blogs-de\/ai-avatar-maker\/#faq-question-1684837036705\",\"position\":3,\"url\":\"https:\/\/www.artguru.ai\/blogs-de\/ai-avatar-maker\/#faq-question-1684837036705\",\"name\":\"3. Wie lange braucht die Erstellung eines KI-Avatars?\",\"answerCount\":1,\"acceptedAnswer\":{\"@type\":\"Answer\",\"text\":\"Die Erstellungszeit deines KI-Avatars h\\u00e4ngt von der gew\\u00e4hlten Artguru-Funktion ab. Abgesehen vom KI-Headshot- und KI-Avatar-Generator brauchst du mit unseren anderen Funktionen nur wenige Sekunden \\u2013 schnell und unkompliziert!.\",\"inLanguage\":\"en-US\"},\"inLanguage\":\"en-US\"}]}<\/script>\n<!-- \/ Yoast SEO plugin. -->","yoast_head_json":{"title":"Entdecke deinen Style: Tauche ein in die Welt der Avatare","description":"Verwandle dein Foto in einen einzigartigen Avatar. ArtGuru bietet dir professionelle und k\u00fcnstlerische Avatar-Styles f\u00fcr Social Media, Gaming und mehr. Probier es kostenlos aus!","robots":{"index":"index","follow":"follow","max-snippet":"max-snippet:-1","max-image-preview":"max-image-preview:large","max-video-preview":"max-video-preview:-1"},"canonical":"https:\/\/www.artguru.ai\/blogs-de\/ai-avatar-maker\/","og_locale":"en_US","og_type":"article","og_title":"Entdecke deinen Style: Tauche ein in die Welt der Avatare","og_description":"Verwandle dein Foto in einen einzigartigen Avatar. ArtGuru bietet dir professionelle und k\u00fcnstlerische Avatar-Styles f\u00fcr Social Media, Gaming und mehr. Probier es kostenlos aus!","og_url":"https:\/\/www.artguru.ai\/blogs-de\/ai-avatar-maker\/","og_site_name":"www.artguru.ai\/blogs-de","article_modified_time":"2025-02-16T04:47:49+00:00","og_image":[{"url":"https:\/\/img.mbwpai.com\/www.artguru.ai\/sites\/37\/2023\/07\/06103747\/artguru-pfp.png"}],"twitter_card":"summary_large_image","twitter_misc":{"Est. reading time":"5 minutes"},"schema":{"@context":"https:\/\/schema.org","@graph":[{"@type":"WebSite","@id":"https:\/\/www.artguru.ai\/blogs-de\/#website","url":"https:\/\/www.artguru.ai\/blogs-de\/","name":"www.artguru.ai\/blogs-de","description":"Just another www.artguru.ai site","potentialAction":[{"@type":"SearchAction","target":{"@type":"EntryPoint","urlTemplate":"https:\/\/www.artguru.ai\/blogs-de\/?s={search_term_string}"},"query-input":"required name=search_term_string"}],"inLanguage":"en-US"},{"@type":"ImageObject","@id":"https:\/\/www.artguru.ai\/blogs-de\/ai-avatar-maker\/#primaryimage","inLanguage":"en-US","url":"https:\/\/img.mbwpai.com\/www.artguru.ai\/sites\/37\/2023\/07\/06103747\/artguru-pfp.png","contentUrl":"https:\/\/img.mbwpai.com\/www.artguru.ai\/sites\/37\/2023\/07\/06103747\/artguru-pfp.png"},{"@type":["WebPage","FAQPage"],"@id":"https:\/\/www.artguru.ai\/blogs-de\/ai-avatar-maker\/#webpage","url":"https:\/\/www.artguru.ai\/blogs-de\/ai-avatar-maker\/","name":"Entdecke deinen Style: Tauche ein in die Welt der Avatare","isPartOf":{"@id":"https:\/\/www.artguru.ai\/blogs-de\/#website"},"primaryImageOfPage":{"@id":"https:\/\/www.artguru.ai\/blogs-de\/ai-avatar-maker\/#primaryimage"},"datePublished":"2025-02-13T14:34:57+00:00","dateModified":"2025-02-16T04:47:49+00:00","description":"Verwandle dein Foto in einen einzigartigen Avatar. ArtGuru bietet dir professionelle und k\u00fcnstlerische Avatar-Styles f\u00fcr Social Media, Gaming und mehr. Probier es kostenlos aus!","breadcrumb":{"@id":"https:\/\/www.artguru.ai\/blogs-de\/ai-avatar-maker\/#breadcrumb"},"mainEntity":[{"@id":"https:\/\/www.artguru.ai\/blogs-de\/ai-avatar-maker\/#faq-question-1684836961394"},{"@id":"https:\/\/www.artguru.ai\/blogs-de\/ai-avatar-maker\/#faq-question-1684837025108"},{"@id":"https:\/\/www.artguru.ai\/blogs-de\/ai-avatar-maker\/#faq-question-1684837036705"}],"inLanguage":"en-US","potentialAction":[{"@type":"ReadAction","target":["https:\/\/www.artguru.ai\/blogs-de\/ai-avatar-maker\/"]}]},{"@type":"BreadcrumbList","@id":"https:\/\/www.artguru.ai\/blogs-de\/ai-avatar-maker\/#breadcrumb","itemListElement":[{"@type":"ListItem","position":1,"name":"Blog","item":"https:\/\/www.artguru.ai\/blogs-de\/"},{"@type":"ListItem","position":2,"name":"Erstelle Deinen Avatar Online Aus Fotos"}]},{"@type":"Question","@id":"https:\/\/www.artguru.ai\/blogs-de\/ai-avatar-maker\/#faq-question-1684836961394","position":1,"url":"https:\/\/www.artguru.ai\/blogs-de\/ai-avatar-maker\/#faq-question-1684836961394","name":"1. Was ist ein KI-Avatar?","answerCount":1,"acceptedAnswer":{"@type":"Answer","text":"Ein KI-Avatar ist dein digitales Ich, das mithilfe k\u00fcnstlicher Intelligenz erschaffen wird. Er ist dein virtuelles Abbild, das du nach deinen W\u00fcnschen gestalten und auf verschiedenen digitalen Plattformen nutzen kannst \u2013 egal ob privat, in sozialen Medien oder im Business-Kontext.","inLanguage":"en-US"},"inLanguage":"en-US"},{"@type":"Question","@id":"https:\/\/www.artguru.ai\/blogs-de\/ai-avatar-maker\/#faq-question-1684837025108","position":2,"url":"https:\/\/www.artguru.ai\/blogs-de\/ai-avatar-maker\/#faq-question-1684837025108","name":"2. Kann ich einen KI-Avatar kostenlos erstellen?","answerCount":1,"acceptedAnswer":{"@type":"Answer","text":"Ja, du kannst mit Artgurus KI-Generator und Gesichtstausch-Feature kostenlos Avatare erstellen. Diese Funktionen sind f\u00fcr alle frei verf\u00fcgbar \u2013 so kommst du ganz einfach zu deinem pers\u00f6nlichen digitalen Abbild.","inLanguage":"en-US"},"inLanguage":"en-US"},{"@type":"Question","@id":"https:\/\/www.artguru.ai\/blogs-de\/ai-avatar-maker\/#faq-question-1684837036705","position":3,"url":"https:\/\/www.artguru.ai\/blogs-de\/ai-avatar-maker\/#faq-question-1684837036705","name":"3. Wie lange braucht die Erstellung eines KI-Avatars?","answerCount":1,"acceptedAnswer":{"@type":"Answer","text":"Die Erstellungszeit deines KI-Avatars h\u00e4ngt von der gew\u00e4hlten Artguru-Funktion ab. Abgesehen vom KI-Headshot- und KI-Avatar-Generator brauchst du mit unseren anderen Funktionen nur wenige Sekunden \u2013 schnell und unkompliziert!.","inLanguage":"en-US"},"inLanguage":"en-US"}]}},"_links":{"self":[{"href":"https:\/\/www.artguru.ai\/blogs-de\/wp-json\/wp\/v2\/pages\/117"}],"collection":[{"href":"https:\/\/www.artguru.ai\/blogs-de\/wp-json\/wp\/v2\/pages"}],"about":[{"href":"https:\/\/www.artguru.ai\/blogs-de\/wp-json\/wp\/v2\/types\/page"}],"author":[{"embeddable":true,"href":"https:\/\/www.artguru.ai\/blogs-de\/wp-json\/wp\/v2\/users\/3"}],"replies":[{"embeddable":true,"href":"https:\/\/www.artguru.ai\/blogs-de\/wp-json\/wp\/v2\/comments?post=117"}],"version-history":[{"count":4,"href":"https:\/\/www.artguru.ai\/blogs-de\/wp-json\/wp\/v2\/pages\/117\/revisions"}],"predecessor-version":[{"id":127,"href":"https:\/\/www.artguru.ai\/blogs-de\/wp-json\/wp\/v2\/pages\/117\/revisions\/127"}],"wp:attachment":[{"href":"https:\/\/www.artguru.ai\/blogs-de\/wp-json\/wp\/v2\/media?parent=117"}],"curies":[{"name":"wp","href":"https:\/\/api.w.org\/{rel}","templated":true}]}}