{"id":110,"date":"2025-02-12T07:19:04","date_gmt":"2025-02-12T07:19:04","guid":{"rendered":"https:\/\/www.artguru.ai\/blogs-de\/?page_id=110"},"modified":"2025-03-04T05:36:38","modified_gmt":"2025-03-04T05:36:38","slug":"ai-video-generator-from-text","status":"publish","type":"page","link":"https:\/\/www.artguru.ai\/blogs-de\/ai-video-generator-from-text\/","title":{"rendered":"KI-Videogenerator"},"content":{"rendered":"\n<div class=\"wp-block-media-text alignwide has-media-on-the-right is-stacked-on-mobile\"><figure class=\"wp-block-media-text__media\"><img src=\"https:\/\/img.mbwpai.com\/www.artguru.ai\/sites\/37\/2025\/02\/12034405\/ai-video-top-banner.png\" alt=\"\" class=\"wp-image-1845 size-full\"\/><\/figure><div class=\"wp-block-media-text__content\">\n<h1 class=\"has-text-align-left wp-block-heading\">Jede Idee mit dem KI-Videogenerator zum Leben erwecken<\/h1>\n\n\n\n<p class=\"has-text-align-left\">Verwandle deine Gedanken, seien sie real oder erfunden, mit einem einfachen Textbefehl sofort in Videosequenzen \u2013 ganz ohne Fachkenntnisse.<\/p>\n<\/div><\/div>\n\n\n\n<div class=\"wp-block-media-text alignwide is-stacked-on-mobile whiteBg space column-reverse\"><figure class=\"wp-block-media-text__media\"><img src=\"https:\/\/img.mbwpai.com\/www.artguru.ai\/sites\/37\/2025\/02\/12034413\/ai-video-banner-1.png\" alt=\"\" class=\"wp-image-1846 size-full\"\/><\/figure><div class=\"wp-block-media-text__content\">\n<h2 class=\"has-text-align-left wp-block-heading\">Erstelle Videos aus Texten f\u00fcr jedes erdenkliche Thema<\/h2>\n\n\n\n<p class=\"has-text-align-left\">Verwandle Texte sofort in kurze, packende Videos f\u00fcr jedes Thema \u2013 sei es Kochen, Abenteuer von Weltraumhunden oder coole Heimwerkerprojekte. Der Text-zu-Video-KI-Generator eignet sich hervorragend, um neue Ideen zu entfachen oder deinen Inhalten einen besonderen Touch zu verleihen. Er bietet eine schnelle und kosteneffiziente M\u00f6glichkeit, deine Videos mit neuen Ideen und visuellen Elementen zu bereichern, was deinen kreativen Prozess reibungsloser und inspirierender macht.<\/p>\n\n\n\n<div class=\"wp-container-69d4c9e885867 wp-block-group\"><div class=\"wp-block-group__inner-container\"><\/div><\/div>\n<style>.wp-container-69d4c9e885867 .alignleft { float: left; margin-right: 2em; }.wp-container-69d4c9e885867 .alignright { float: right; margin-left: 2em; }<\/style><\/div><\/div>\n\n\n\n<div class=\"wp-block-media-text alignwide has-media-on-the-right is-stacked-on-mobile whiteBg\"><figure class=\"wp-block-media-text__media\"><img src=\"https:\/\/img.mbwpai.com\/www.artguru.ai\/sites\/37\/2025\/02\/12034423\/ai-video-banner-2.png\" alt=\"\" class=\"wp-image-1847 size-full\"\/><\/figure><div class=\"wp-block-media-text__content\">\n<h2 class=\"has-text-align-left wp-block-heading\">Texte mit Leichtigkeit in Videos jeglichen Stils umwandeln<\/h2>\n\n\n\n<p class=\"has-text-align-left\">Entdecke, wie einfach es ist, Videos in jedem Stil zu erstellen \u2013 von realen Szenen bis hin zu 3D-Animationen, mit dem KI-Text-zu-Video-Generator. Jetzt kann jeder seine Geschichten visuell teilen, ohne \u00fcber technische Kenntnisse verf\u00fcgen zu m\u00fcssen, indem Texte in lebendige Szenen verwandelt werden, die deiner Vorstellungskraft entsprechen. Entfalte deinen kreativen Ausdruck m\u00fchelos in jedem denkbaren Stil und sieh zu, wie deine Ideen in beeindruckenden Details zum Leben erweckt werden.<\/p>\n\n\n\n<div class=\"wp-container-69d4c9e8858e0 wp-block-group\"><div class=\"wp-block-group__inner-container\"><\/div><\/div>\n<style>.wp-container-69d4c9e8858e0 .alignleft { float: left; margin-right: 2em; }.wp-container-69d4c9e8858e0 .alignright { float: right; margin-left: 2em; }<\/style><\/div><\/div>\n\n\n\n<h2 class=\"wp-block-heading flex-row\">KI-Werkzeuge entdecken<\/h2>\n\n\n\n<div class=\"wp-block-columns alignfull has-text-color has-background\" style=\"background-color:#ffffff;color:#000000\">\n<div class=\"wp-block-column\">\n<figure class=\"wp-block-image size-full\"><a href=\"https:\/\/www.artguru.ai\/de\/ai-text-to-image-generator\/\"><img src=\"https:\/\/img.mbwpai.com\/www.artguru.ai\/sites\/37\/2025\/02\/08091057\/artguru-text-to-image-banner.png\" alt=\"\" class=\"wp-image-1561\"\/><\/a><\/figure>\n\n\n\n<h5 class=\"has-text-align-center wp-block-heading\"><a href=\"https:\/\/www.artguru.ai\/de\/ai-text-to-image-generator\/\">KI-Bildgenerator<\/a><\/h5>\n\n\n\n<p class=\"has-text-align-center\">Erschaffe Bilder mit k\u00fcnstlicher Intelligenz aus Textbeschreibungen.<\/p>\n<\/div>\n\n\n\n<div class=\"wp-block-column\">\n<figure class=\"wp-block-image size-full\"><a href=\"https:\/\/www.artguru.ai\/de\/background-remover\/\"><img src=\"https:\/\/img.mbwpai.com\/www.artguru.ai\/sites\/37\/2025\/02\/08092021\/remove-bg-banner.png\" alt=\"\" class=\"wp-image-1576\"\/><\/a><\/figure>\n\n\n\n<h5 class=\"has-text-align-center wp-block-heading\"><a href=\"https:\/\/www.artguru.ai\/de\/background-remover\/\">Hintergrund-Entfernung<\/a><\/h5>\n\n\n\n<p class=\"has-text-align-center\">Automatische Hintergrund-Entfernung mit nur einem Klick.<\/p>\n<\/div>\n\n\n\n<div class=\"wp-block-column\">\n<figure class=\"wp-block-image size-large\"><a href=\"https:\/\/www.artguru.ai\/de\/remove-object-from-photo\/\"><img src=\"https:\/\/img.mbwpai.com\/www.artguru.ai\/sites\/37\/2024\/11\/06103938\/artguru-ai-magic-eraser.png\" alt=\"\"\/><\/a><\/figure>\n\n\n\n<h5 class=\"has-text-align-center wp-block-heading\"><a href=\"https:\/\/www.artguru.ai\/de\/remove-object-from-photo\/\">KI-Retuscher<\/a><\/h5>\n\n\n\n<p class=\"has-text-align-center\">Entferne st\u00f6rende Objekte, Personen oder Texte aus deinen Fotos.<\/p>\n<\/div>\n<\/div>\n","protected":false},"excerpt":{"rendered":"<p>Jede Idee mit dem KI-Videogenerator zum Leben erwecken Verwandle deine Gedanken, seien sie real oder erfunden, mit einem einfachen Textbefehl sofort in Videosequenzen \u2013 ganz ohne Fachkenntnisse. KI-Werkzeuge entdecken KI-Bildgenerator Erschaffe Bilder mit k\u00fcnstlicher Intelligenz aus Textbeschreibungen. Hintergrund-Entfernung Automatische Hintergrund-Entfernung mit nur einem Klick. KI-Retuscher Entferne st\u00f6rende Objekte, Personen oder Texte aus deinen Fotos.<\/p>\n","protected":false},"author":3,"featured_media":0,"parent":0,"menu_order":0,"comment_status":"closed","ping_status":"closed","template":"customPage.php","meta":[],"yoast_head":"<!-- This site is optimized with the Yoast SEO plugin v17.4 - https:\/\/yoast.com\/wordpress\/plugins\/seo\/ -->\n<title>Text in Video Online Umwandeln - KI-Videogenerator<\/title>\n<meta name=\"description\" content=\"Verwandle Texte in fesselnde Videos mit dem KI-Videogenerator: Sofortige und m\u00fchelose Erstellung von Videos f\u00fcr jegliche Themen oder Stile, ganz ohne Vorkenntnisse.\" \/>\n<meta name=\"robots\" content=\"index, follow, max-snippet:-1, max-image-preview:large, max-video-preview:-1\" \/>\n<link rel=\"canonical\" href=\"https:\/\/www.artguru.ai\/blogs-de\/ai-video-generator-from-text\/\" \/>\n<meta property=\"og:locale\" content=\"en_US\" \/>\n<meta property=\"og:type\" content=\"article\" \/>\n<meta property=\"og:title\" content=\"Text in Video Online Umwandeln - KI-Videogenerator\" \/>\n<meta property=\"og:description\" content=\"Verwandle Texte in fesselnde Videos mit dem KI-Videogenerator: Sofortige und m\u00fchelose Erstellung von Videos f\u00fcr jegliche Themen oder Stile, ganz ohne Vorkenntnisse.\" \/>\n<meta property=\"og:url\" content=\"https:\/\/www.artguru.ai\/blogs-de\/ai-video-generator-from-text\/\" \/>\n<meta property=\"og:site_name\" content=\"www.artguru.ai\/blogs-de\" \/>\n<meta property=\"article:modified_time\" content=\"2025-03-04T05:36:38+00:00\" \/>\n<meta property=\"og:image\" content=\"https:\/\/img.mbwpai.com\/www.artguru.ai\/sites\/37\/2025\/02\/12034405\/ai-video-top-banner.png\" \/>\n<meta name=\"twitter:card\" content=\"summary_large_image\" \/>\n<meta name=\"twitter:label1\" content=\"Est. reading time\" \/>\n\t<meta name=\"twitter:data1\" content=\"3 minutes\" \/>\n<script type=\"application\/ld+json\" class=\"yoast-schema-graph\">{\"@context\":\"https:\/\/schema.org\",\"@graph\":[{\"@type\":\"WebSite\",\"@id\":\"https:\/\/www.artguru.ai\/blogs-de\/#website\",\"url\":\"https:\/\/www.artguru.ai\/blogs-de\/\",\"name\":\"www.artguru.ai\/blogs-de\",\"description\":\"Just another www.artguru.ai site\",\"potentialAction\":[{\"@type\":\"SearchAction\",\"target\":{\"@type\":\"EntryPoint\",\"urlTemplate\":\"https:\/\/www.artguru.ai\/blogs-de\/?s={search_term_string}\"},\"query-input\":\"required name=search_term_string\"}],\"inLanguage\":\"en-US\"},{\"@type\":\"ImageObject\",\"@id\":\"https:\/\/www.artguru.ai\/blogs-de\/ai-video-generator-from-text\/#primaryimage\",\"inLanguage\":\"en-US\",\"url\":\"https:\/\/img.mbwpai.com\/www.artguru.ai\/sites\/37\/2025\/02\/12034405\/ai-video-top-banner.png\",\"contentUrl\":\"https:\/\/img.mbwpai.com\/www.artguru.ai\/sites\/37\/2025\/02\/12034405\/ai-video-top-banner.png\"},{\"@type\":\"WebPage\",\"@id\":\"https:\/\/www.artguru.ai\/blogs-de\/ai-video-generator-from-text\/#webpage\",\"url\":\"https:\/\/www.artguru.ai\/blogs-de\/ai-video-generator-from-text\/\",\"name\":\"Text in Video Online Umwandeln - KI-Videogenerator\",\"isPartOf\":{\"@id\":\"https:\/\/www.artguru.ai\/blogs-de\/#website\"},\"primaryImageOfPage\":{\"@id\":\"https:\/\/www.artguru.ai\/blogs-de\/ai-video-generator-from-text\/#primaryimage\"},\"datePublished\":\"2025-02-12T07:19:04+00:00\",\"dateModified\":\"2025-03-04T05:36:38+00:00\",\"description\":\"Verwandle Texte in fesselnde Videos mit dem KI-Videogenerator: Sofortige und m\\u00fchelose Erstellung von Videos f\\u00fcr jegliche Themen oder Stile, ganz ohne Vorkenntnisse.\",\"breadcrumb\":{\"@id\":\"https:\/\/www.artguru.ai\/blogs-de\/ai-video-generator-from-text\/#breadcrumb\"},\"inLanguage\":\"en-US\",\"potentialAction\":[{\"@type\":\"ReadAction\",\"target\":[\"https:\/\/www.artguru.ai\/blogs-de\/ai-video-generator-from-text\/\"]}]},{\"@type\":\"BreadcrumbList\",\"@id\":\"https:\/\/www.artguru.ai\/blogs-de\/ai-video-generator-from-text\/#breadcrumb\",\"itemListElement\":[{\"@type\":\"ListItem\",\"position\":1,\"name\":\"Blog\",\"item\":\"https:\/\/www.artguru.ai\/blogs-de\/\"},{\"@type\":\"ListItem\",\"position\":2,\"name\":\"KI-Videogenerator\"}]}]}<\/script>\n<!-- \/ Yoast SEO plugin. -->","yoast_head_json":{"title":"Text in Video Online Umwandeln - KI-Videogenerator","description":"Verwandle Texte in fesselnde Videos mit dem KI-Videogenerator: Sofortige und m\u00fchelose Erstellung von Videos f\u00fcr jegliche Themen oder Stile, ganz ohne Vorkenntnisse.","robots":{"index":"index","follow":"follow","max-snippet":"max-snippet:-1","max-image-preview":"max-image-preview:large","max-video-preview":"max-video-preview:-1"},"canonical":"https:\/\/www.artguru.ai\/blogs-de\/ai-video-generator-from-text\/","og_locale":"en_US","og_type":"article","og_title":"Text in Video Online Umwandeln - KI-Videogenerator","og_description":"Verwandle Texte in fesselnde Videos mit dem KI-Videogenerator: Sofortige und m\u00fchelose Erstellung von Videos f\u00fcr jegliche Themen oder Stile, ganz ohne Vorkenntnisse.","og_url":"https:\/\/www.artguru.ai\/blogs-de\/ai-video-generator-from-text\/","og_site_name":"www.artguru.ai\/blogs-de","article_modified_time":"2025-03-04T05:36:38+00:00","og_image":[{"url":"https:\/\/img.mbwpai.com\/www.artguru.ai\/sites\/37\/2025\/02\/12034405\/ai-video-top-banner.png"}],"twitter_card":"summary_large_image","twitter_misc":{"Est. reading time":"3 minutes"},"schema":{"@context":"https:\/\/schema.org","@graph":[{"@type":"WebSite","@id":"https:\/\/www.artguru.ai\/blogs-de\/#website","url":"https:\/\/www.artguru.ai\/blogs-de\/","name":"www.artguru.ai\/blogs-de","description":"Just another www.artguru.ai site","potentialAction":[{"@type":"SearchAction","target":{"@type":"EntryPoint","urlTemplate":"https:\/\/www.artguru.ai\/blogs-de\/?s={search_term_string}"},"query-input":"required name=search_term_string"}],"inLanguage":"en-US"},{"@type":"ImageObject","@id":"https:\/\/www.artguru.ai\/blogs-de\/ai-video-generator-from-text\/#primaryimage","inLanguage":"en-US","url":"https:\/\/img.mbwpai.com\/www.artguru.ai\/sites\/37\/2025\/02\/12034405\/ai-video-top-banner.png","contentUrl":"https:\/\/img.mbwpai.com\/www.artguru.ai\/sites\/37\/2025\/02\/12034405\/ai-video-top-banner.png"},{"@type":"WebPage","@id":"https:\/\/www.artguru.ai\/blogs-de\/ai-video-generator-from-text\/#webpage","url":"https:\/\/www.artguru.ai\/blogs-de\/ai-video-generator-from-text\/","name":"Text in Video Online Umwandeln - KI-Videogenerator","isPartOf":{"@id":"https:\/\/www.artguru.ai\/blogs-de\/#website"},"primaryImageOfPage":{"@id":"https:\/\/www.artguru.ai\/blogs-de\/ai-video-generator-from-text\/#primaryimage"},"datePublished":"2025-02-12T07:19:04+00:00","dateModified":"2025-03-04T05:36:38+00:00","description":"Verwandle Texte in fesselnde Videos mit dem KI-Videogenerator: Sofortige und m\u00fchelose Erstellung von Videos f\u00fcr jegliche Themen oder Stile, ganz ohne Vorkenntnisse.","breadcrumb":{"@id":"https:\/\/www.artguru.ai\/blogs-de\/ai-video-generator-from-text\/#breadcrumb"},"inLanguage":"en-US","potentialAction":[{"@type":"ReadAction","target":["https:\/\/www.artguru.ai\/blogs-de\/ai-video-generator-from-text\/"]}]},{"@type":"BreadcrumbList","@id":"https:\/\/www.artguru.ai\/blogs-de\/ai-video-generator-from-text\/#breadcrumb","itemListElement":[{"@type":"ListItem","position":1,"name":"Blog","item":"https:\/\/www.artguru.ai\/blogs-de\/"},{"@type":"ListItem","position":2,"name":"KI-Videogenerator"}]}]}},"_links":{"self":[{"href":"https:\/\/www.artguru.ai\/blogs-de\/wp-json\/wp\/v2\/pages\/110"}],"collection":[{"href":"https:\/\/www.artguru.ai\/blogs-de\/wp-json\/wp\/v2\/pages"}],"about":[{"href":"https:\/\/www.artguru.ai\/blogs-de\/wp-json\/wp\/v2\/types\/page"}],"author":[{"embeddable":true,"href":"https:\/\/www.artguru.ai\/blogs-de\/wp-json\/wp\/v2\/users\/3"}],"replies":[{"embeddable":true,"href":"https:\/\/www.artguru.ai\/blogs-de\/wp-json\/wp\/v2\/comments?post=110"}],"version-history":[{"count":3,"href":"https:\/\/www.artguru.ai\/blogs-de\/wp-json\/wp\/v2\/pages\/110\/revisions"}],"predecessor-version":[{"id":201,"href":"https:\/\/www.artguru.ai\/blogs-de\/wp-json\/wp\/v2\/pages\/110\/revisions\/201"}],"wp:attachment":[{"href":"https:\/\/www.artguru.ai\/blogs-de\/wp-json\/wp\/v2\/media?parent=110"}],"curies":[{"name":"wp","href":"https:\/\/api.w.org\/{rel}","templated":true}]}}